{"id":1024,"date":"2019-07-18T13:00:39","date_gmt":"2019-07-18T20:00:39","guid":{"rendered":"http:\/\/www.rula.disabilityrightsca.org\/serr\/vi\/?page_id=1024"},"modified":"2021-02-04T14:40:59","modified_gmt":"2021-02-04T22:40:59","slug":"4-28-neu-da-so-thanh-vien-trong-nhom-iep-ngoai-tru-vien-chuc-dai-dien-cho-hoc-khu-dong-y-ve-cac-dich-vu-cua-iep-co-nen-ghi-nhung-dich-vu-do-vao-iep-khong","status":"publish","type":"page","link":"https:\/\/serr.disabilityrightsca.org\/vi\/serr-manual\/chuong-4-thong-tin-ve-quy-trinh-iep\/4-28-neu-da-so-thanh-vien-trong-nhom-iep-ngoai-tru-vien-chuc-dai-dien-cho-hoc-khu-dong-y-ve-cac-dich-vu-cua-iep-co-nen-ghi-nhung-dich-vu-do-vao-iep-khong\/","title":{"rendered":"(4.28) N\u1ebfu \u0111a s\u1ed1 th\u00e0nh vi\u00ean trong nh\u00f3m IEP, ngo\u1ea1i tr\u1eeb vi\u00ean ch\u1ee9c \u0111\u1ea1i di\u1ec7n cho h\u1ecdc khu, \u0111\u1ed3ng \u00fd v\u1ec1 c\u00e1c d\u1ecbch v\u1ee5 c\u1ee7a IEP, c\u00f3 n\u00ean ghi nh\u1eefng d\u1ecbch v\u1ee5 \u0111\u00f3 v\u00e0o IEP kh\u00f4ng?"},"content":{"rendered":"\n<p>B\u1ea5t k\u1ec3 s\u1ed1 l\u01b0\u1ee3ng th\u00e0nh vi\u00ean trong nh\u00f3m \u0111\u1ed3ng \u00fd v\u1edbi c\u00e1c d\u1ecbch v\u1ee5 \u0111\u01b0\u1ee3c \u0111\u1ec1 xu\u1ea5t nh\u01b0 th\u1ebf n\u00e0o, h\u1ecdc khu c\u00f3 tr\u00e1ch nhi\u1ec7m cu\u1ed1i c\u00f9ng l\u00e0 \u0111\u1ea3m b\u1ea3o IEP bao g\u1ed3m c\u00e1c d\u1ecbch v\u1ee5 m\u00e0 h\u1ecdc sinh c\u1ea7n \u0111\u1ec3 nh\u1eadn \u0111\u01b0\u1ee3c ch\u01b0\u01a1ng tr\u00ecnh gi\u00e1o d\u1ee5c ph\u00f9 h\u1ee3p. Vi\u1ec7c \u0111\u01b0a ra quy\u1ebft \u0111\u1ecbnh v\u1ec1 IEP d\u1ef1a v\u00e0o l\u00e1 phi\u1ebfu s\u1ed1 \u0111\u00f4ng l\u00e0 kh\u00f4ng ph\u00f9 h\u1ee3p. Nh\u00f3m n\u00ean c\u1ed1 g\u1eafng \u0111\u1ea1t \u0111\u01b0\u1ee3c quy\u1ebft \u0111\u1ecbnh c\u1ee7a m\u00ecnh b\u1eb1ng s\u1ef1 \u0111\u1ed3ng thu\u1eadn. N\u1ebfu kh\u00f4ng c\u00f3 s\u1ef1 \u0111\u1ed3ng thu\u1eadn, h\u1ecdc khu ph\u1ea3i cung c\u1ea5p cho ph\u1ee5 huynh \u201cth\u00f4ng b\u00e1o tr\u01b0\u1edbc b\u1eb1ng v\u0103n b\u1ea3n\u201d v\u1ec1 c\u00e1c \u0111\u1ec1 xu\u1ea5t ho\u1eb7c t\u1eeb ch\u1ed1i c\u1ee7a h\u1ecd v\u1ec1 ch\u01b0\u01a1ng tr\u00ecnh gi\u00e1o d\u1ee5c h\u1ecdc sinh. Ph\u1ee5 huynh c\u00f3 quy\u1ec1n gi\u1ea3i quy\u1ebft b\u1ea5t k\u1ef3 s\u1ef1 kh\u00f4ng \u0111\u1ed3ng thu\u1eadn n\u00e0o th\u00f4ng qua th\u1ee7 t\u1ee5c ph\u00e1p l\u00fd.<\/p>\n","protected":false},"excerpt":{"rendered":"<p>B\u1ea5t k\u1ec3 s\u1ed1 l\u01b0\u1ee3ng th\u00e0nh vi\u00ean trong nh\u00f3m \u0111\u1ed3ng \u00fd v\u1edbi c\u00e1c d\u1ecbch v\u1ee5 \u0111\u01b0\u1ee3c \u0111\u1ec1 xu\u1ea5t nh\u01b0 th\u1ebf n\u00e0o, h\u1ecdc khu c\u00f3 tr\u00e1ch nhi\u1ec7m&hellip;<\/p>\n","protected":false},"author":1,"featured_media":0,"parent":332,"menu_order":28,"comment_status":"closed","ping_status":"closed","template":"","meta":{"footnotes":""},"class_list":["post-1024","page","type-page","status-publish","hentry"],"_links":{"self":[{"href":"https:\/\/serr.disabilityrightsca.org\/vi\/wp-json\/wp\/v2\/pages\/1024","targetHints":{"allow":["GET"]}}],"collection":[{"href":"https:\/\/serr.disabilityrightsca.org\/vi\/wp-json\/wp\/v2\/pages"}],"about":[{"href":"https:\/\/serr.disabilityrightsca.org\/vi\/wp-json\/wp\/v2\/types\/page"}],"author":[{"embeddable":true,"href":"https:\/\/serr.disabilityrightsca.org\/vi\/wp-json\/wp\/v2\/users\/1"}],"replies":[{"embeddable":true,"href":"https:\/\/serr.disabilityrightsca.org\/vi\/wp-json\/wp\/v2\/comments?post=1024"}],"version-history":[{"count":3,"href":"https:\/\/serr.disabilityrightsca.org\/vi\/wp-json\/wp\/v2\/pages\/1024\/revisions"}],"predecessor-version":[{"id":3852,"href":"https:\/\/serr.disabilityrightsca.org\/vi\/wp-json\/wp\/v2\/pages\/1024\/revisions\/3852"}],"up":[{"embeddable":true,"href":"https:\/\/serr.disabilityrightsca.org\/vi\/wp-json\/wp\/v2\/pages\/332"}],"wp:attachment":[{"href":"https:\/\/serr.disabilityrightsca.org\/vi\/wp-json\/wp\/v2\/media?parent=1024"}],"curies":[{"name":"wp","href":"https:\/\/api.w.org\/{rel}","templated":true}]}}