{"id":1027,"date":"2019-07-18T13:02:58","date_gmt":"2019-07-18T20:02:58","guid":{"rendered":"http:\/\/www.rula.disabilityrightsca.org\/serr\/vi\/?page_id=1027"},"modified":"2021-02-04T14:42:07","modified_gmt":"2021-02-04T22:42:07","slug":"4-29-toi-co-the-lam-gi-neu-giao-vien-cua-con-toi-hoac-nhan-vien-dich-vu-truc-tiep-khac-noi-voi-toi-rang-ho-so-bi-tra-thu-vi-noi-bat-ky-dieu-gi-mau-thuan-voi-vi-tri-quan-tri-vien-tai-cuoc-hop-iep","status":"publish","type":"page","link":"https:\/\/serr.disabilityrightsca.org\/vi\/serr-manual\/chuong-4-thong-tin-ve-quy-trinh-iep\/4-29-toi-co-the-lam-gi-neu-giao-vien-cua-con-toi-hoac-nhan-vien-dich-vu-truc-tiep-khac-noi-voi-toi-rang-ho-so-bi-tra-thu-vi-noi-bat-ky-dieu-gi-mau-thuan-voi-vi-tri-quan-tri-vien-tai-cuoc-hop-iep\/","title":{"rendered":"(4.29) T\u00f4i c\u00f3 th\u1ec3 l\u00e0m g\u00ec n\u1ebfu gi\u00e1o vi\u00ean c\u1ee7a con t\u00f4i (ho\u1eb7c nh\u00e2n vi\u00ean d\u1ecbch v\u1ee5 tr\u1ef1c ti\u1ebfp kh\u00e1c) n\u00f3i v\u1edbi t\u00f4i r\u1eb1ng h\u1ecd s\u1ee3 b\u1ecb tr\u1ea3 th\u00f9 v\u00ec n\u00f3i b\u1ea5t k\u1ef3 \u0111i\u1ec1u g\u00ec m\u00e2u thu\u1eabn v\u1edbi v\u1ecb tr\u00ed qu\u1ea3n tr\u1ecb vi\u00ean t\u1ea1i cu\u1ed9c h\u1ecdp IEP?"},"content":{"rendered":"\n<p>Kh\u00f4ng nh\u00e2n vi\u00ean h\u1ecdc khu n\u00e0o \u0111\u01b0\u1ee3c ph\u00e9p tr\u1ef1c ti\u1ebfp ho\u1eb7c gi\u00e1n ti\u1ebfp s\u1eed d\u1ee5ng ho\u1eb7c c\u1ed1 g\u1eafng s\u1eed d\u1ee5ng th\u1ea9m quy\u1ec1n ho\u1eb7c \u1ea3nh h\u01b0\u1edfng ch\u00ednh th\u1ee9c c\u1ee7a m\u00ecnh \u0111\u1ec3 h\u0103m d\u1ecda, \u0111e d\u1ecda, \u00e9p bu\u1ed9c ho\u1eb7c c\u1ed1 g\u1eafng h\u0103m d\u1ecda, \u0111e d\u1ecda hay \u00e9p bu\u1ed9c b\u1ea5t k\u1ef3 ng\u01b0\u1eddi n\u00e0o, bao g\u1ed3m, nh\u01b0ng kh\u00f4ng gi\u1edbi h\u1ea1n \u1edf, gi\u00e1o vi\u00ean, nh\u00e0 cung c\u1ea5p d\u1ecbch v\u1ee5 li\u00ean quan, ng\u01b0\u1eddi ph\u1ee5 t\u00e1, tr\u1ee3 l\u00fd, nh\u00e0 th\u1ea7u ho\u1eb7c c\u1ea5p d\u01b0\u1edbi v\u1edbi m\u1ee5c \u0111\u00edch can thi\u1ec7p v\u00e0o n\u1ed7 l\u1ef1c c\u1ee7a ng\u01b0\u1eddi \u0111\u00f3 \u0111\u1ec3 h\u1ed7 tr\u1ee3 ph\u1ee5 huynh ho\u1eb7c ng\u01b0\u1eddi gi\u00e1m h\u1ed9 c\u1ee7a h\u1ecdc sinh nh\u1eadn gi\u00e1o d\u1ee5c \u0111\u1eb7c bi\u1ec7t c\u00f3 \u0111\u01b0\u1ee3c c\u00e1c d\u1ecbch v\u1ee5 ho\u1eb7c \u0111i\u1ec1u ch\u1ec9nh cho h\u1ecdc sinh \u0111\u00f3. [Cal. Ed. Code Sec. 56046(a).] N\u1ebfu m\u1ed9t gi\u00e1o vi\u00ean ho\u1eb7c nh\u00e2n vi\u00ean kh\u00e1c c\u1ee7a h\u1ecdc khu tin r\u1eb1ng qu\u1ea3n tr\u1ecb vi\u00ean ho\u1eb7c nh\u00e2n vi\u00ean kh\u00e1c c\u1ee7a h\u1ecdc khu \u0111\u00e3 vi ph\u1ea1m l\u1ec7nh c\u1ea5m n\u00e0y, ng\u01b0\u1eddi \u0111\u00f3 c\u00f3 th\u1ec3 n\u1ed9p \u0111\u01a1n khi\u1ebfu n\u1ea1i l\u00ean S\u1edf Gi\u00e1o D\u1ee5c Ti\u1ec3u Bang (State Department of Education) v\u00e0 y\u00eau c\u1ea7u S\u1edf ti\u1ebfn h\u00e0nh \u0111i\u1ec1u tra. [Cal. Ed. Code Sec. 56046(b).] Xem Ch\u01b0\u01a1ng 6, <em>Th\u00f4ng Tin v\u1ec1 Th\u1ee7 T\u1ee5c Ph\u00e1p L\u00fd\/Tu\u00e2n Th\u1ee7.<\/em><\/p>\n","protected":false},"excerpt":{"rendered":"<p>Kh\u00f4ng nh\u00e2n vi\u00ean h\u1ecdc khu n\u00e0o \u0111\u01b0\u1ee3c ph\u00e9p tr\u1ef1c ti\u1ebfp ho\u1eb7c gi\u00e1n ti\u1ebfp s\u1eed d\u1ee5ng ho\u1eb7c c\u1ed1 g\u1eafng s\u1eed d\u1ee5ng th\u1ea9m quy\u1ec1n ho\u1eb7c \u1ea3nh h\u01b0\u1edfng&hellip;<\/p>\n","protected":false},"author":1,"featured_media":0,"parent":332,"menu_order":29,"comment_status":"closed","ping_status":"closed","template":"","meta":{"footnotes":""},"class_list":["post-1027","page","type-page","status-publish","hentry"],"_links":{"self":[{"href":"https:\/\/serr.disabilityrightsca.org\/vi\/wp-json\/wp\/v2\/pages\/1027","targetHints":{"allow":["GET"]}}],"collection":[{"href":"https:\/\/serr.disabilityrightsca.org\/vi\/wp-json\/wp\/v2\/pages"}],"about":[{"href":"https:\/\/serr.disabilityrightsca.org\/vi\/wp-json\/wp\/v2\/types\/page"}],"author":[{"embeddable":true,"href":"https:\/\/serr.disabilityrightsca.org\/vi\/wp-json\/wp\/v2\/users\/1"}],"replies":[{"embeddable":true,"href":"https:\/\/serr.disabilityrightsca.org\/vi\/wp-json\/wp\/v2\/comments?post=1027"}],"version-history":[{"count":4,"href":"https:\/\/serr.disabilityrightsca.org\/vi\/wp-json\/wp\/v2\/pages\/1027\/revisions"}],"predecessor-version":[{"id":3853,"href":"https:\/\/serr.disabilityrightsca.org\/vi\/wp-json\/wp\/v2\/pages\/1027\/revisions\/3853"}],"up":[{"embeddable":true,"href":"https:\/\/serr.disabilityrightsca.org\/vi\/wp-json\/wp\/v2\/pages\/332"}],"wp:attachment":[{"href":"https:\/\/serr.disabilityrightsca.org\/vi\/wp-json\/wp\/v2\/media?parent=1027"}],"curies":[{"name":"wp","href":"https:\/\/api.w.org\/{rel}","templated":true}]}}