{"id":1031,"date":"2019-07-18T13:05:17","date_gmt":"2019-07-18T20:05:17","guid":{"rendered":"http:\/\/www.rula.disabilityrightsca.org\/serr\/vi\/?page_id=1031"},"modified":"2021-02-04T14:43:48","modified_gmt":"2021-02-04T22:43:48","slug":"4-31-gioi-han-quy-mo-lop-hoc-co-the-duoc-bao-gom-trong-iep-khong","status":"publish","type":"page","link":"https:\/\/serr.disabilityrightsca.org\/vi\/serr-manual\/chuong-4-thong-tin-ve-quy-trinh-iep\/4-31-gioi-han-quy-mo-lop-hoc-co-the-duoc-bao-gom-trong-iep-khong\/","title":{"rendered":"(4.31) Gi\u1edbi h\u1ea1n quy m\u00f4 l\u00f3p h\u1ecdc c\u00f3 th\u1ec3 \u0111\u01b0\u1ee3c bao g\u1ed3m trong IEP kh\u00f4ng?"},"content":{"rendered":"\n<p>C\u00f3. Gi\u00e1o d\u1ee5c \u0111\u1eb7c bi\u1ec7t c\u00f3 ngh\u0129a l\u00e0 \u201ch\u01b0\u1edbng d\u1eabn \u0111\u01b0\u1ee3c thi\u1ebft k\u1ebf \u0111\u1eb7c bi\u1ec7t &#8230; \u0111\u1ec3 \u0111\u00e1p \u1ee9ng nhu c\u1ea7u \u0111\u1eb7c bi\u1ec7t\u201d c\u1ee7a h\u1ecdc sinh khuy\u1ebft t\u1eadt. M\u1ed9t trong nh\u1eefng nhu c\u1ea7u \u0111\u1eb7c bi\u1ec7t \u0111\u00f3 l\u00e0 gi\u1edbi h\u1ea1n v\u1ec1 quy m\u00f4 l\u1edbp h\u1ecdc. H\u1ecdc khu c\u00f3 th\u1ec3 tin r\u1eb1ng quy m\u00f4 l\u1edbp h\u1ecdc kh\u00f4ng ph\u1ea3i l\u00e0 y\u1ebfu t\u1ed1 quan tr\u1ecdng trong m\u1ed9t ch\u01b0\u01a1ng tr\u00ecnh ph\u00f9 h\u1ee3p v\u1edbi h\u1ecdc sinh.<\/p>\n\n\n\n<p>Tuy nhi\u00ean, h\u1ecdc khu kh\u00f4ng \u0111\u01b0\u1ee3c th\u1eb3ng th\u1eebng t\u1eeb ch\u1ed1i th\u00eam quy m\u00f4 l\u1edbp h\u1ecdc v\u00e0o IEP nh\u01b0 m\u1ed9t n\u1ed9i dung c\u1ee7a ch\u00ednh s\u00e1ch. Ch\u00ednh s\u00e1ch nh\u01b0 v\u1eady s\u1ebd kh\u00f4ng cho ph\u00e9p nh\u00f3m IEP ph\u00e1t tri\u1ec3n IEP d\u1ef1a tr\u00ean nhu c\u1ea7u \u0111\u1eb7c bi\u1ec7t c\u1ee7a h\u1ecdc sinh v\u00e0 qu\u00fd v\u1ecb c\u00f3 th\u1ec3 mu\u1ed1n n\u1ed9p \u0111\u01a1n khi\u1ebfu n\u1ea1i tu\u00e2n th\u1ee7 n\u1ebfu h\u1ecdc khu c\u1ee7a qu\u00fd v\u1ecb c\u00f3 ch\u00ednh s\u00e1ch nh\u01b0 v\u1eady. [34 C.F.R. Sec. 300.39; Cal. Ed. Code Sec. 56031.] Xem Ch\u01b0\u01a1ng 6, <em>Th\u00f4ng Tin v\u1ec1 Th\u1ee7 T\u1ee5c Ph\u00e1p L\u00fd\/Tu\u00e2n Th\u1ee7.<\/em><em><\/em><\/p>\n","protected":false},"excerpt":{"rendered":"<p>C\u00f3. Gi\u00e1o d\u1ee5c \u0111\u1eb7c bi\u1ec7t c\u00f3 ngh\u0129a l\u00e0 \u201ch\u01b0\u1edbng d\u1eabn \u0111\u01b0\u1ee3c thi\u1ebft k\u1ebf \u0111\u1eb7c bi\u1ec7t &#8230; \u0111\u1ec3 \u0111\u00e1p \u1ee9ng nhu c\u1ea7u \u0111\u1eb7c bi\u1ec7t\u201d c\u1ee7a h\u1ecdc&hellip;<\/p>\n","protected":false},"author":1,"featured_media":0,"parent":332,"menu_order":31,"comment_status":"closed","ping_status":"closed","template":"","meta":{"footnotes":""},"class_list":["post-1031","page","type-page","status-publish","hentry"],"_links":{"self":[{"href":"https:\/\/serr.disabilityrightsca.org\/vi\/wp-json\/wp\/v2\/pages\/1031","targetHints":{"allow":["GET"]}}],"collection":[{"href":"https:\/\/serr.disabilityrightsca.org\/vi\/wp-json\/wp\/v2\/pages"}],"about":[{"href":"https:\/\/serr.disabilityrightsca.org\/vi\/wp-json\/wp\/v2\/types\/page"}],"author":[{"embeddable":true,"href":"https:\/\/serr.disabilityrightsca.org\/vi\/wp-json\/wp\/v2\/users\/1"}],"replies":[{"embeddable":true,"href":"https:\/\/serr.disabilityrightsca.org\/vi\/wp-json\/wp\/v2\/comments?post=1031"}],"version-history":[{"count":5,"href":"https:\/\/serr.disabilityrightsca.org\/vi\/wp-json\/wp\/v2\/pages\/1031\/revisions"}],"predecessor-version":[{"id":3855,"href":"https:\/\/serr.disabilityrightsca.org\/vi\/wp-json\/wp\/v2\/pages\/1031\/revisions\/3855"}],"up":[{"embeddable":true,"href":"https:\/\/serr.disabilityrightsca.org\/vi\/wp-json\/wp\/v2\/pages\/332"}],"wp:attachment":[{"href":"https:\/\/serr.disabilityrightsca.org\/vi\/wp-json\/wp\/v2\/media?parent=1031"}],"curies":[{"name":"wp","href":"https:\/\/api.w.org\/{rel}","templated":true}]}}