{"id":1043,"date":"2019-07-18T13:13:11","date_gmt":"2019-07-18T20:13:11","guid":{"rendered":"http:\/\/www.rula.disabilityrightsca.org\/serr\/vi\/?page_id=1043"},"modified":"2021-02-04T14:48:59","modified_gmt":"2021-02-04T22:48:59","slug":"4-37-toi-co-the-chi-chap-thuan-mot-phan-iep-khong","status":"publish","type":"page","link":"https:\/\/serr.disabilityrightsca.org\/vi\/serr-manual\/chuong-4-thong-tin-ve-quy-trinh-iep\/4-37-toi-co-the-chi-chap-thuan-mot-phan-iep-khong\/","title":{"rendered":"(4.37) T\u00f4i c\u00f3 th\u1ec3 ch\u1ec9 ch\u1ea5p thu\u1eadn m\u1ed9t ph\u1ea7n IEP kh\u00f4ng?"},"content":{"rendered":"\n<p>C\u00f3. Qu\u00fd v\u1ecb c\u00f3 th\u1ec3 ch\u1ea5p thu\u1eadn c\u00e1c \u0111\u1ec1 xu\u1ea5t trong IEP m\u00e0 qu\u00fd v\u1ecb \u0111\u1ed3ng \u00fd \u0111\u1ec3 c\u00e1c d\u1ecbch v\u1ee5 ho\u1eb7c vi\u1ec7c x\u1ebfp l\u1edbp \u0111\u00f3 c\u00f3 th\u1ec3 \u0111\u01b0\u1ee3c tri\u1ec3n khai s\u1edbm nh\u1ea5t c\u00f3 th\u1ec3. N\u1ebfu qu\u00fd v\u1ecb kh\u00f4ng \u0111\u1ed3ng \u00fd v\u1edbi m\u1ed9t s\u1ed1 n\u1ed9i dung c\u1ee5 th\u1ec3 trong IEP, nh\u1eefng n\u1ed9i dung \u0111\u00f3 s\u1ebd kh\u00f4ng \u0111\u01b0\u1ee3c th\u1ef1c hi\u1ec7n v\u00e0 c\u00f3 th\u1ec3 tr\u1edf th\u00e0nh v\u1ea5n \u0111\u1ec1 c\u1ea7n gi\u1ea3i quy\u1ebft trong th\u1ee7 t\u1ee5c t\u1ed1 t\u1ee5ng ph\u00e1p l\u00fd. Qu\u00fd v\u1ecb c\u00f3 th\u1ec3 \u0111\u00ednh k\u00e8m b\u1ea3n kh\u00f4ng \u0111\u1ed3ng \u00fd v\u00e0o t\u00e0i li\u1ec7u IEP \u0111\u1ec3 th\u1ec3 hi\u1ec7n r\u00f5 r\u00e0ng quan \u0111i\u1ec3m c\u1ee7a qu\u00fd v\u1ecb. [Cal. Ed. Code Sec. 56346.]<\/p>\n\n\n\n<p>N\u1ebfu h\u1ecdc khu x\u00e1c \u0111\u1ecbnh r\u1eb1ng c\u00e1c khuy\u1ebfn ngh\u1ecb c\u1ee7a b\u1ea3n IEP \u0111\u1ec1 xu\u1ea5t m\u00e0 qu\u00fd v\u1ecb kh\u00f4ng \u0111\u1ed3ng \u00fd l\u00e0 c\u1ea7n thi\u1ebft \u0111\u1ec3 cung c\u1ea5p FAPE, th\u00ec h\u1ecdc khu ph\u1ea3i ti\u1ebfn h\u00e0nh th\u1ee7 t\u1ee5c t\u1ed1 t\u1ee5ng ph\u00e1p l\u00fd. Trong khi ch\u1edd x\u1eed l\u00fd th\u1ee7 t\u1ee5c ph\u00e1p l\u00fd, con qu\u00fd v\u1ecb v\u1eabn \u1edf l\u1edbp h\u1ecdc hi\u1ec7n t\u1ea1i, tr\u1eeb khi qu\u00fd v\u1ecb v\u00e0 h\u1ecdc khu \u0111\u1ed3ng \u00fd s\u1eafp x\u1ebfp kh\u00e1c. [Cal. Ed. Code Sec. 56346(f).] Xem Ch\u01b0\u01a1ng 6, <em>Th\u00f4ng Tin v\u1ec1 Th\u1ee7 T\u1ee5c Ph\u00e1p L\u00fd\/Tu\u00e2n Th\u1ee7.<\/em><\/p>\n","protected":false},"excerpt":{"rendered":"<p>C\u00f3. Qu\u00fd v\u1ecb c\u00f3 th\u1ec3 ch\u1ea5p thu\u1eadn c\u00e1c \u0111\u1ec1 xu\u1ea5t trong IEP m\u00e0 qu\u00fd v\u1ecb \u0111\u1ed3ng \u00fd \u0111\u1ec3 c\u00e1c d\u1ecbch v\u1ee5 ho\u1eb7c vi\u1ec7c x\u1ebfp l\u1edbp&hellip;<\/p>\n","protected":false},"author":1,"featured_media":0,"parent":332,"menu_order":37,"comment_status":"closed","ping_status":"closed","template":"","meta":{"footnotes":""},"class_list":["post-1043","page","type-page","status-publish","hentry"],"_links":{"self":[{"href":"https:\/\/serr.disabilityrightsca.org\/vi\/wp-json\/wp\/v2\/pages\/1043","targetHints":{"allow":["GET"]}}],"collection":[{"href":"https:\/\/serr.disabilityrightsca.org\/vi\/wp-json\/wp\/v2\/pages"}],"about":[{"href":"https:\/\/serr.disabilityrightsca.org\/vi\/wp-json\/wp\/v2\/types\/page"}],"author":[{"embeddable":true,"href":"https:\/\/serr.disabilityrightsca.org\/vi\/wp-json\/wp\/v2\/users\/1"}],"replies":[{"embeddable":true,"href":"https:\/\/serr.disabilityrightsca.org\/vi\/wp-json\/wp\/v2\/comments?post=1043"}],"version-history":[{"count":4,"href":"https:\/\/serr.disabilityrightsca.org\/vi\/wp-json\/wp\/v2\/pages\/1043\/revisions"}],"predecessor-version":[{"id":3861,"href":"https:\/\/serr.disabilityrightsca.org\/vi\/wp-json\/wp\/v2\/pages\/1043\/revisions\/3861"}],"up":[{"embeddable":true,"href":"https:\/\/serr.disabilityrightsca.org\/vi\/wp-json\/wp\/v2\/pages\/332"}],"wp:attachment":[{"href":"https:\/\/serr.disabilityrightsca.org\/vi\/wp-json\/wp\/v2\/media?parent=1043"}],"curies":[{"name":"wp","href":"https:\/\/api.w.org\/{rel}","templated":true}]}}