{"id":1047,"date":"2019-07-18T13:14:53","date_gmt":"2019-07-18T20:14:53","guid":{"rendered":"http:\/\/www.rula.disabilityrightsca.org\/serr\/vi\/?page_id=1047"},"modified":"2021-02-04T14:50:44","modified_gmt":"2021-02-04T22:50:44","slug":"4-39-toi-co-the-doi-y-sau-khi-ky-ban-iep-khong","status":"publish","type":"page","link":"https:\/\/serr.disabilityrightsca.org\/vi\/serr-manual\/chuong-4-thong-tin-ve-quy-trinh-iep\/4-39-toi-co-the-doi-y-sau-khi-ky-ban-iep-khong\/","title":{"rendered":"(4.39) T\u00f4i c\u00f3 th\u1ec3 \u0111\u1ed5i \u00fd sau khi k\u00fd b\u1ea3n IEP kh\u00f4ng?"},"content":{"rendered":"\n<p>C\u00f3. N\u1ebfu qu\u00fd v\u1ecb \u0111\u1ed5i \u00fd, qu\u00fd v\u1ecb c\u00f3 th\u1ec3 r\u00fat l\u1ea1i s\u1ef1 ch\u1ea5p thu\u1eadn c\u1ee7a m\u00ecnh b\u1ea5t c\u1ee9 l\u00fac n\u00e0o. Tuy nhi\u00ean, vi\u1ec7c r\u00fat l\u1ea1i s\u1ef1 ch\u1ea5p thu\u1eadn kh\u00f4ng c\u00f3 hi\u1ec7u l\u1ef1c tr\u1edf v\u1ec1 tr\u01b0\u1edbc. Vi\u1ec7c n\u00e0y kh\u00f4ng th\u1ef1c hi\u1ec7n l\u1ea1i m\u1ed9t h\u00e0nh \u0111\u1ed9ng \u0111\u00e3 x\u1ea3y ra sau khi qu\u00fd v\u1ecb ch\u1ea5p thu\u1eadn v\u00e0 tr\u01b0\u1edbc khi r\u00fat l\u1ea1i s\u1ef1 ch\u1ea5p thu\u1eadn. [34 C.F.R. Sec. 300.9; Cal. Ed. Code Sec. 56021,1(c).]<\/p>\n\n\n\n<p>Th\u00f4ng th\u01b0\u1eddng, c\u00e1ch t\u1ed1t nh\u1ea5t l\u00e0 kh\u00f4ng k\u00fd v\u00e0o IEP cho \u0111\u1ebfn khi qu\u00fd v\u1ecb ch\u1eafc ch\u1eafn v\u1ec1 n\u1ed9i dung c\u1ee7a t\u00e0i li\u1ec7u. Qu\u00fd v\u1ecb n\u00ean mang m\u1ed9t b\u1ea3n sao IEP v\u1ec1 nh\u00e0 \u0111\u1ec3 suy ngh\u0129 trong m\u1ed9t ho\u1eb7c hai ng\u00e0y n\u1ebfu qu\u00fd v\u1ecb kh\u00f4ng ch\u1eafc r\u1eb1ng qu\u00fd v\u1ecb n\u00ean k\u00fd t\u1ea1i cu\u1ed9c h\u1ecdp IEP.<\/p>\n","protected":false},"excerpt":{"rendered":"<p>C\u00f3. N\u1ebfu qu\u00fd v\u1ecb \u0111\u1ed5i \u00fd, qu\u00fd v\u1ecb c\u00f3 th\u1ec3 r\u00fat l\u1ea1i s\u1ef1 ch\u1ea5p thu\u1eadn c\u1ee7a m\u00ecnh b\u1ea5t c\u1ee9 l\u00fac n\u00e0o. Tuy nhi\u00ean, vi\u1ec7c r\u00fat&hellip;<\/p>\n","protected":false},"author":1,"featured_media":0,"parent":332,"menu_order":39,"comment_status":"closed","ping_status":"closed","template":"","meta":{"footnotes":""},"class_list":["post-1047","page","type-page","status-publish","hentry"],"_links":{"self":[{"href":"https:\/\/serr.disabilityrightsca.org\/vi\/wp-json\/wp\/v2\/pages\/1047","targetHints":{"allow":["GET"]}}],"collection":[{"href":"https:\/\/serr.disabilityrightsca.org\/vi\/wp-json\/wp\/v2\/pages"}],"about":[{"href":"https:\/\/serr.disabilityrightsca.org\/vi\/wp-json\/wp\/v2\/types\/page"}],"author":[{"embeddable":true,"href":"https:\/\/serr.disabilityrightsca.org\/vi\/wp-json\/wp\/v2\/users\/1"}],"replies":[{"embeddable":true,"href":"https:\/\/serr.disabilityrightsca.org\/vi\/wp-json\/wp\/v2\/comments?post=1047"}],"version-history":[{"count":4,"href":"https:\/\/serr.disabilityrightsca.org\/vi\/wp-json\/wp\/v2\/pages\/1047\/revisions"}],"predecessor-version":[{"id":3863,"href":"https:\/\/serr.disabilityrightsca.org\/vi\/wp-json\/wp\/v2\/pages\/1047\/revisions\/3863"}],"up":[{"embeddable":true,"href":"https:\/\/serr.disabilityrightsca.org\/vi\/wp-json\/wp\/v2\/pages\/332"}],"wp:attachment":[{"href":"https:\/\/serr.disabilityrightsca.org\/vi\/wp-json\/wp\/v2\/media?parent=1047"}],"curies":[{"name":"wp","href":"https:\/\/api.w.org\/{rel}","templated":true}]}}