{"id":1054,"date":"2019-07-18T13:23:45","date_gmt":"2019-07-18T20:23:45","guid":{"rendered":"http:\/\/www.rula.disabilityrightsca.org\/serr\/vi\/?page_id=1054"},"modified":"2021-02-04T14:53:48","modified_gmt":"2021-02-04T22:53:48","slug":"4-42-phu-huynh-co-vai-tro-gi-trong-viec-xac-dinh-viec-sap-xep-giao-duc-cho-con","status":"publish","type":"page","link":"https:\/\/serr.disabilityrightsca.org\/vi\/serr-manual\/chuong-4-thong-tin-ve-quy-trinh-iep\/4-42-phu-huynh-co-vai-tro-gi-trong-viec-xac-dinh-viec-sap-xep-giao-duc-cho-con\/","title":{"rendered":"(4.42) Ph\u1ee5 huynh c\u00f3 vai tr\u00f2 g\u00ec trong vi\u1ec7c x\u00e1c \u0111\u1ecbnh vi\u1ec7c s\u1eafp x\u1ebfp gi\u00e1o d\u1ee5c cho con?"},"content":{"rendered":"\n<p>Lu\u1eadt li\u00ean bang y\u00eau c\u1ea7u h\u1ecdc khu ph\u1ea3i \u0111\u1ea3m b\u1ea3o ph\u1ee5 huynh c\u1ee7a h\u1ecdc sinh khuy\u1ebft t\u1eadt \u0111\u01b0\u1ee3c l\u00e0 th\u00e0nh vi\u00ean c\u1ee7a b\u1ea5t k\u1ef3 nh\u00f3m n\u00e0o \u0111\u01b0a ra quy\u1ebft \u0111\u1ecbnh v\u1ec1 vi\u1ec7c s\u1eafp x\u1ebfp gi\u00e1o d\u1ee5c c\u1ee7a con h\u1ecd. [34 C.F.R. Sec. 300.327.] \u0110i\u1ec1u n\u00e0y bao g\u1ed3m c\u00e1c quy\u1ebft \u0111\u1ecbnh v\u1ec1 c\u1ea3 hai lo\u1ea1i x\u1ebfp l\u1edbp th\u00f4ng th\u01b0\u1eddng (gi\u00e1o d\u1ee5c ph\u1ed5 th\u00f4ng, ch\u01b0\u01a1ng tr\u00ecnh chuy\u00ean gia ngu\u1ed3n l\u1ef1c, l\u1edbp h\u1ecdc ng\u00e0y \u0111\u1eb7c bi\u1ec7t, tr\u01b0\u1eddng ngo\u00e0i c\u00f4ng l\u1eadp, v.v.) V\u00c0 b\u1ed1 tr\u00ed \u0111\u1ecba \u0111i\u1ec3m tr\u01b0\u1eddng h\u1ecdc. Qu\u00fd v\u1ecb c\u00f3 th\u1ec3 tham d\u1ef1 b\u1ea5t k\u1ef3 cu\u1ed9c h\u1ecdp n\u00e0o khi c\u00f3 th\u1ea3o lu\u1eadn v\u1ec1 x\u1ebfp l\u1edbp. Qu\u00fd v\u1ecb c\u0169ng c\u00f3 quy\u1ec1n c\u00f3 \u0111\u01b0\u1ee3c c\u00e0ng nhi\u1ec1u th\u00f4ng tin c\u1ee5 th\u1ec3 c\u00e0ng t\u1ed1t v\u1ec1 vi\u1ec7c x\u1ebfp l\u1edbp \u0111\u01b0\u1ee3c \u0111\u1ec1 xu\u1ea5t trong cu\u1ed9c h\u1ecdp IEP v\u00e0 \u0111\u1ebfn th\u0103m\/quan s\u00e1t v\u1ecb tr\u00ed x\u1ebfp l\u1edbp \u0111\u01b0\u1ee3c \u0111\u1ec1 xu\u1ea5t n\u1ebfu c\u00f3 th\u1ec3.<\/p>\n\n\n\n<p>M\u1ed9t s\u1ed1 h\u1ecdc khu cho qu\u00fd v\u1ecb bi\u1ebft \u0111\u1ecba \u0111i\u1ec3m tr\u01b0\u1eddng h\u1ecdc v\u00e0\/ho\u1eb7c l\u1edbp h\u1ecdc c\u1ee5 th\u1ec3 m\u00e0 h\u1ecd \u0111ang \u0111\u1ec1 xu\u1ea5t v\u00e0 m\u00f4 t\u1ea3 c\u00e1c khu v\u1ef1c \u0111\u00f3. C\u00e1c h\u1ecdc khu kh\u00e1c l\u1ea1i \u0111\u1ec1 xu\u1ea5t c\u00e1c danh m\u1ee5c x\u1ebfp l\u1edbp chung t\u1ea1i cu\u1ed9c h\u1ecdp IEP (v\u00ed d\u1ee5: chuy\u00ean gia ngu\u1ed3n l\u1ef1c, l\u1edbp h\u1ecdc ban ng\u00e0y \u0111\u1eb7c bi\u1ec7t) v\u00e0 c\u1ea3 c\u00e1c b\u1ed1 tr\u00ed c\u1ee5 th\u1ec3 trong l\u1edbp h\u1ecdc sau cu\u1ed9c h\u1ecdp. Trong c\u1ea3 hai tr\u01b0\u1eddng h\u1ee3p, qu\u00fd v\u1ecb n\u00ean nh\u1eafc nh\u00f3m IEP v\u1ec1 quy\u1ec1n qu\u00fd v\u1ecb \u0111\u01b0\u1ee3c tham gia b\u1ea5t k\u1ef3 cu\u1ed9c h\u1ecdp n\u00e0o, n\u01a1i x\u00e1c \u0111\u1ecbnh vi\u1ec7c s\u1eafp x\u1ebfp gi\u00e1o d\u1ee5c cho con qu\u00fd v\u1ecb. [20 U.S.C. Sec. 1414(e), 34 C.F.R. Secs. 300.327 &amp; 300.501(c); Cal. Ed. Code Secs. 56304 &amp; 56342.5.]<\/p>\n","protected":false},"excerpt":{"rendered":"<p>Lu\u1eadt li\u00ean bang y\u00eau c\u1ea7u h\u1ecdc khu ph\u1ea3i \u0111\u1ea3m b\u1ea3o ph\u1ee5 huynh c\u1ee7a h\u1ecdc sinh khuy\u1ebft t\u1eadt \u0111\u01b0\u1ee3c l\u00e0 th\u00e0nh vi\u00ean c\u1ee7a b\u1ea5t k\u1ef3 nh\u00f3m&hellip;<\/p>\n","protected":false},"author":1,"featured_media":0,"parent":332,"menu_order":42,"comment_status":"closed","ping_status":"closed","template":"","meta":{"footnotes":""},"class_list":["post-1054","page","type-page","status-publish","hentry"],"_links":{"self":[{"href":"https:\/\/serr.disabilityrightsca.org\/vi\/wp-json\/wp\/v2\/pages\/1054","targetHints":{"allow":["GET"]}}],"collection":[{"href":"https:\/\/serr.disabilityrightsca.org\/vi\/wp-json\/wp\/v2\/pages"}],"about":[{"href":"https:\/\/serr.disabilityrightsca.org\/vi\/wp-json\/wp\/v2\/types\/page"}],"author":[{"embeddable":true,"href":"https:\/\/serr.disabilityrightsca.org\/vi\/wp-json\/wp\/v2\/users\/1"}],"replies":[{"embeddable":true,"href":"https:\/\/serr.disabilityrightsca.org\/vi\/wp-json\/wp\/v2\/comments?post=1054"}],"version-history":[{"count":6,"href":"https:\/\/serr.disabilityrightsca.org\/vi\/wp-json\/wp\/v2\/pages\/1054\/revisions"}],"predecessor-version":[{"id":3868,"href":"https:\/\/serr.disabilityrightsca.org\/vi\/wp-json\/wp\/v2\/pages\/1054\/revisions\/3868"}],"up":[{"embeddable":true,"href":"https:\/\/serr.disabilityrightsca.org\/vi\/wp-json\/wp\/v2\/pages\/332"}],"wp:attachment":[{"href":"https:\/\/serr.disabilityrightsca.org\/vi\/wp-json\/wp\/v2\/media?parent=1054"}],"curies":[{"name":"wp","href":"https:\/\/api.w.org\/{rel}","templated":true}]}}