{"id":1061,"date":"2019-07-18T13:26:14","date_gmt":"2019-07-18T20:26:14","guid":{"rendered":"http:\/\/www.rula.disabilityrightsca.org\/serr\/vi\/?page_id=1061"},"modified":"2021-02-04T15:53:40","modified_gmt":"2021-02-04T23:53:40","slug":"4-45-khi-nao-phai-thuc-hien-iep","status":"publish","type":"page","link":"https:\/\/serr.disabilityrightsca.org\/vi\/serr-manual\/chuong-4-thong-tin-ve-quy-trinh-iep\/4-45-khi-nao-phai-thuc-hien-iep\/","title":{"rendered":"(4.45) Khi n\u00e0o ph\u1ea3i th\u1ef1c hi\u1ec7n IEP?"},"content":{"rendered":"\n<p>IEP ph\u1ea3i \u0111\u01b0\u1ee3c th\u1ef1c hi\u1ec7n \u201cs\u1edbm nh\u1ea5t c\u00f3 th\u1ec3\u201d sau cu\u1ed9c h\u1ecdp IEP. Kh\u00f4ng n\u00ean c\u00f3 s\u1ef1 ch\u1eadm tr\u1ec5 qu\u00e1 m\u1ee9c trong vi\u1ec7c cung c\u1ea5p gi\u00e1o d\u1ee5c \u0111\u1eb7c bi\u1ec7t v\u00e0 c\u00e1c d\u1ecbch v\u1ee5 li\u00ean quan, v\u00e0 IEP ph\u1ea3i x\u00e1c \u0111\u1ecbnh ng\u00e0y d\u1ef1 ki\u1ebfn\u200bb\u1eaft \u0111\u1ea7u tri\u1ec3n khai d\u1ecbch v\u1ee5. [34 C.F.R. Secs. 300.320(a)(7) &amp; 300.323; Cal. Ed. Code Sec. 56344(b).] Lu\u1eadt ph\u00e1p y\u00eau c\u1ea7u IEP c\u00f3 hi\u1ec7u l\u1ef1c \u0111\u1ed1i v\u1edbi m\u1ed7i h\u1ecdc sinh t\u1eeb \u0111\u1ea7u n\u0103m h\u1ecdc. [20 U.S.C. Sec. 1414(d)(2); 34 C.F.R. Sec. 300.323(a); Cal. Ed. Code Sec. 56344(c).]<\/p>\n","protected":false},"excerpt":{"rendered":"<p>IEP ph\u1ea3i \u0111\u01b0\u1ee3c th\u1ef1c hi\u1ec7n \u201cs\u1edbm nh\u1ea5t c\u00f3 th\u1ec3\u201d sau cu\u1ed9c h\u1ecdp IEP. Kh\u00f4ng n\u00ean c\u00f3 s\u1ef1 ch\u1eadm tr\u1ec5 qu\u00e1 m\u1ee9c trong vi\u1ec7c cung c\u1ea5p&hellip;<\/p>\n","protected":false},"author":1,"featured_media":0,"parent":332,"menu_order":45,"comment_status":"closed","ping_status":"closed","template":"","meta":{"footnotes":""},"class_list":["post-1061","page","type-page","status-publish","hentry"],"_links":{"self":[{"href":"https:\/\/serr.disabilityrightsca.org\/vi\/wp-json\/wp\/v2\/pages\/1061","targetHints":{"allow":["GET"]}}],"collection":[{"href":"https:\/\/serr.disabilityrightsca.org\/vi\/wp-json\/wp\/v2\/pages"}],"about":[{"href":"https:\/\/serr.disabilityrightsca.org\/vi\/wp-json\/wp\/v2\/types\/page"}],"author":[{"embeddable":true,"href":"https:\/\/serr.disabilityrightsca.org\/vi\/wp-json\/wp\/v2\/users\/1"}],"replies":[{"embeddable":true,"href":"https:\/\/serr.disabilityrightsca.org\/vi\/wp-json\/wp\/v2\/comments?post=1061"}],"version-history":[{"count":4,"href":"https:\/\/serr.disabilityrightsca.org\/vi\/wp-json\/wp\/v2\/pages\/1061\/revisions"}],"predecessor-version":[{"id":3872,"href":"https:\/\/serr.disabilityrightsca.org\/vi\/wp-json\/wp\/v2\/pages\/1061\/revisions\/3872"}],"up":[{"embeddable":true,"href":"https:\/\/serr.disabilityrightsca.org\/vi\/wp-json\/wp\/v2\/pages\/332"}],"wp:attachment":[{"href":"https:\/\/serr.disabilityrightsca.org\/vi\/wp-json\/wp\/v2\/media?parent=1061"}],"curies":[{"name":"wp","href":"https:\/\/api.w.org\/{rel}","templated":true}]}}