{"id":1072,"date":"2019-07-18T13:33:05","date_gmt":"2019-07-18T20:33:05","guid":{"rendered":"http:\/\/www.rula.disabilityrightsca.org\/serr\/vi\/?page_id=1072"},"modified":"2021-02-04T16:07:19","modified_gmt":"2021-02-05T00:07:19","slug":"4-50-khi-xem-xet-cac-phuong-an-xep-lop-tre-nen-phu-hop-voi-su-sap-xep-chuong-trinh-hay-chuong-trinh-phai-phu-hop-voi-tre","status":"publish","type":"page","link":"https:\/\/serr.disabilityrightsca.org\/vi\/serr-manual\/chuong-4-thong-tin-ve-quy-trinh-iep\/4-50-khi-xem-xet-cac-phuong-an-xep-lop-tre-nen-phu-hop-voi-su-sap-xep-chuong-trinh-hay-chuong-trinh-phai-phu-hop-voi-tre\/","title":{"rendered":"(4.50) Khi xem x\u00e9t c\u00e1c ph\u01b0\u01a1ng \u00e1n x\u1ebfp l\u1edbp, tr\u1ebb n\u00ean ph\u00f9 h\u1ee3p v\u1edbi s\u1ef1 s\u1eafp x\u1ebfp ch\u01b0\u01a1ng tr\u00ecnh hay ch\u01b0\u01a1ng tr\u00ecnh ph\u1ea3i ph\u00f9 h\u1ee3p v\u1edbi tr\u1ebb?"},"content":{"rendered":"\n<p>Vi\u1ec7c s\u1eafp x\u1ebfp ch\u01b0\u01a1ng tr\u00ecnh ph\u1ea3i \u0111\u01b0\u1ee3c x\u00e1c \u0111\u1ecbnh d\u1ef1a tr\u00ean nhu c\u1ea7u c\u1ee7a tr\u1ebb nh\u01b0 \u0111\u01b0\u1ee3c m\u00f4 t\u1ea3 trong IEP. [34 C.F.R. Secs. 300.39, 300.116(b)(2) &amp; 300.320(a)(4).] M\u1ee5c \u0111\u00edch c\u1ee7a lu\u1eadt l\u00e0 ch\u01b0\u01a1ng tr\u00ecnh ph\u1ea3i d\u1ef1a tr\u00ean nhu c\u1ea7u \u0111\u1eb7c bi\u1ec7t c\u1ee7a tr\u1ebb, ch\u1ee9 kh\u00f4ng ph\u1ea3i d\u1ef1a tr\u00ean c\u00e1c ch\u01b0\u01a1ng tr\u00ecnh c\u00f3 s\u1eb5n t\u1ea1i h\u1ecdc khu. N\u1ebfu kh\u00f4ng c\u00f3 ch\u01b0\u01a1ng tr\u00ecnh \u0111\u00e1p \u1ee9ng nhu c\u1ea7u \u0111\u1eb7c bi\u1ec7t c\u1ee7a con qu\u00fd v\u1ecb, h\u1ecdc khu ph\u1ea3i \u0111\u1ea3m b\u1ea3o c\u00f3 \u0111\u01b0\u1ee3c m\u1ed9t ch\u01b0\u01a1ng tr\u00ecnh (v\u00ed d\u1ee5: s\u1eeda \u0111\u1ed5i ch\u01b0\u01a1ng tr\u00ecnh hi\u1ec7n c\u00f3, chuy\u1ec3n giao li\u00ean h\u1ecdc khu ho\u1eb7c chi tr\u1ea3 cho vi\u1ec7c s\u1eafp x\u1ebfp \u1edf tr\u01b0\u1eddng ngo\u00e0i c\u00f4ng l\u1eadp n\u1ebfu ph\u00f9 h\u1ee3p).<\/p>\n","protected":false},"excerpt":{"rendered":"<p>Vi\u1ec7c s\u1eafp x\u1ebfp ch\u01b0\u01a1ng tr\u00ecnh ph\u1ea3i \u0111\u01b0\u1ee3c x\u00e1c \u0111\u1ecbnh d\u1ef1a tr\u00ean nhu c\u1ea7u c\u1ee7a tr\u1ebb nh\u01b0 \u0111\u01b0\u1ee3c m\u00f4 t\u1ea3 trong IEP. [34 C.F.R. Secs. 300.39,&hellip;<\/p>\n","protected":false},"author":1,"featured_media":0,"parent":332,"menu_order":50,"comment_status":"closed","ping_status":"closed","template":"","meta":{"footnotes":""},"class_list":["post-1072","page","type-page","status-publish","hentry"],"_links":{"self":[{"href":"https:\/\/serr.disabilityrightsca.org\/vi\/wp-json\/wp\/v2\/pages\/1072","targetHints":{"allow":["GET"]}}],"collection":[{"href":"https:\/\/serr.disabilityrightsca.org\/vi\/wp-json\/wp\/v2\/pages"}],"about":[{"href":"https:\/\/serr.disabilityrightsca.org\/vi\/wp-json\/wp\/v2\/types\/page"}],"author":[{"embeddable":true,"href":"https:\/\/serr.disabilityrightsca.org\/vi\/wp-json\/wp\/v2\/users\/1"}],"replies":[{"embeddable":true,"href":"https:\/\/serr.disabilityrightsca.org\/vi\/wp-json\/wp\/v2\/comments?post=1072"}],"version-history":[{"count":4,"href":"https:\/\/serr.disabilityrightsca.org\/vi\/wp-json\/wp\/v2\/pages\/1072\/revisions"}],"predecessor-version":[{"id":3880,"href":"https:\/\/serr.disabilityrightsca.org\/vi\/wp-json\/wp\/v2\/pages\/1072\/revisions\/3880"}],"up":[{"embeddable":true,"href":"https:\/\/serr.disabilityrightsca.org\/vi\/wp-json\/wp\/v2\/pages\/332"}],"wp:attachment":[{"href":"https:\/\/serr.disabilityrightsca.org\/vi\/wp-json\/wp\/v2\/media?parent=1072"}],"curies":[{"name":"wp","href":"https:\/\/api.w.org\/{rel}","templated":true}]}}