{"id":1197,"date":"2019-07-26T14:50:50","date_gmt":"2019-07-26T21:50:50","guid":{"rendered":"http:\/\/www.rula.disabilityrightsca.org\/serr\/vi\/?page_id=1197"},"modified":"2021-02-08T10:08:29","modified_gmt":"2021-02-08T18:08:29","slug":"10-3-dich-vu-chuyen-tiep-nao-duoc-bao-gom-trong-luat-giao-duc-dac-biet-california","status":"publish","type":"page","link":"https:\/\/serr.disabilityrightsca.org\/vi\/serr-manual\/chuong-10-thong-tin-ve-dich-vu-chuyen-tiep-bao-gom-giao-duc-nghe-nghiep\/10-3-dich-vu-chuyen-tiep-nao-duoc-bao-gom-trong-luat-giao-duc-dac-biet-california\/","title":{"rendered":"(10.3) D\u1ecbch v\u1ee5 chuy\u1ec3n ti\u1ebfp n\u00e0o \u0111\u01b0\u1ee3c bao g\u1ed3m trong lu\u1eadt gi\u00e1o d\u1ee5c \u0111\u1eb7c bi\u1ec7t California?"},"content":{"rendered":"\n<p>Lu\u1eadt ph\u00e1p California kh\u00e1 tham v\u1ecdng v\u00e0 c\u1ee5 th\u1ec3 trong m\u00f4 t\u1ea3 v\u1ec1 c\u00e1c d\u1ecbch v\u1ee5 chuy\u1ec3n ti\u1ebfp v\u00e0 tr\u00e1ch nhi\u1ec7m c\u1ee7a c\u00e1c c\u01a1 quan gi\u00e1o d\u1ee5c ti\u1ec3u bang v\u00e0 \u0111\u1ecba ph\u01b0\u01a1ng cung c\u1ea5p c\u00e1c d\u1ecbch v\u1ee5 n\u00e0y.<\/p>\n\n\n\n<p>C\u01a1 Quan L\u1eadp Ph\u00e1p California \u0111\u00e3 ph\u00e1t hi\u1ec7n v\u00e0 tuy\u00ean b\u1ed1 r\u1eb1ng nh\u1eefng c\u1ea3i ti\u1ebfn trong gi\u00e1o d\u1ee5c \u0111\u1eb7c bi\u1ec7t \u0111\u00e3 kh\u00f4ng gi\u00fap h\u1ecdc sinh c\u00f3 vi\u1ec7c l\u00e0m \u0111\u01b0\u1ee3c tr\u1ea3 l\u01b0\u01a1ng hay gi\u00fap h\u1ecdc sinh nh\u1eadn gi\u00e1o d\u1ee5c \u0111\u1eb7c bi\u1ec7t h\u00f2a nh\u1eadp t\u1ed1i \u0111a v\u00e0o c\u1ed9ng \u0111\u1ed3ng. C\u01a1 Quan L\u1eadp Ph\u00e1p tuy\u00ean b\u1ed1 r\u1eb1ng kh\u00f4ng c\u00f3 quy tr\u00ecnh ch\u00ednh th\u1ee9c n\u00e0o thu h\u1eb9p kho\u1ea3ng c\u00e1ch gi\u1eefa c\u00e1c d\u1ecbch v\u1ee5 v\u00e0 t\u00e0i nguy\u00ean trong tr\u01b0\u1eddng v\u00e0 sau khi ra tr\u01b0\u1eddng.&nbsp; C\u01a1 quan \u0111\u00f3 c\u0169ng tuy\u00ean b\u1ed1 r\u1eb1ng kh\u00f4ng c\u00f3 s\u1ef1 ph\u1ed1i h\u1ee3p \u0111\u1ea7y \u0111\u1ee7 gi\u1eefa c\u00e1c nh\u00e0 gi\u00e1o d\u1ee5c, nh\u00e0 cung c\u1ea5p d\u1ecbch v\u1ee5 d\u00e0nh cho ng\u01b0\u1eddi tr\u01b0\u1edfng th\u00e0nh, ng\u01b0\u1eddi s\u1eed d\u1ee5ng lao \u0111\u1ed9ng v\u00e0 gia \u0111\u00ecnh m\u00e0 s\u1ebd gi\u00fap h\u1ecdc sinh c\u00f3 vi\u1ec7c l\u00e0m \u0111\u01b0\u1ee3c tr\u1ea3 l\u01b0\u01a1ng v\u00e0 s\u1ed1ng \u0111\u1ed9c l\u1eadp trong x\u00e3 h\u1ed9i. Do v\u1eady, ph\u1ea7n l\u1edbn c\u00e1c t\u00f9y ch\u1ecdn c\u00f3 s\u1eb5n cho ng\u01b0\u1eddi tr\u01b0\u1edfng th\u00e0nh khuy\u1ebft t\u1eadt th\u00fac \u0111\u1ea9y s\u1ef1 ph\u1ee5 thu\u1ed9c h\u01a1n l\u00e0 kh\u1ea3 n\u0103ng \u0111\u1ed9c l\u1eadp. M\u1ee5c ti\u00eau c\u1ee7a C\u01a1 Quan L\u1eadp Ph\u00e1p \u0111\u1ed1i v\u1edbi d\u1ecbch v\u1ee5 chuy\u1ec3n ti\u1ebfp l\u00e0 cung c\u1ea5p m\u1ed9t s\u1ef1 chuy\u1ec3n ti\u1ebfp c\u00f3 k\u1ebf ho\u1ea1ch t\u1eeb tr\u01b0\u1eddng h\u1ecdc sang cu\u1ed9c s\u1ed1ng tr\u01b0\u1edfng th\u00e0nh, mang l\u1ea1i c\u01a1 h\u1ed9i t\u1ed1i \u0111a h\u00f3a kh\u1ea3 n\u0103ng \u0111\u1ed9c l\u1eadp v\u1ec1 kinh t\u1ebf v\u00e0 x\u00e3 h\u1ed9i trong m\u00f4i tr\u01b0\u1eddng \u00edt h\u1ea1n ch\u1ebf nh\u1ea5t. [Cal. Ed. Code Sec. 56460.]<\/p>\n\n\n\n<p>Lu\u1eadt ph\u00e1p ti\u1ec3u bang y\u00eau c\u1ea7u T\u1ed5ng Gi\u00e1m \u0110\u1ed1c thi\u1ebft l\u1eadp kh\u1ea3 n\u0103ng cung c\u1ea5p d\u1ecbch v\u1ee5 chuy\u1ec3n ti\u1ebfp cho h\u00e0ng lo\u1ea1t h\u1ecdc sinh c\u00f3 nhu c\u1ea7u \u0111\u1eb7c bi\u1ec7t nh\u01b0 vi\u1ec7c l\u00e0m v\u00e0 \u0111\u00e0o t\u1ea1o h\u1ecdc thu\u1eadt, ho\u1ea1ch \u0111\u1ecbnh chi\u1ebfn l\u01b0\u1ee3c, ph\u1ed1i h\u1ee3p li\u00ean c\u01a1 quan v\u00e0 \u0111\u00e0o t\u1ea1o ph\u1ee5 huynh. [Cal. Ed. Code Sec. 56461.]<\/p>\n\n\n\n<p>D\u1ecbch v\u1ee5 chuy\u1ec3n ti\u1ebfp bao g\u1ed3m nh\u01b0ng kh\u00f4ng gi\u1edbi h\u1ea1n \u1edf:<\/p>\n\n\n\n<p>&nbsp;&nbsp;&nbsp;&nbsp;&nbsp;&nbsp;&nbsp;&nbsp;&nbsp; (a)&nbsp;&nbsp;&nbsp;&nbsp; C\u00e1c ch\u01b0\u01a1ng tr\u00ecnh \u0111\u00e0o t\u1ea1o t\u1ea1i ch\u1ee9c, t\u00e0i li\u1ec7u t\u00e0i nguy\u00ean v\u00e0 &nbsp;&nbsp;&nbsp;&nbsp;&nbsp;&nbsp;&nbsp;&nbsp;&nbsp; s\u1ed5 tay x\u00e1c \u0111\u1ecbnh nh\u1eefng th\u00f4ng tin sau \u0111\u00e2y:<\/p>\n\n\n\n<p>&nbsp;&nbsp;&nbsp;&nbsp;&nbsp;&nbsp;&nbsp;&nbsp;&nbsp; (1)&nbsp;&nbsp;&nbsp;&nbsp; \u0110\u1ecbnh ngh\u0129a v\u1ec1 \u201cchuy\u1ec3n ti\u1ebfp\u201d, bao g\u1ed3m c\u00e1c th\u00e0nh ph\u1ea7n ch\u00ednh c\u1ee7a ch\u01b0\u01a1ng tr\u00ecnh chuy\u1ec3n ti\u1ebfp d\u1ef1a tr\u00ean tr\u01b0\u1eddng h\u1ecdc hi\u1ec7u qu\u1ea3;<\/p>\n\n\n\n<p>&nbsp;&nbsp;&nbsp;&nbsp;&nbsp;&nbsp;&nbsp;&nbsp;&nbsp; (2)&nbsp;&nbsp;&nbsp;&nbsp; Lu\u1eadt v\u00e0 c\u00e1c quy \u0111\u1ecbnh c\u00f3 li\u00ean quan;<\/p>\n\n\n\n<p>&nbsp;&nbsp;&nbsp;&nbsp;&nbsp;&nbsp;&nbsp;&nbsp;&nbsp; (3)&nbsp;&nbsp;&nbsp;&nbsp; Vai tr\u00f2 c\u1ee7a c\u00e1c c\u01a1 quan kh\u00e1c trong qu\u00e1 tr\u00ecnh chuy\u1ec3n ti\u1ebfp bao g\u1ed3m, nh\u01b0ng kh\u00f4ng gi\u1edbi h\u1ea1n \u1edf ph\u1ea1m vi d\u1ecbch v\u1ee5, ti\u00eau ch\u00ed h\u1ed9i \u0111\u1ee7 i\u1ec1u ki\u1ec7n v\u00e0 t\u00e0i tr\u1ee3 c\u1ee7a h\u1ecd;<\/p>\n\n\n\n<p>&nbsp;&nbsp;&nbsp;&nbsp;&nbsp;&nbsp;&nbsp;&nbsp;&nbsp; (4)&nbsp;&nbsp;&nbsp;&nbsp; Th\u00e0nh ph\u1ea7n c\u1ee7a vi\u1ec7c l\u1eadp k\u1ebf ho\u1ea1ch chuy\u1ec3n ti\u1ebfp hi\u1ec7u qu\u1ea3;<\/p>\n\n\n\n<p>&nbsp;&nbsp;&nbsp;&nbsp;&nbsp;&nbsp;&nbsp;&nbsp;&nbsp; (5)&nbsp;&nbsp;&nbsp;&nbsp; Vai tr\u00f2 c\u1ee7a c\u00e1c gia \u0111\u00ecnh trong qu\u00e1 tr\u00ecnh chuy\u1ec3n ti\u1ebfp c\u00e1 nh\u00e2n;<\/p>\n\n\n\n<p>(6)&nbsp;&nbsp;&nbsp;&nbsp; T\u00e0i nguy\u00ean v\u00e0 c\u00e1c ch\u01b0\u01a1ng tr\u00ecnh m\u00f4 h\u00ecnh hi\u1ec7n c\u00f3 s\u1eb5n trong &nbsp;&nbsp; ti\u1ec3u bang n\u00e0y.<\/p>\n\n\n\n<p>(b)&nbsp;&nbsp;&nbsp;&nbsp; S\u1ef1 ph\u00e1t tri\u1ec3n vai tr\u00f2 v\u00e0 tr\u00e1ch nhi\u1ec7m c\u1ee7a gi\u00e1o d\u1ee5c \u0111\u1eb7c bi\u1ec7t trong qu\u00e1 tr\u00ecnh chuy\u1ec3n ti\u1ebfp, bao g\u1ed3m:<\/p>\n\n\n\n<p>(1)&nbsp;&nbsp;&nbsp;&nbsp; Vi\u1ec7c cung c\u1ea5p \u0111\u00e0o t\u1ea1o k\u1ef9 n\u0103ng l\u00e0m vi\u1ec7c, bao g\u1ed3m c\u1ea3 nh\u1eefng k\u1ef9 n\u0103ng c\u1ea7n thi\u1ebft \u0111\u1ec3 th\u1ec3 hi\u1ec7n n\u0103ng l\u1ef1c trong c\u00f4ng vi\u1ec7c;<\/p>\n\n\n\n<p>(2)&nbsp;&nbsp;&nbsp;&nbsp; Vi\u1ec7c cung c\u1ea5p nhi\u1ec1u l\u1ef1a ch\u1ecdn vi\u1ec7c l\u00e0m v\u00e0 t\u1ea1o \u0111i\u1ec1u ki\u1ec7n cho c\u00e1c l\u1ef1a ch\u1ecdn c\u00f4ng vi\u1ec7c ho\u1eb7c ngh\u1ec1 nghi\u1ec7p b\u1eb1ng c\u00e1ch cung c\u1ea5p nhi\u1ec1u tr\u1ea3i nghi\u1ec7m ngh\u1ec1 nghi\u1ec7p;<\/p>\n\n\n\n<p>(3)&nbsp;&nbsp;&nbsp;&nbsp; Vi\u1ec7c thu th\u1eadp v\u00e0 ph\u00e2n t\u00edch d\u1eef li\u1ec7u v\u1ec1 nh\u1eefng g\u00ec x\u1ea3y ra v\u1edbi h\u1ecdc sinh khi h\u1ecd r\u1eddi kh\u1ecfi h\u1ec7 th\u1ed1ng tr\u01b0\u1eddng h\u1ecdc v\u00e0 b\u01b0\u1edbc v\u00e0o th\u1ebf gi\u1edbi c\u1ee7a ng\u01b0\u1eddi tr\u01b0\u1edfng th\u00e0nh;<\/p>\n\n\n\n<p>(4)&nbsp;&nbsp;&nbsp;&nbsp; S\u1ef1 ph\u1ed1i h\u1ee3p c\u1ee7a qu\u00e1 tr\u00ecnh l\u1eadp k\u1ebf ho\u1ea1ch chuy\u1ec3n ti\u1ebfp, bao g\u1ed3m ph\u00e1t tri\u1ec3n c\u00e1c th\u1ecfa thu\u1eadn v\u00e0 th\u1ee7 t\u1ee5c li\u00ean c\u01a1 quan c\u1ea7n thi\u1ebft \u1edf c\u1ea3 c\u1ea5p ti\u1ec3u bang v\u00e0 \u0111\u1ecba ph\u01b0\u01a1ng;<\/p>\n\n\n\n<p>(5)&nbsp;&nbsp;&nbsp;&nbsp; Vi\u1ec7c cung c\u1ea5p c\u00e1c chi\u1ebfn l\u01b0\u1ee3c h\u1ecdc t\u1eadp h\u01b0\u1edbng d\u1eabn s\u1ebd h\u1ed7 tr\u1ee3 nh\u1eefng h\u1ecdc sinh g\u1eb7p kh\u00f3 kh\u0103n trong vi\u1ec7c ti\u1ebfp thu k\u1ef9 n\u0103ng \u0111\u1ec3 cho ph\u00e9p h\u1ecd c\u00f3 \u0111\u01b0\u1ee3c v\u0103n b\u1eb1ng, th\u00fac \u0111\u1ea9y th\u00e1i \u0111\u1ed9 t\u00edch c\u1ef1c \u0111\u1ed1i v\u1edbi cu\u1ed9c s\u1ed1ng trung h\u1ecdc v\u00e0 sau trung h\u1ecdc.<\/p>\n\n\n\n<p>&nbsp;&nbsp;&nbsp;&nbsp;&nbsp;&nbsp;&nbsp;&nbsp;&nbsp; (c)&nbsp;&nbsp;&nbsp; S\u1ef1 ph\u00e1t tri\u1ec3n v\u00e0 th\u1ef1c hi\u1ec7n ch\u01b0\u01a1ng tr\u00ecnh gi\u00e1o d\u1ee5c ngh\u1ec1 nghi\u1ec7p c\u00f3 h\u1ec7 th\u1ed1ng v\u00e0 theo chi\u1ec1u d\u1ecdc bao g\u1ed3m:<\/p>\n\n\n\n<p>&nbsp;&nbsp;&nbsp;&nbsp;&nbsp;&nbsp;&nbsp;&nbsp;&nbsp; (1)&nbsp; &nbsp;&nbsp; C\u00e1c chi\u1ebfn l\u01b0\u1ee3c h\u01b0\u1edbng d\u1eabn s\u1ebd gi\u00fap chu\u1ea9n b\u1ecb cho h\u1ecdc sinh &nbsp;&nbsp;&nbsp; khuy\u1ebft t\u1eadt \u0111\u00e1ng k\u1ec3 \u0111\u1ec3 th\u1ef1c hi\u1ec7n chuy\u1ec3n ti\u1ebfp th\u00e0nh c\u00f4ng sang vi\u1ec7c l\u00e0m \u0111\u01b0\u1ee3c h\u1ed7 tr\u1ee3 v\u00e0 c\u1ed9ng \u0111\u1ed3ng;<\/p>\n\n\n\n<p>(2) &nbsp;&nbsp;&nbsp; Vi\u1ec7c gi\u1edbi thi\u1ec7u ch\u01b0\u01a1ng tr\u00ecnh gi\u00e1o d\u1ee5c ngh\u1ec1 nghi\u1ec7p v\u00e0 d\u1ea1y ngh\u1ec1 &nbsp;&nbsp;&nbsp;&nbsp;&nbsp;&nbsp;&nbsp; \u1edf c\u00e1c l\u1edbp ti\u1ec3u h\u1ecdc cho nh\u1eefng h\u1ecdc sinh c\u00f3 th\u1ec3 h\u01b0\u1edfng l\u1ee3i t\u1eeb ch\u01b0\u01a1ng tr\u00ecnh \u0111\u00f3.<\/p>\n\n\n\n<p>&nbsp;&nbsp;&nbsp;&nbsp;&nbsp;&nbsp;&nbsp;&nbsp;&nbsp; (d) &nbsp;&nbsp;&nbsp; T\u00e0i li\u1ec7u, h\u01b0\u1edbng d\u1eabn s\u1eed d\u1ee5ng t\u00e0i nguy\u00ean v\u00e0 c\u00e1c ch\u01b0\u01a1ng tr\u00ecnh \u0111\u00e0o t\u1ea1o t\u1ea1i ch\u1ee9c &nbsp; \u0111\u1ec3 h\u1ed7 tr\u1ee3 s\u1ef1 tham gia t\u00edch c\u1ef1c c\u1ee7a gia \u0111\u00ecnh trong vi\u1ec7c l\u1eadp k\u1ebf ho\u1ea1ch v\u00e0 th\u1ef1c hi\u1ec7n c\u00e1c m\u1ee5c ti\u00eau v\u00e0 ho\u1ea1t \u0111\u1ed9ng li\u00ean quan \u0111\u1ebfn vi\u1ec7c chuy\u1ec3n ti\u1ebfp;<\/p>\n\n\n\n<p>(e) &nbsp;&nbsp;&nbsp; S\u1ef1 ph\u00e1t tri\u1ec3n c\u1ee7a t\u00e0i nguy\u00ean v\u00e0 \u0111\u00e0o t\u1ea1o t\u1ea1i ch\u1ee9c s\u1ebd h\u1ed7 tr\u1ee3 vi\u1ec7c th\u1ef1c hi\u1ec7n l\u1eadp k\u1ebf ho\u1ea1ch chuy\u1ec3n ti\u1ebfp c\u00e1 nh\u00e2n cho t\u1ea5t c\u1ea3 h\u1ecdc sinh nh\u1eadn gi\u00e1o d\u1ee5c \u0111\u1eb7c bi\u1ec7t.<\/p>\n\n\n\n<p>(f) &nbsp;&nbsp;&nbsp;&nbsp; S\u1ef1 ph\u00e1t tri\u1ec3n m\u1ea1ng l\u01b0\u1edbi \u0111\u1ecba \u0111i\u1ec3m tr\u00ecnh di\u1ec5n m\u00f4 h\u00ecnh gi\u00fap minh h\u1ecda nhi\u1ec1u m\u00f4 h\u00ecnh chuy\u1ec3n ti\u1ebfp v\u00e0 chi\u1ebfn l\u01b0\u1ee3c th\u1ef1c hi\u1ec7n;<\/p>\n\n\n\n<p>(g) &nbsp;&nbsp;&nbsp; S\u1ef1 ph\u1ed1i h\u1ee3p v\u1edbi c\u00e1c ch\u01b0\u01a1ng tr\u00ecnh chuy\u00ean ng\u00e0nh kh\u00e1c gi\u00fap ph\u1ee5c v\u1ee5 h\u1ecdc sinh g\u1eb7p r\u00e0o c\u1ea3n \u0111\u1ec3 chuy\u1ec3n ti\u1ebfp th\u00e0nh c\u00f4ng;<\/p>\n\n\n\n<p>(h)&nbsp;&nbsp;&nbsp;&nbsp; Ch\u01b0\u01a1ng tr\u00ecnh nghi\u00ean c\u1ee9u, \u0111\u00e1nh gi\u00e1 v\u00e0 ph\u1ed5 bi\u1ebfn s\u1ebd h\u1ed7 tr\u1ee3 c\u00e1c kh\u00eda c\u1ea1nh ch\u00ednh v\u1ec1 ch\u01b0\u01a1ng tr\u00ecnh c\u1ee7a d\u1ecbch v\u1ee5 chuy\u1ec3n ti\u1ebfp.<\/p>\n\n\n\n<p>Th\u00f4ng qua nhi\u1ec1u kho\u1ea3n t\u00e0i tr\u1ee3 c\u1ea1nh tranh, h\u1ed3 s\u01a1 d\u1ef1 th\u1ea7u, h\u1ee3p \u0111\u1ed3ng v\u00e0 c\u00e1c gi\u1ea3i th\u01b0\u1edfng kh\u00e1c, c\u00e1c l\u0129nh v\u1ef1c n\u1ed9i dung c\u1ee5 th\u1ec3 s\u1ebd \u0111\u01b0\u1ee3c ph\u00e1t tri\u1ec3n v\u1edbi s\u1ef1 h\u1ee3p t\u00e1c c\u1ee7a nhi\u1ec1u c\u01a1 quan d\u1ef1a tr\u00ean l\u0129nh v\u1ef1c, bao g\u1ed3m c\u00e1c c\u01a1 quan gi\u00e1o d\u1ee5c \u0111\u1ecba ph\u01b0\u01a1ng, khu v\u1ef1c ch\u01b0\u01a1ng tr\u00ecnh gi\u00e1o d\u1ee5c \u0111\u1eb7c bi\u1ec7t, v\u0103n ph\u00f2ng qu\u1eadn, t\u1ed5 ch\u1ee9c gi\u00e1o d\u1ee5c \u0111\u1ea1i h\u1ecdc v\u00e0 c\u00e1c c\u01a1 quan \u0111\u00e0o t\u1ea1o t\u1ea1i ch\u1ee9c. [Cal. Ed. Code Sec. 56462.]<\/p>\n","protected":false},"excerpt":{"rendered":"<p>Lu\u1eadt ph\u00e1p California kh\u00e1 tham v\u1ecdng v\u00e0 c\u1ee5 th\u1ec3 trong m\u00f4 t\u1ea3 v\u1ec1 c\u00e1c d\u1ecbch v\u1ee5 chuy\u1ec3n ti\u1ebfp v\u00e0 tr\u00e1ch nhi\u1ec7m c\u1ee7a c\u00e1c c\u01a1 quan&hellip;<\/p>\n","protected":false},"author":1,"featured_media":0,"parent":349,"menu_order":3,"comment_status":"closed","ping_status":"closed","template":"","meta":{"footnotes":""},"class_list":["post-1197","page","type-page","status-publish","hentry"],"_links":{"self":[{"href":"https:\/\/serr.disabilityrightsca.org\/vi\/wp-json\/wp\/v2\/pages\/1197","targetHints":{"allow":["GET"]}}],"collection":[{"href":"https:\/\/serr.disabilityrightsca.org\/vi\/wp-json\/wp\/v2\/pages"}],"about":[{"href":"https:\/\/serr.disabilityrightsca.org\/vi\/wp-json\/wp\/v2\/types\/page"}],"author":[{"embeddable":true,"href":"https:\/\/serr.disabilityrightsca.org\/vi\/wp-json\/wp\/v2\/users\/1"}],"replies":[{"embeddable":true,"href":"https:\/\/serr.disabilityrightsca.org\/vi\/wp-json\/wp\/v2\/comments?post=1197"}],"version-history":[{"count":7,"href":"https:\/\/serr.disabilityrightsca.org\/vi\/wp-json\/wp\/v2\/pages\/1197\/revisions"}],"predecessor-version":[{"id":4149,"href":"https:\/\/serr.disabilityrightsca.org\/vi\/wp-json\/wp\/v2\/pages\/1197\/revisions\/4149"}],"up":[{"embeddable":true,"href":"https:\/\/serr.disabilityrightsca.org\/vi\/wp-json\/wp\/v2\/pages\/349"}],"wp:attachment":[{"href":"https:\/\/serr.disabilityrightsca.org\/vi\/wp-json\/wp\/v2\/media?parent=1197"}],"curies":[{"name":"wp","href":"https:\/\/api.w.org\/{rel}","templated":true}]}}