{"id":1200,"date":"2019-07-26T14:54:50","date_gmt":"2019-07-26T21:54:50","guid":{"rendered":"http:\/\/www.rula.disabilityrightsca.org\/serr\/vi\/?page_id=1200"},"modified":"2021-02-08T10:09:26","modified_gmt":"2021-02-08T18:09:26","slug":"10-4-chuong-trinh-chuyen-tiep-ca-nhan-individual-transition-plan-itp-la-gi","status":"publish","type":"page","link":"https:\/\/serr.disabilityrightsca.org\/vi\/serr-manual\/chuong-10-thong-tin-ve-dich-vu-chuyen-tiep-bao-gom-giao-duc-nghe-nghiep\/10-4-chuong-trinh-chuyen-tiep-ca-nhan-individual-transition-plan-itp-la-gi\/","title":{"rendered":"(10.4) Ch\u01b0\u01a1ng Tr\u00ecnh Chuy\u1ec3n Ti\u1ebfp C\u00e1 Nh\u00e2n (Individual Transition Plan, ITP) l\u00e0 g\u00ec?"},"content":{"rendered":"\n<p>Ch\u01b0\u01a1ng Tr\u00ecnh Chuy\u1ec3n Ti\u1ebfp C\u00e1 Nh\u00e2n (Individual Transition Plan, ITP) l\u00e0 m\u1ed9t thu\u1eadt ng\u1eef kh\u00f4ng c\u00f3 trong lu\u1eadt li\u00ean bang v\u00e0 ti\u1ec3u bang. Tuy nhi\u00ean, ITP xu\u1ea5t hi\u1ec7n v\u1edbi \u00fd ngh\u0129a l\u00e0 t\u00e0i li\u1ec7u b\u1eb1ng v\u0103n b\u1ea3n \u0111\u01b0\u1ee3c thi\u1ebft k\u1ebf \u0111\u1ec3 gi\u00fap chu\u1ea9n b\u1ecb cho h\u1ecdc sinh chuy\u1ec3n t\u1eeb cu\u1ed9c s\u1ed1ng tr\u01b0\u1eddng h\u1ecdc sang cu\u1ed9c s\u1ed1ng sau khi ra tr\u01b0\u1eddng. [20 U.S.C. Sec. 1401(34); 34 C.F.R. Sec. 300.320(b), Cal. Ed. Code Secs. 56462 &amp; 56345.1.] \u0110i\u1ec1u quan tr\u1ecdng l\u00e0 ph\u1ea3i hi\u1ec3u r\u1eb1ng vi\u1ec7c th\u1ea9m \u0111\u1ecbnh chuy\u1ec3n ti\u1ebfp, l\u1eadp k\u1ebf ho\u1ea1ch v\u00e0 ph\u00e1t tri\u1ec3n ITP l\u00e0 m\u1ed9t ph\u1ea7n c\u1ee7a quy tr\u00ecnh IEP. ITP ph\u1ea3i d\u1ef1a tr\u00ean nhu c\u1ea7u, s\u1edf th\u00edch v\u00e0 m\u1ed1i quan t\u00e2m c\u1ee7a h\u1ecdc sinh \u0111\u1ed3ng th\u1eddi ph\u1ea3n \u00e1nh c\u00e1c m\u1ee5c ti\u00eau ri\u00eang c\u1ee7a h\u1ecdc sinh. M\u1ee5c ti\u00eau, l\u1ecbch bi\u1ec3u v\u00e0 nh\u1eefng ng\u01b0\u1eddi ch\u1ecbu tr\u00e1ch nhi\u1ec7m \u0111\u00e1p \u1ee9ng c\u00e1c m\u1ee5c ti\u00eau n\u00ean \u0111\u01b0\u1ee3c vi\u1ebft v\u00e0o ITP v\u00e0 l\u00e0 m\u1ed9t ph\u1ea7n c\u1ee7a IEP. ITP l\u00e0 m\u1ed9t th\u00e0nh ph\u1ea7n trong ch\u01b0\u01a1ng tr\u00ecnh IEP c\u1ee7a con qu\u00fd v\u1ecb.&nbsp;<\/p>\n","protected":false},"excerpt":{"rendered":"<p>Ch\u01b0\u01a1ng Tr\u00ecnh Chuy\u1ec3n Ti\u1ebfp C\u00e1 Nh\u00e2n (Individual Transition Plan, ITP) l\u00e0 m\u1ed9t thu\u1eadt ng\u1eef kh\u00f4ng c\u00f3 trong lu\u1eadt li\u00ean bang v\u00e0 ti\u1ec3u bang. Tuy nhi\u00ean,&hellip;<\/p>\n","protected":false},"author":1,"featured_media":0,"parent":349,"menu_order":4,"comment_status":"closed","ping_status":"closed","template":"","meta":{"footnotes":""},"class_list":["post-1200","page","type-page","status-publish","hentry"],"_links":{"self":[{"href":"https:\/\/serr.disabilityrightsca.org\/vi\/wp-json\/wp\/v2\/pages\/1200","targetHints":{"allow":["GET"]}}],"collection":[{"href":"https:\/\/serr.disabilityrightsca.org\/vi\/wp-json\/wp\/v2\/pages"}],"about":[{"href":"https:\/\/serr.disabilityrightsca.org\/vi\/wp-json\/wp\/v2\/types\/page"}],"author":[{"embeddable":true,"href":"https:\/\/serr.disabilityrightsca.org\/vi\/wp-json\/wp\/v2\/users\/1"}],"replies":[{"embeddable":true,"href":"https:\/\/serr.disabilityrightsca.org\/vi\/wp-json\/wp\/v2\/comments?post=1200"}],"version-history":[{"count":5,"href":"https:\/\/serr.disabilityrightsca.org\/vi\/wp-json\/wp\/v2\/pages\/1200\/revisions"}],"predecessor-version":[{"id":4150,"href":"https:\/\/serr.disabilityrightsca.org\/vi\/wp-json\/wp\/v2\/pages\/1200\/revisions\/4150"}],"up":[{"embeddable":true,"href":"https:\/\/serr.disabilityrightsca.org\/vi\/wp-json\/wp\/v2\/pages\/349"}],"wp:attachment":[{"href":"https:\/\/serr.disabilityrightsca.org\/vi\/wp-json\/wp\/v2\/media?parent=1200"}],"curies":[{"name":"wp","href":"https:\/\/api.w.org\/{rel}","templated":true}]}}