{"id":1206,"date":"2019-07-26T14:58:49","date_gmt":"2019-07-26T21:58:49","guid":{"rendered":"http:\/\/www.rula.disabilityrightsca.org\/serr\/vi\/?page_id=1206"},"modified":"2021-02-08T10:11:29","modified_gmt":"2021-02-08T18:11:29","slug":"10-6-lam-the-nao-de-toi-bat-dau-cuoc-hop-lap-ke-hoach-chuyen-tiep","status":"publish","type":"page","link":"https:\/\/serr.disabilityrightsca.org\/vi\/serr-manual\/chuong-10-thong-tin-ve-dich-vu-chuyen-tiep-bao-gom-giao-duc-nghe-nghiep\/10-6-lam-the-nao-de-toi-bat-dau-cuoc-hop-lap-ke-hoach-chuyen-tiep\/","title":{"rendered":"(10.6) L\u00e0m th\u1ebf n\u00e0o \u0111\u1ec3 t\u00f4i b\u1eaft \u0111\u1ea7u cu\u1ed9c h\u1ecdp l\u1eadp k\u1ebf ho\u1ea1ch chuy\u1ec3n ti\u1ebfp?"},"content":{"rendered":"\n<p>Qu\u00fd v\u1ecb c\u00f3 th\u1ec3 b\u1eaft \u0111\u1ea7u cu\u1ed9c h\u1ecdp l\u1eadp k\u1ebf ho\u1ea1ch chuy\u1ec3n ti\u1ebfp b\u1eb1ng c\u00e1ch g\u1eedi y\u00eau c\u1ea7u b\u1eb1ng v\u0103n b\u1ea3n cho gi\u00e1o vi\u00ean c\u1ee7a con qu\u00fd v\u1ecb, Hi\u1ec7u tr\u01b0\u1edfng ho\u1eb7c v\u0103n ph\u00f2ng h\u00e0nh ch\u00ednh gi\u00e1o d\u1ee5c \u0111\u1eb7c bi\u1ec7t. B\u1ee9c th\u01b0 n\u00ean n\u00eau r\u00f5 r\u1eb1ng m\u1ee5c \u0111\u00edch c\u1ee7a cu\u1ed9c h\u1ecdp l\u00e0 l\u1eadp k\u1ebf ho\u1ea1ch chuy\u1ec3n ti\u1ebfp.<\/p>\n\n\n\n<p>Cho d\u00f9 l\u00e0 qu\u00fd v\u1ecb hay h\u1ecdc khu \u0111\u00e3 b\u1eaft \u0111\u1ea7u qu\u00e1 tr\u00ecnh l\u1eadp k\u1ebf ho\u1ea1ch chuy\u1ec3n ti\u1ebfp, h\u1ecdc khu ph\u1ea3i g\u1eedi th\u00f4ng b\u00e1o cu\u1ed9c h\u1ecdp v\u1edbi n\u1ed9i dung:<\/p>\n\n\n\n<p>(1)&nbsp;&nbsp;&nbsp;&nbsp; Ch\u1ec9 ra r\u1eb1ng m\u1ee5c \u0111\u00edch c\u1ee7a cu\u1ed9c h\u1ecdp s\u1ebd l\u00e0 xem x\u00e9t c\u00e1c m\u1ee5c ti\u00eau sau trung h\u1ecdc v\u00e0 c\u00e1c d\u1ecbch v\u1ee5 chuy\u1ec3n ti\u1ebfp;<\/p>\n\n\n\n<p>(2)&nbsp;&nbsp;&nbsp;&nbsp; Ch\u1ec9 ra r\u1eb1ng h\u1ecdc sinh s\u1ebd \u0111\u01b0\u1ee3c m\u1eddi; v\u00e0<\/p>\n\n\n\n<p>(3)&nbsp;&nbsp;&nbsp;&nbsp; X\u00e1c \u0111\u1ecbnh b\u1ea5t k\u1ef3 c\u01a1 quan n\u00e0o kh\u00e1c s\u1ebd \u0111\u01b0\u1ee3c m\u1eddi \u0111\u1ec3 g\u1eedi \u0111\u1ea1i di\u1ec7n.<\/p>\n\n\n\n<p>[34 C.F.R. Sec. 300.322(b).]<\/p>\n","protected":false},"excerpt":{"rendered":"<p>Qu\u00fd v\u1ecb c\u00f3 th\u1ec3 b\u1eaft \u0111\u1ea7u cu\u1ed9c h\u1ecdp l\u1eadp k\u1ebf ho\u1ea1ch chuy\u1ec3n ti\u1ebfp b\u1eb1ng c\u00e1ch g\u1eedi y\u00eau c\u1ea7u b\u1eb1ng v\u0103n b\u1ea3n cho gi\u00e1o vi\u00ean c\u1ee7a&hellip;<\/p>\n","protected":false},"author":1,"featured_media":0,"parent":349,"menu_order":6,"comment_status":"closed","ping_status":"closed","template":"","meta":{"footnotes":""},"class_list":["post-1206","page","type-page","status-publish","hentry"],"_links":{"self":[{"href":"https:\/\/serr.disabilityrightsca.org\/vi\/wp-json\/wp\/v2\/pages\/1206","targetHints":{"allow":["GET"]}}],"collection":[{"href":"https:\/\/serr.disabilityrightsca.org\/vi\/wp-json\/wp\/v2\/pages"}],"about":[{"href":"https:\/\/serr.disabilityrightsca.org\/vi\/wp-json\/wp\/v2\/types\/page"}],"author":[{"embeddable":true,"href":"https:\/\/serr.disabilityrightsca.org\/vi\/wp-json\/wp\/v2\/users\/1"}],"replies":[{"embeddable":true,"href":"https:\/\/serr.disabilityrightsca.org\/vi\/wp-json\/wp\/v2\/comments?post=1206"}],"version-history":[{"count":4,"href":"https:\/\/serr.disabilityrightsca.org\/vi\/wp-json\/wp\/v2\/pages\/1206\/revisions"}],"predecessor-version":[{"id":4152,"href":"https:\/\/serr.disabilityrightsca.org\/vi\/wp-json\/wp\/v2\/pages\/1206\/revisions\/4152"}],"up":[{"embeddable":true,"href":"https:\/\/serr.disabilityrightsca.org\/vi\/wp-json\/wp\/v2\/pages\/349"}],"wp:attachment":[{"href":"https:\/\/serr.disabilityrightsca.org\/vi\/wp-json\/wp\/v2\/media?parent=1206"}],"curies":[{"name":"wp","href":"https:\/\/api.w.org\/{rel}","templated":true}]}}