{"id":1209,"date":"2019-07-26T15:06:20","date_gmt":"2019-07-26T22:06:20","guid":{"rendered":"http:\/\/www.rula.disabilityrightsca.org\/serr\/vi\/?page_id=1209"},"modified":"2021-02-08T10:12:12","modified_gmt":"2021-02-08T18:12:12","slug":"10-7-dich-vu-chuyen-tiep-nen-duoc-viet-vao-iep-nhu-the-nao","status":"publish","type":"page","link":"https:\/\/serr.disabilityrightsca.org\/vi\/serr-manual\/chuong-10-thong-tin-ve-dich-vu-chuyen-tiep-bao-gom-giao-duc-nghe-nghiep\/10-7-dich-vu-chuyen-tiep-nen-duoc-viet-vao-iep-nhu-the-nao\/","title":{"rendered":"(10.7) D\u1ecbch v\u1ee5 chuy\u1ec3n ti\u1ebfp n\u00ean \u0111\u01b0\u1ee3c vi\u1ebft v\u00e0o IEP nh\u01b0 th\u1ebf n\u00e0o?"},"content":{"rendered":"\n<p>C\u0169ng nh\u01b0 c\u00e1c ph\u1ea7n kh\u00e1c c\u1ee7a IEP, y\u00eau c\u1ea7u chuy\u1ec3n ti\u1ebfp kh\u00f4ng ch\u1ec9 l\u00e0 v\u1ec1 k\u1ef9 thu\u1eadt \u0111\u01a1n thu\u1ea7n. M\u1ed9t t\u00f2a \u00e1n ph\u00e1t hi\u1ec7n ra r\u1eb1ng tr\u01b0\u1eddng h\u1ecdc ch\u1ec9 cung c\u1ea5p cho nhu c\u1ea7u ngh\u1ec1 nghi\u1ec7p c\u1ee7a h\u1ecdc sinh kh\u00f4ng \u0111\u00e1p \u1ee9ng \u0111\u01b0\u1ee3c ngh\u0129a v\u1ee5 chuy\u1ec3n ti\u1ebfp c\u1ee7a tr\u01b0\u1eddng \u0111\u1ed1i v\u1edbi h\u1ecdc sinh \u0111\u00f3. Tr\u01b0\u1eddng h\u1ecdc \u0111\u00f3 kh\u00f4ng x\u00e2y d\u1ef1ng k\u1ebf ho\u1ea1ch gi\u00fap h\u1ecdc sinh \u201cti\u1ebfp t\u1ee5c s\u1ed1ng trong cu\u1ed9c s\u1ed1ng tr\u01b0\u1edfng th\u00e0nh\u201d. T\u00f2a \u00e1n l\u01b0u \u00fd r\u1eb1ng tr\u01b0\u1eddng h\u1ecdc \u0111\u00f3:<\/p>\n\n\n\n<p>(1)&nbsp;&nbsp;&nbsp;&nbsp; Kh\u00f4ng x\u00e1c \u0111\u1ecbnh b\u1ea5t k\u1ef3 m\u1ee5c ti\u00eau n\u00e0o cho h\u1ecdc sinh sau khi h\u1ecdc sinh \u0111\u00f3 r\u1eddi tr\u01b0\u1eddng;<\/p>\n\n\n\n<p>(2)&nbsp;&nbsp;&nbsp;&nbsp; Kh\u00f4ng th\u1ef1c hi\u1ec7n b\u1ea5t k\u1ef3 \u0111\u00e1nh gi\u00e1 chuy\u1ec3n ti\u1ebfp n\u00e0o ngo\u00e0i \u0111\u00e1nh gi\u00e1 ngh\u1ec1 nghi\u1ec7p;<\/p>\n\n\n\n<p>(3)&nbsp;&nbsp;&nbsp;&nbsp; Kh\u00f4ng cung c\u1ea5p \u201c\u0111\u1ea7y \u0111\u1ee7 c\u00e1c d\u1ecbch v\u1ee5 theo d\u1ef1 ki\u1ebfn c\u1ee7a ch\u01b0\u01a1ng tr\u00ecnh chuy\u1ec3n ti\u1ebfp\u201d \u0111\u1ec3 chu\u1ea9n b\u1ecb cho h\u1ecdc sinh \u0111\u00f3 \u0111\u00f3n nh\u1eadn cu\u1ed9c s\u1ed1ng b\u00ean ngo\u00e0i tr\u01b0\u1eddng h\u1ecdc trong c\u00e1c l\u0129nh v\u1ef1c nh\u01b0 nhu c\u1ea7u c\u00e1 nh\u00e2n, h\u00f2a nh\u1eadp c\u1ed9ng \u0111\u1ed3ng c\u0169ng nh\u01b0 gi\u1ea3i tr\u00ed; v\u00e0<\/p>\n\n\n\n<p>(4)&nbsp;&nbsp;&nbsp;&nbsp; Kh\u00f4ng \u0111\u00e1p \u1ee9ng nhu c\u1ea7u c\u00e1 nh\u00e2n, \u0111\u1eb7c bi\u1ec7t c\u1ee7a h\u1ecdc sinh v\u00e0 thay v\u00e0o \u0111\u00f3 \u0111\u1eb7t h\u1ecdc sinh v\u00e0o m\u1ed9t ch\u01b0\u01a1ng tr\u00ecnh chung hi\u1ec7n c\u00f3 v\u1edbi c\u00e1c \u0111i\u1ec1u ch\u1ec9nh nh\u1ecf.<\/p>\n\n\n\n<p>[<em>East Penn School District v. Scott B.<\/em>, 1999 WL 178363 (E.D. Pa. 1999).]<\/p>\n\n\n\n<p>IEP chuy\u1ec3n ti\u1ebfp ph\u1ea3i \u0111\u01b0\u1ee3c \u201c\u0111\u1ecbnh h\u01b0\u1edbng theo k\u1ebft qu\u1ea3\u201d. \u0110i\u1ec1u n\u00e0y c\u00f3 ngh\u0129a l\u00e0 c\u00e1c ho\u1ea1t \u0111\u1ed9ng ph\u1ed1i h\u1ee3p c\u1ee7a ch\u01b0\u01a1ng tr\u00ecnh chuy\u1ec3n ti\u1ebfp do nh\u00f3m IEP x\u00e2y d\u1ef1ng ph\u1ea3i bao g\u1ed3m c\u00e1c m\u1ee5c ti\u00eau \u0111\u1ec3 chu\u1ea9n b\u1ecb cho con qu\u00fd v\u1ecb m\u1ed9t cu\u1ed9c s\u1ed1ng \u0111\u1ed9c l\u1eadp nh\u1ea5t c\u00f3 th\u1ec3. V\u00ed d\u1ee5: k\u1ebft qu\u1ea3 d\u00e0nh cho m\u1ed9t h\u1ecdc sinh c\u00f3 th\u1ec3 l\u00e0 c\u00f4ng vi\u1ec7c trong c\u1eeda h\u00e0ng b\u00e1n l\u1ebb ho\u1eb7c tr\u1edf th\u00e0nh gi\u00e1o vi\u00ean, nh\u00e0 tr\u1ecb li\u1ec7u ho\u1eb7c lu\u1eadt s\u01b0. C\u00e1c d\u1ecbch v\u1ee5 cho h\u1ecdc sinh \u0111\u00f3 c\u1ea7n t\u1eadp trung v\u00e0o vi\u1ec7c t\u00ecm ki\u1ebfm v\u00e0 duy tr\u00ec m\u1ed9t c\u00f4ng vi\u1ec7c b\u1eb1ng c\u00e1c h\u1ed7 tr\u1ee3 c\u1ea7n thi\u1ebft, c\u1ee7ng c\u1ed1 th\u00f3i quen l\u00e0m vi\u1ec7c c\u01a1 b\u1ea3n, tu\u00e2n th\u1ee7 gi\u1edd gi\u1ea5c v\u00e0 ch\u1ea3i chu\u1ed1t g\u1ecdn g\u00e0ng khi l\u00e0m vi\u1ec7c c\u0169ng nh\u01b0 ph\u00e1t tri\u1ec3n c\u00e1c k\u1ef9 n\u0103ng s\u1ed1ng \u0111\u01b0\u1ee3c h\u1ed7 tr\u1ee3 v\u00e0\/ho\u1eb7c \u0111\u1ed9c l\u1eadp.<\/p>\n","protected":false},"excerpt":{"rendered":"<p>C\u0169ng nh\u01b0 c\u00e1c ph\u1ea7n kh\u00e1c c\u1ee7a IEP, y\u00eau c\u1ea7u chuy\u1ec3n ti\u1ebfp kh\u00f4ng ch\u1ec9 l\u00e0 v\u1ec1 k\u1ef9 thu\u1eadt \u0111\u01a1n thu\u1ea7n. M\u1ed9t t\u00f2a \u00e1n ph\u00e1t hi\u1ec7n ra&hellip;<\/p>\n","protected":false},"author":1,"featured_media":0,"parent":349,"menu_order":7,"comment_status":"closed","ping_status":"closed","template":"","meta":{"footnotes":""},"class_list":["post-1209","page","type-page","status-publish","hentry"],"_links":{"self":[{"href":"https:\/\/serr.disabilityrightsca.org\/vi\/wp-json\/wp\/v2\/pages\/1209","targetHints":{"allow":["GET"]}}],"collection":[{"href":"https:\/\/serr.disabilityrightsca.org\/vi\/wp-json\/wp\/v2\/pages"}],"about":[{"href":"https:\/\/serr.disabilityrightsca.org\/vi\/wp-json\/wp\/v2\/types\/page"}],"author":[{"embeddable":true,"href":"https:\/\/serr.disabilityrightsca.org\/vi\/wp-json\/wp\/v2\/users\/1"}],"replies":[{"embeddable":true,"href":"https:\/\/serr.disabilityrightsca.org\/vi\/wp-json\/wp\/v2\/comments?post=1209"}],"version-history":[{"count":3,"href":"https:\/\/serr.disabilityrightsca.org\/vi\/wp-json\/wp\/v2\/pages\/1209\/revisions"}],"predecessor-version":[{"id":4153,"href":"https:\/\/serr.disabilityrightsca.org\/vi\/wp-json\/wp\/v2\/pages\/1209\/revisions\/4153"}],"up":[{"embeddable":true,"href":"https:\/\/serr.disabilityrightsca.org\/vi\/wp-json\/wp\/v2\/pages\/349"}],"wp:attachment":[{"href":"https:\/\/serr.disabilityrightsca.org\/vi\/wp-json\/wp\/v2\/media?parent=1209"}],"curies":[{"name":"wp","href":"https:\/\/api.w.org\/{rel}","templated":true}]}}