{"id":1213,"date":"2019-07-26T15:09:29","date_gmt":"2019-07-26T22:09:29","guid":{"rendered":"http:\/\/www.rula.disabilityrightsca.org\/serr\/vi\/?page_id=1213"},"modified":"2021-02-08T10:13:45","modified_gmt":"2021-02-08T18:13:45","slug":"10-9-chuong-trinh-chuyen-tiep-cho-hoc-sinh-nho-tuoi-nen-bao-gom-nhung-gi","status":"publish","type":"page","link":"https:\/\/serr.disabilityrightsca.org\/vi\/serr-manual\/chuong-10-thong-tin-ve-dich-vu-chuyen-tiep-bao-gom-giao-duc-nghe-nghiep\/10-9-chuong-trinh-chuyen-tiep-cho-hoc-sinh-nho-tuoi-nen-bao-gom-nhung-gi\/","title":{"rendered":"(10.9) Ch\u01b0\u01a1ng tr\u00ecnh chuy\u1ec3n ti\u1ebfp cho h\u1ecdc sinh nh\u1ecf tu\u1ed5i n\u00ean bao g\u1ed3m nh\u1eefng g\u00ec?"},"content":{"rendered":"\n<p>B\u1ea3n k\u00ea khai c\u00e1c m\u1ee5c ti\u00eau \u201csau trung h\u1ecdc\u201d v\u00e0 d\u1ecbch v\u1ee5 chuy\u1ec3n ti\u1ebfp n\u00ean li\u00ean quan tr\u1ef1c ti\u1ebfp \u0111\u1ebfn c\u00e1c m\u1ee5c ti\u00eau c\u1ee7a h\u1ecdc sinh sau gi\u00e1o d\u1ee5c trung h\u1ecdc.&nbsp; B\u1ea3n k\u00ea khai c\u0169ng ph\u1ea3i cho th\u1ea5y c\u00e1c nghi\u00ean c\u1ee9u theo k\u1ebf ho\u1ea1ch \u0111\u01b0\u1ee3c li\u00ean k\u1ebft v\u1edbi c\u00e1c m\u1ee5c ti\u00eau n\u00e0y nh\u01b0 th\u1ebf n\u00e0o. V\u00ed d\u1ee5: m\u1ed9t h\u1ecdc sinh th\u00edch kh\u00e1m ph\u00e1 ngh\u1ec1 nghi\u1ec7p v\u1ec1 khoa h\u1ecdc m\u00e1y t\u00ednh c\u00f3 th\u1ec3 c\u00f3 b\u1ea3n k\u00ea khai v\u1ec1 d\u1ecbch v\u1ee5 chuy\u1ec3n ti\u1ebfp c\u1ea7n k\u1ebft n\u1ed1i v\u1edbi \u0111\u1ed3 \u00e1n m\u00f4n h\u1ecdc c\u00f4ng ngh\u1ec7.&nbsp; B\u1ea3n k\u00ea khai v\u1ec1 nhu c\u1ea7u d\u1ecbch v\u1ee5 chuy\u1ec3n ti\u1ebfp c\u1ee7a m\u1ed9t h\u1ecdc sinh kh\u00e1c c\u00f3 th\u1ec3 m\u00f4 t\u1ea3 t\u1ea1i sao \u0111\u00e0o t\u1ea1o \u0111i l\u1ea1i b\u1eb1ng xe bu\u00fdt c\u00f4ng c\u1ed9ng l\u1ea1i quan tr\u1ecdng \u0111\u1ed1i v\u1edbi cu\u1ed9c s\u1ed1ng \u0111\u1ed9c l\u1eadp trong t\u01b0\u01a1ng lai t\u1ea1i c\u1ed9ng \u0111\u1ed3ng. M\u1ee5c ti\u00eau l\u00e0 ch\u1ecdn c\u00e1c kh\u00f3a h\u1ecdc s\u1ebd c\u00f3 \u00fd ngh\u0129a \u0111\u1ed1i v\u1edbi t\u01b0\u01a1ng lai c\u1ee7a h\u1ecdc sinh v\u00e0 th\u00fac \u0111\u1ea9y h\u1ecdc sinh ho\u00e0n th\u00e0nh ch\u01b0\u01a1ng tr\u00ecnh gi\u00e1o d\u1ee5c c\u1ee7a m\u00ecnh. Gi\u1ed1ng nh\u01b0 c\u00e1c d\u1ecbch v\u1ee5 gi\u00e1o d\u1ee5c \u0111\u1eb7c bi\u1ec7t kh\u00e1c, d\u1ecbch v\u1ee5 v\u00e0 ho\u1ea1t \u0111\u1ed9ng chuy\u1ec3n ti\u1ebfp ph\u1ea3i \u0111\u01b0\u1ee3c cung c\u1ea5p trong m\u00f4i tr\u01b0\u1eddng \u00edt h\u1ea1n ch\u1ebf nh\u1ea5t.&nbsp; H\u1ecdc sinh n\u00ean tham gia v\u00e0o c\u00e1c ch\u01b0\u01a1ng tr\u00ecnh gi\u00e1o d\u1ee5c trung h\u1ecdc t\u01b0\u01a1ng t\u1ef1 nh\u01b0 c\u00e1c b\u1ea1n c\u00f9ng tu\u1ed5i, kh\u00f4ng khuy\u1ebft t\u1eadt. V\u00ed d\u1ee5: h\u1ecdc sinh c\u00f3 th\u1ec3 tham gia b\u00e1n th\u1eddi gian ho\u1eb7c<br>to\u00e0n th\u1eddi gian trong c\u00e1c l\u1edbp h\u1ecdc gi\u00e1o d\u1ee5c th\u00f4ng th\u01b0\u1eddng t\u1ea1i tr\u01b0\u1eddng trung h\u1ecdc v\u1edbi s\u1ef1 h\u1ed7 tr\u1ee3 t\u1eeb \u201cch\u01b0\u01a1ng tr\u00ecnh h\u00f2a nh\u1eadp\u201d.&nbsp; Gi\u00e1o vi\u00ean gi\u00e1o d\u1ee5c \u0111\u1eb7c bi\u1ec7t, tr\u1ee3 l\u00fd chuy\u00ean m\u00f4n v\u00e0 c\u00e1c nh\u00e0 cung c\u1ea5p d\u1ecbch v\u1ee5 c\u1ed9ng t\u00e1c v\u1edbi gi\u00e1o vi\u00ean gi\u00e1o d\u1ee5c ph\u1ed5 th\u00f4ng \u0111\u1ec3 \u0111i\u1ec1u ch\u1ec9nh ch\u01b0\u01a1ng tr\u00ecnh gi\u1ea3ng d\u1ea1y v\u00e0 cung c\u1ea5p h\u01b0\u1edbng d\u1eabn c\u00e1 nh\u00e2n h\u00f3a trong c\u00e1c m\u00f4i tr\u01b0\u01a1ng h\u00f2a nh\u1eadp n\u00e0y \u0111\u1ec3 gi\u00fap h\u1ecdc sinh \u0111\u1ea1t \u0111\u01b0\u1ee3c m\u1ee5c ti\u00eau IEP. Ngo\u00e0i ra, h\u1ecdc sinh c\u00f3 th\u1ec3 b\u1eaft \u0111\u1ea7u tham gia v\u00e0o tr\u1ea3i nghi\u1ec7m l\u00e0m vi\u1ec7c c\u00e1 nh\u00e2n h\u00f3a, mang t\u00ednh ch\u1ee9c n\u0103ng v\u00e0 h\u00f2a nh\u1eadp, ch\u1eb3ng h\u1ea1n nh\u01b0 \u0111\u00e0o t\u1ea1o t\u1ea1i ch\u1ed7 trong m\u1ed9t kho\u1ea3ng th\u1eddi gian, m\u1ed9t ho\u1eb7c hai ng\u00e0y m\u1ed7i tu\u1ea7n.&nbsp; \u0110\u00e0o t\u1ea1o k\u1ef9 n\u0103ng c\u00f3 th\u1ec3 di\u1ec5n ra c\u1ea3 trong v\u00e0 ngo\u00e0i khu\u00f4n vi\u00ean tr\u01b0\u1eddng trung h\u1ecdc.<\/p>\n","protected":false},"excerpt":{"rendered":"<p>B\u1ea3n k\u00ea khai c\u00e1c m\u1ee5c ti\u00eau \u201csau trung h\u1ecdc\u201d v\u00e0 d\u1ecbch v\u1ee5 chuy\u1ec3n ti\u1ebfp n\u00ean li\u00ean quan tr\u1ef1c ti\u1ebfp \u0111\u1ebfn c\u00e1c m\u1ee5c ti\u00eau c\u1ee7a h\u1ecdc&hellip;<\/p>\n","protected":false},"author":1,"featured_media":0,"parent":349,"menu_order":9,"comment_status":"closed","ping_status":"closed","template":"","meta":{"footnotes":""},"class_list":["post-1213","page","type-page","status-publish","hentry"],"_links":{"self":[{"href":"https:\/\/serr.disabilityrightsca.org\/vi\/wp-json\/wp\/v2\/pages\/1213","targetHints":{"allow":["GET"]}}],"collection":[{"href":"https:\/\/serr.disabilityrightsca.org\/vi\/wp-json\/wp\/v2\/pages"}],"about":[{"href":"https:\/\/serr.disabilityrightsca.org\/vi\/wp-json\/wp\/v2\/types\/page"}],"author":[{"embeddable":true,"href":"https:\/\/serr.disabilityrightsca.org\/vi\/wp-json\/wp\/v2\/users\/1"}],"replies":[{"embeddable":true,"href":"https:\/\/serr.disabilityrightsca.org\/vi\/wp-json\/wp\/v2\/comments?post=1213"}],"version-history":[{"count":3,"href":"https:\/\/serr.disabilityrightsca.org\/vi\/wp-json\/wp\/v2\/pages\/1213\/revisions"}],"predecessor-version":[{"id":4155,"href":"https:\/\/serr.disabilityrightsca.org\/vi\/wp-json\/wp\/v2\/pages\/1213\/revisions\/4155"}],"up":[{"embeddable":true,"href":"https:\/\/serr.disabilityrightsca.org\/vi\/wp-json\/wp\/v2\/pages\/349"}],"wp:attachment":[{"href":"https:\/\/serr.disabilityrightsca.org\/vi\/wp-json\/wp\/v2\/media?parent=1213"}],"curies":[{"name":"wp","href":"https:\/\/api.w.org\/{rel}","templated":true}]}}