{"id":1220,"date":"2019-07-26T15:14:17","date_gmt":"2019-07-26T22:14:17","guid":{"rendered":"http:\/\/www.rula.disabilityrightsca.org\/serr\/vi\/?page_id=1220"},"modified":"2021-02-08T10:16:26","modified_gmt":"2021-02-08T18:16:26","slug":"10-12-ai-nen-tham-gia-vao-cuoc-hop-lap-ke-hoach-chuyen-tiep","status":"publish","type":"page","link":"https:\/\/serr.disabilityrightsca.org\/vi\/serr-manual\/chuong-10-thong-tin-ve-dich-vu-chuyen-tiep-bao-gom-giao-duc-nghe-nghiep\/10-12-ai-nen-tham-gia-vao-cuoc-hop-lap-ke-hoach-chuyen-tiep\/","title":{"rendered":"(10.12) Ai n\u00ean tham gia v\u00e0o cu\u1ed9c h\u1ecdp l\u1eadp k\u1ebf ho\u1ea1ch chuy\u1ec3n ti\u1ebfp?"},"content":{"rendered":"\n<p>Ngo\u00e0i nh\u1eefng ng\u01b0\u1eddi tham gia IEP b\u1eaft bu\u1ed9c v\u00e0 v\u1edbi s\u1ef1 \u0111\u1ed3ng \u00fd c\u1ee7a ph\u1ee5 huynh ho\u1eb7c h\u1ecdc sinh \u0111\u00e3 \u0111\u1ee7 18 tu\u1ed5i, h\u1ecdc khu ph\u1ea3i m\u1eddi \u0111\u1ea1i di\u1ec7n c\u1ee7a b\u1ea5t k\u1ef3 c\u01a1 quan n\u00e0o c\u00f3 kh\u1ea3 n\u0103ng cung c\u1ea5p d\u1ecbch v\u1ee5 chuy\u1ec3n ti\u1ebfp t\u1edbi cu\u1ed9c h\u1ecdp IEP. C\u00e1c th\u00e0nh ph\u1ea7n tham d\u1ef1 n\u00e0y n\u00ean bao g\u1ed3m \u0111\u1ea1i di\u1ec7n t\u1eeb c\u01a1 quan ph\u1ee5c h\u1ed3i ch\u1ee9c n\u0103ng ngh\u1ec1 nghi\u1ec7p, trung t\u00e2m khu v\u1ef1c, s\u1ee9c kh\u1ecfe t\u00e2m th\u1ea7n c\u1ed9ng \u0111\u1ed3ng, cao \u0111\u1eb3ng c\u1ed9ng \u0111\u1ed3ng v\u00e0 c\u01a1 quan ph\u1ee5c h\u1ed3i ch\u1ee9c n\u0103ng t\u01b0 nh\u00e2n truy\u1ec1n th\u1ed1ng, n\u1ebfu ph\u00f9 h\u1ee3p. [34 C.F.R. Secs. 300.321(b)(3) &amp; 300.324(c).]&nbsp; N\u1ebfu m\u1ed9t \u0111\u1ea1i di\u1ec7n kh\u00f4ng tham d\u1ef1, h\u1ecdc khu n\u00ean th\u1ef1c hi\u1ec7n c\u00e1c b\u01b0\u1edbc \u0111\u1ec3 c\u00f3 \u0111\u01b0\u1ee3c s\u1ef1 tham gia c\u1ee7a c\u01a1 quan trong vi\u1ec7c l\u1eadp k\u1ebf ho\u1ea1ch c\u1ee7a b\u1ea5t k\u1ef3 d\u1ecbch v\u1ee5 chuy\u1ec3n ti\u1ebfp n\u00e0o.<\/p>\n","protected":false},"excerpt":{"rendered":"<p>Ngo\u00e0i nh\u1eefng ng\u01b0\u1eddi tham gia IEP b\u1eaft bu\u1ed9c v\u00e0 v\u1edbi s\u1ef1 \u0111\u1ed3ng \u00fd c\u1ee7a ph\u1ee5 huynh ho\u1eb7c h\u1ecdc sinh \u0111\u00e3 \u0111\u1ee7 18 tu\u1ed5i, h\u1ecdc khu&hellip;<\/p>\n","protected":false},"author":1,"featured_media":0,"parent":349,"menu_order":12,"comment_status":"closed","ping_status":"closed","template":"","meta":{"footnotes":""},"class_list":["post-1220","page","type-page","status-publish","hentry"],"_links":{"self":[{"href":"https:\/\/serr.disabilityrightsca.org\/vi\/wp-json\/wp\/v2\/pages\/1220","targetHints":{"allow":["GET"]}}],"collection":[{"href":"https:\/\/serr.disabilityrightsca.org\/vi\/wp-json\/wp\/v2\/pages"}],"about":[{"href":"https:\/\/serr.disabilityrightsca.org\/vi\/wp-json\/wp\/v2\/types\/page"}],"author":[{"embeddable":true,"href":"https:\/\/serr.disabilityrightsca.org\/vi\/wp-json\/wp\/v2\/users\/1"}],"replies":[{"embeddable":true,"href":"https:\/\/serr.disabilityrightsca.org\/vi\/wp-json\/wp\/v2\/comments?post=1220"}],"version-history":[{"count":4,"href":"https:\/\/serr.disabilityrightsca.org\/vi\/wp-json\/wp\/v2\/pages\/1220\/revisions"}],"predecessor-version":[{"id":4158,"href":"https:\/\/serr.disabilityrightsca.org\/vi\/wp-json\/wp\/v2\/pages\/1220\/revisions\/4158"}],"up":[{"embeddable":true,"href":"https:\/\/serr.disabilityrightsca.org\/vi\/wp-json\/wp\/v2\/pages\/349"}],"wp:attachment":[{"href":"https:\/\/serr.disabilityrightsca.org\/vi\/wp-json\/wp\/v2\/media?parent=1220"}],"curies":[{"name":"wp","href":"https:\/\/api.w.org\/{rel}","templated":true}]}}