{"id":1230,"date":"2019-07-26T15:25:51","date_gmt":"2019-07-26T22:25:51","guid":{"rendered":"http:\/\/www.rula.disabilityrightsca.org\/serr\/vi\/?page_id=1230"},"modified":"2021-02-08T10:19:55","modified_gmt":"2021-02-08T18:19:55","slug":"10-17-moi-quan-he-giua-dich-vu-chuyen-tiep-va-giao-duc-nghe-nghiep-la-gi","status":"publish","type":"page","link":"https:\/\/serr.disabilityrightsca.org\/vi\/serr-manual\/chuong-10-thong-tin-ve-dich-vu-chuyen-tiep-bao-gom-giao-duc-nghe-nghiep\/10-17-moi-quan-he-giua-dich-vu-chuyen-tiep-va-giao-duc-nghe-nghiep-la-gi\/","title":{"rendered":"(10.17) M\u1ed1i quan h\u1ec7 gi\u1eefa d\u1ecbch v\u1ee5 chuy\u1ec3n ti\u1ebfp v\u00e0 gi\u00e1o d\u1ee5c ngh\u1ec1 nghi\u1ec7p l\u00e0 g\u00ec?"},"content":{"rendered":"\n<p>Gi\u00e1o d\u1ee5c ngh\u1ec1 nghi\u1ec7p \u0111\u01b0\u1ee3c \u0111\u1ecbnh ngh\u0129a r\u1ed9ng r\u00e3i trong \u0111\u1ecbnh ngh\u0129a chung v\u1ec1 gi\u00e1o d\u1ee5c \u0111\u1eb7c bi\u1ec7t l\u00e0 \u201cc\u00e1c ch\u01b0\u01a1ng tr\u00ecnh gi\u00e1o d\u1ee5c c\u00f3 t\u1ed5 ch\u1ee9c li\u00ean quan tr\u1ef1c ti\u1ebfp \u0111\u1ebfn vi\u1ec7c chu\u1ea9n b\u1ecb cho c\u00e1c c\u00e1 nh\u00e2n l\u00e0m vi\u1ec7c \u0111\u01b0\u1ee3c tr\u1ea3 l\u01b0\u01a1ng ho\u1eb7c kh\u00f4ng \u0111\u01b0\u1ee3c tr\u1ea3 l\u01b0\u01a1ng, ho\u1eb7c \u0111\u1ec3 chu\u1ea9n b\u1ecb th\u00eam cho m\u1ed9t ngh\u1ec1 nghi\u1ec7p kh\u00f4ng c\u1ea7n b\u1eb1ng t\u00fa t\u00e0i ho\u1eb7c b\u1eb1ng c\u1ea5p cao\u201d.&nbsp; [34 C.F.R. Sec. 300.39(b)(5).] Ngo\u00e0i ra, \u0111\u00e0o t\u1ea1o ngh\u1ec1 \u0111\u01b0\u1ee3c bao g\u1ed3m trong \u0111\u1ecbnh ngh\u0129a v\u1ec1 c\u00e1c d\u1ecbch v\u1ee5 chuy\u1ec3n ti\u1ebfp. [34 C.F.R. Sec. 300.43.] V\u00ec gi\u00e1o d\u1ee5c v\u00e0 \u0111\u00e0o t\u1ea1o ngh\u1ec1 nghi\u1ec7p c\u00f3 th\u1ec3 l\u00e0 m\u1ed9t ph\u1ea7n quan tr\u1ecdng trong c\u00e1c d\u1ecbch v\u1ee5 chuy\u1ec3n ti\u1ebfp c\u1ee7a h\u1ecdc sinh, n\u00ean \u0111\u00f3 c\u0169ng l\u00e0 m\u1ed9t ph\u1ea7n ch\u00ednh c\u1ee7a quy tr\u00ecnh l\u1eadp k\u1ebf ho\u1ea1ch ITP.<\/p>\n","protected":false},"excerpt":{"rendered":"<p>Gi\u00e1o d\u1ee5c ngh\u1ec1 nghi\u1ec7p \u0111\u01b0\u1ee3c \u0111\u1ecbnh ngh\u0129a r\u1ed9ng r\u00e3i trong \u0111\u1ecbnh ngh\u0129a chung v\u1ec1 gi\u00e1o d\u1ee5c \u0111\u1eb7c bi\u1ec7t l\u00e0 \u201cc\u00e1c ch\u01b0\u01a1ng tr\u00ecnh gi\u00e1o d\u1ee5c c\u00f3&hellip;<\/p>\n","protected":false},"author":1,"featured_media":0,"parent":349,"menu_order":17,"comment_status":"closed","ping_status":"closed","template":"","meta":{"footnotes":""},"class_list":["post-1230","page","type-page","status-publish","hentry"],"_links":{"self":[{"href":"https:\/\/serr.disabilityrightsca.org\/vi\/wp-json\/wp\/v2\/pages\/1230","targetHints":{"allow":["GET"]}}],"collection":[{"href":"https:\/\/serr.disabilityrightsca.org\/vi\/wp-json\/wp\/v2\/pages"}],"about":[{"href":"https:\/\/serr.disabilityrightsca.org\/vi\/wp-json\/wp\/v2\/types\/page"}],"author":[{"embeddable":true,"href":"https:\/\/serr.disabilityrightsca.org\/vi\/wp-json\/wp\/v2\/users\/1"}],"replies":[{"embeddable":true,"href":"https:\/\/serr.disabilityrightsca.org\/vi\/wp-json\/wp\/v2\/comments?post=1230"}],"version-history":[{"count":4,"href":"https:\/\/serr.disabilityrightsca.org\/vi\/wp-json\/wp\/v2\/pages\/1230\/revisions"}],"predecessor-version":[{"id":4163,"href":"https:\/\/serr.disabilityrightsca.org\/vi\/wp-json\/wp\/v2\/pages\/1230\/revisions\/4163"}],"up":[{"embeddable":true,"href":"https:\/\/serr.disabilityrightsca.org\/vi\/wp-json\/wp\/v2\/pages\/349"}],"wp:attachment":[{"href":"https:\/\/serr.disabilityrightsca.org\/vi\/wp-json\/wp\/v2\/media?parent=1230"}],"curies":[{"name":"wp","href":"https:\/\/api.w.org\/{rel}","templated":true}]}}