{"id":1232,"date":"2019-07-26T15:28:12","date_gmt":"2019-07-26T22:28:12","guid":{"rendered":"http:\/\/www.rula.disabilityrightsca.org\/serr\/vi\/?page_id=1232"},"modified":"2021-02-08T10:20:49","modified_gmt":"2021-02-08T18:20:49","slug":"10-18-giao-duc-nghe-nghiep-la-gi","status":"publish","type":"page","link":"https:\/\/serr.disabilityrightsca.org\/vi\/serr-manual\/chuong-10-thong-tin-ve-dich-vu-chuyen-tiep-bao-gom-giao-duc-nghe-nghiep\/10-18-giao-duc-nghe-nghiep-la-gi\/","title":{"rendered":"(10.18) Gi\u00e1o d\u1ee5c ngh\u1ec1 nghi\u1ec7p l\u00e0 g\u00ec?"},"content":{"rendered":"\n<p>B\u1ed9 Lu\u1eadt Quy Ch\u1ebf California \u0111\u1ecbnh ngh\u0129a gi\u00e1o d\u1ee5c ngh\u1ec1 nghi\u1ec7p cho h\u1ecdc sinh nh\u1eadn gi\u00e1o d\u1ee5c \u0111\u1eb7c bi\u1ec7t nh\u01b0 sau:<\/p>\n\n\n\n<p>Gi\u00e1o d\u1ee5c ngh\u1ec1 nghi\u1ec7p v\u00e0 ph\u00e1t tri\u1ec3n ngh\u1ec1 nghi\u1ec7p \u0111\u01b0\u1ee3c thi\u1ebft k\u1ebf \u0111\u1eb7c bi\u1ec7t cho ng\u01b0\u1eddi khuy\u1ebft t\u1eadt, c\u00f3 th\u1ec3 bao g\u1ed3m:<\/p>\n\n\n\n<p>(1)&nbsp;&nbsp;&nbsp;&nbsp; Cung c\u1ea5p c\u00e1c ch\u01b0\u01a1ng tr\u00ecnh tr\u01b0\u1edbc khi \u0111i l\u00e0m v\u00e0 th\u1ea9m \u0111\u1ecbnh c\u00e1c k\u1ef9 n\u0103ng, m\u1ed1i quan t\u00e2m, n\u0103ng khi\u1ebfu v\u00e0 th\u00e1i \u0111\u1ed9 li\u00ean quan \u0111\u1ebfn c\u00f4ng vi\u1ec7c;<\/p>\n\n\n\n<p>(2)&nbsp;&nbsp;&nbsp;&nbsp; \u0110i\u1ec1u ph\u1ed1i v\u00e0 s\u1eeda \u0111\u1ed5i ch\u01b0\u01a1ng tr\u00ecnh gi\u00e1o d\u1ee5c ngh\u1ec1 nghi\u1ec7p th\u00f4ng th\u01b0\u1eddng;<\/p>\n\n\n\n<p>(3)&nbsp;&nbsp;&nbsp;&nbsp; H\u1ed7 tr\u1ee3 c\u00e1c c\u00e1 nh\u00e2n ph\u00e1t tri\u1ec3n th\u00e1i \u0111\u1ed9, s\u1ef1 t\u1ef1 tin v\u00e0 n\u0103ng l\u1ef1c ngh\u1ec1 nghi\u1ec7p \u0111\u1ec3 t\u00ecm ki\u1ebfm, b\u1ea3o \u0111\u1ea3m v\u00e0 duy tr\u00ec vi\u1ec7c l\u00e0m trong c\u1ed9ng \u0111\u1ed3ng ho\u1eb7c m\u00f4i tr\u01b0\u1eddng \u0111\u01b0\u1ee3c b\u1ea3o v\u1ec7 v\u00e0 cho ph\u00e9p c\u00e1c c\u00e1 nh\u00e2n \u0111\u00f3 tr\u1edf th\u00e0nh th\u00e0nh vi\u00ean tham gia c\u1ee7a c\u1ed9ng \u0111\u1ed3ng;<\/p>\n\n\n\n<p>(4)&nbsp;&nbsp;&nbsp;&nbsp; Thi\u1ebft l\u1eadp c\u00e1c ch\u01b0\u01a1ng tr\u00ecnh \u0111\u00e0o t\u1ea1o c\u00f4ng vi\u1ec7c trong nh\u00e0 tr\u01b0\u1eddng v\u00e0 c\u1ed9ng \u0111\u1ed3ng;<\/p>\n\n\n\n<p>(5)&nbsp;&nbsp;&nbsp;&nbsp; H\u1ed7 tr\u1ee3 s\u1eafp x\u1ebfp c\u00f4ng vi\u1ec7c;<\/p>\n\n\n\n<p>(6)&nbsp;&nbsp;&nbsp;&nbsp; H\u01b0\u1edbng d\u1eabn ng\u01b0\u1eddi \u0111\u00e0o t\u1ea1o ngh\u1ec1 v\u00e0 nh\u00e0 tuy\u1ec3n d\u1ee5ng v\u1ec1 nhu c\u1ea7u \u0111\u1eb7c bi\u1ec7t c\u1ee7a c\u00e1 nh\u00e2n;<\/p>\n\n\n\n<p>(7)&nbsp;&nbsp;&nbsp;&nbsp; Duy tr\u00ec li\u00ean l\u1ea1c theo l\u1ecbch tr\u00ecnh th\u01b0\u1eddng xuy\u00ean v\u1edbi t\u1ea5t c\u1ea3 c\u00e1c c\u01a1 s\u1edf l\u00e0m vi\u1ec7c v\u00e0 ng\u01b0\u1eddi \u0111\u00e0o t\u1ea1o t\u1ea1i ch\u1ed7;<\/p>\n\n\n\n<p>(8)&nbsp;&nbsp;&nbsp;&nbsp; \u0110i\u1ec1u ph\u1ed1i d\u1ecbch v\u1ee5 v\u1edbi S\u1edf Ph\u1ee5c H\u1ed3i Ch\u1ee9c N\u0103ng (Department of Rehabilitation) v\u00e0 c\u00e1c c\u01a1 quan kh\u00e1c theo ch\u1ec9 \u0111\u1ecbnh trong ch\u01b0\u01a1ng tr\u00ecnh gi\u00e1o d\u1ee5c c\u00e1 nh\u00e2n.<\/p>\n\n\n\n<p>&nbsp;&nbsp;&nbsp;&nbsp;&nbsp;&nbsp;&nbsp;&nbsp;&nbsp; [5 C.C.R. Sec. 3051.14.]<\/p>\n","protected":false},"excerpt":{"rendered":"<p>B\u1ed9 Lu\u1eadt Quy Ch\u1ebf California \u0111\u1ecbnh ngh\u0129a gi\u00e1o d\u1ee5c ngh\u1ec1 nghi\u1ec7p cho h\u1ecdc sinh nh\u1eadn gi\u00e1o d\u1ee5c \u0111\u1eb7c bi\u1ec7t nh\u01b0 sau: Gi\u00e1o d\u1ee5c ngh\u1ec1 nghi\u1ec7p&hellip;<\/p>\n","protected":false},"author":1,"featured_media":0,"parent":349,"menu_order":18,"comment_status":"closed","ping_status":"closed","template":"","meta":{"footnotes":""},"class_list":["post-1232","page","type-page","status-publish","hentry"],"_links":{"self":[{"href":"https:\/\/serr.disabilityrightsca.org\/vi\/wp-json\/wp\/v2\/pages\/1232","targetHints":{"allow":["GET"]}}],"collection":[{"href":"https:\/\/serr.disabilityrightsca.org\/vi\/wp-json\/wp\/v2\/pages"}],"about":[{"href":"https:\/\/serr.disabilityrightsca.org\/vi\/wp-json\/wp\/v2\/types\/page"}],"author":[{"embeddable":true,"href":"https:\/\/serr.disabilityrightsca.org\/vi\/wp-json\/wp\/v2\/users\/1"}],"replies":[{"embeddable":true,"href":"https:\/\/serr.disabilityrightsca.org\/vi\/wp-json\/wp\/v2\/comments?post=1232"}],"version-history":[{"count":4,"href":"https:\/\/serr.disabilityrightsca.org\/vi\/wp-json\/wp\/v2\/pages\/1232\/revisions"}],"predecessor-version":[{"id":4164,"href":"https:\/\/serr.disabilityrightsca.org\/vi\/wp-json\/wp\/v2\/pages\/1232\/revisions\/4164"}],"up":[{"embeddable":true,"href":"https:\/\/serr.disabilityrightsca.org\/vi\/wp-json\/wp\/v2\/pages\/349"}],"wp:attachment":[{"href":"https:\/\/serr.disabilityrightsca.org\/vi\/wp-json\/wp\/v2\/media?parent=1232"}],"curies":[{"name":"wp","href":"https:\/\/api.w.org\/{rel}","templated":true}]}}