{"id":1277,"date":"2019-07-26T16:13:44","date_gmt":"2019-07-26T23:13:44","guid":{"rendered":"http:\/\/www.rula.disabilityrightsca.org\/serr\/vi\/?page_id=1277"},"modified":"2021-02-08T10:23:42","modified_gmt":"2021-02-08T18:23:42","slug":"10-22-lam-the-nao-toi-co-the-lam-viec-voi-cac-giao-vien-va-nhan-vien-khac-cua-con-toi-de-thuc-day-cac-ky-nang-can-thiet-cho-con-toi-tham-gia-vao-chuong-trinh-giao-duc-nghe-nghiep","status":"publish","type":"page","link":"https:\/\/serr.disabilityrightsca.org\/vi\/serr-manual\/chuong-10-thong-tin-ve-dich-vu-chuyen-tiep-bao-gom-giao-duc-nghe-nghiep\/10-22-lam-the-nao-toi-co-the-lam-viec-voi-cac-giao-vien-va-nhan-vien-khac-cua-con-toi-de-thuc-day-cac-ky-nang-can-thiet-cho-con-toi-tham-gia-vao-chuong-trinh-giao-duc-nghe-nghiep\/","title":{"rendered":"(10.22) L\u00e0m th\u1ebf n\u00e0o t\u00f4i c\u00f3 th\u1ec3 l\u00e0m vi\u1ec7c v\u1edbi c\u00e1c gi\u00e1o vi\u00ean v\u00e0 nh\u00e2n vi\u00ean kh\u00e1c c\u1ee7a con t\u00f4i \u0111\u1ec3 th\u00fac \u0111\u1ea9y c\u00e1c k\u1ef9 n\u0103ng c\u1ea7n thi\u1ebft cho con t\u00f4i tham gia v\u00e0o ch\u01b0\u01a1ng tr\u00ecnh gi\u00e1o d\u1ee5c ngh\u1ec1 nghi\u1ec7p?"},"content":{"rendered":"\n<p>H\u00e3y ch\u1eafc ch\u1eafn r\u1eb1ng c\u00e1c m\u1ee5c ti\u00eau ngh\u1ec1 nghi\u1ec7p \u0111\u01b0\u1ee3c ghi v\u00e0o IEP c\u1ee7a con qu\u00fd v\u1ecb b\u1eb1ng c\u00e1ch truy\u1ec1n \u0111\u1ea1t nh\u1eefng k\u1ef3 v\u1ecdng c\u1ee7a qu\u00fd v\u1ecb r\u1eb1ng con m\u00ecnh s\u1ebd l\u00e0m vi\u1ec7c nh\u01b0 m\u1ed9t ng\u01b0\u1eddi tr\u01b0\u1edfng th\u00e0nh. Kh\u00f4ng bao gi\u1edd l\u00e0 qu\u00e1 s\u1edbm \u0111\u1ec3 b\u1eaft \u0111\u1ea7u. H\u00e3y ch\u1eafc ch\u1eafn r\u1eb1ng c\u00e1c k\u1ef9 n\u0103ng v\u1ec7 sinh \u0111\u1ea7u t\u00f3c, th\u1ec3 d\u1ee5c th\u1ec3 thao, v\u1eadn \u0111\u1ed9ng, giao ti\u1ebfp v\u00e0 x\u00e3 h\u1ed9i \u0111\u01b0\u1ee3c nh\u1ea5n m\u1ea1nh v\u00e0 h\u1ecdc h\u1ecfi. C\u00e1c k\u1ef9 n\u0103ng c\u01a1 b\u1ea3n \u0111\u01b0\u1ee3c ph\u00e1t tri\u1ec3n c\u00e0ng s\u1edbm, vi\u1ec7c nh\u1ea5n m\u1ea1nh c\u00f3 th\u1ec3 chuy\u1ec3n sang c\u00e1c k\u1ef9 n\u0103ng ngh\u1ec1 nghi\u1ec7p c\u1ee5 th\u1ec3 c\u00e0ng nhanh.<\/p>\n\n\n\n<p>Qu\u00fd v\u1ecb c\u00f3 th\u1ec3 giao cho con c\u00e1c tr\u00e1ch nhi\u1ec7m gia \u0111\u00ecnh t\u1eeb khi c\u00f2n nh\u1ecf. Qu\u00fd v\u1ecb c\u0169ng c\u00f3 th\u1ec3 ch\u1eafc ch\u1eafn r\u1eb1ng con m\u00ecnh tham gia v\u00e0o c\u00e1c ho\u1ea1t \u0111\u1ed9ng v\u00e0 tr\u1ea3i nghi\u1ec7m c\u1ed9ng \u0111\u1ed3ng, \u0111\u1eb7c bi\u1ec7t l\u00e0 c\u00e1c ho\u1ea1t \u0111\u1ed9ng gi\u1ea3i tr\u00ed. \u0110\u00f3ng vai tr\u00f2 t\u00edch c\u1ef1c trong vi\u1ec7c \u0111\u01b0a con qu\u00fd v\u1ecb tham gia c\u00e0ng nhi\u1ec1u ho\u1ea1t \u0111\u1ed9ng v\u00e0 tr\u1ea3i nghi\u1ec7m ngh\u1ec1 nghi\u1ec7p c\u00e0ng t\u1ed1t.<\/p>\n","protected":false},"excerpt":{"rendered":"<p>H\u00e3y ch\u1eafc ch\u1eafn r\u1eb1ng c\u00e1c m\u1ee5c ti\u00eau ngh\u1ec1 nghi\u1ec7p \u0111\u01b0\u1ee3c ghi v\u00e0o IEP c\u1ee7a con qu\u00fd v\u1ecb b\u1eb1ng c\u00e1ch truy\u1ec1n \u0111\u1ea1t nh\u1eefng k\u1ef3 v\u1ecdng c\u1ee7a&hellip;<\/p>\n","protected":false},"author":1,"featured_media":0,"parent":349,"menu_order":22,"comment_status":"closed","ping_status":"closed","template":"","meta":{"footnotes":""},"class_list":["post-1277","page","type-page","status-publish","hentry"],"_links":{"self":[{"href":"https:\/\/serr.disabilityrightsca.org\/vi\/wp-json\/wp\/v2\/pages\/1277","targetHints":{"allow":["GET"]}}],"collection":[{"href":"https:\/\/serr.disabilityrightsca.org\/vi\/wp-json\/wp\/v2\/pages"}],"about":[{"href":"https:\/\/serr.disabilityrightsca.org\/vi\/wp-json\/wp\/v2\/types\/page"}],"author":[{"embeddable":true,"href":"https:\/\/serr.disabilityrightsca.org\/vi\/wp-json\/wp\/v2\/users\/1"}],"replies":[{"embeddable":true,"href":"https:\/\/serr.disabilityrightsca.org\/vi\/wp-json\/wp\/v2\/comments?post=1277"}],"version-history":[{"count":4,"href":"https:\/\/serr.disabilityrightsca.org\/vi\/wp-json\/wp\/v2\/pages\/1277\/revisions"}],"predecessor-version":[{"id":4168,"href":"https:\/\/serr.disabilityrightsca.org\/vi\/wp-json\/wp\/v2\/pages\/1277\/revisions\/4168"}],"up":[{"embeddable":true,"href":"https:\/\/serr.disabilityrightsca.org\/vi\/wp-json\/wp\/v2\/pages\/349"}],"wp:attachment":[{"href":"https:\/\/serr.disabilityrightsca.org\/vi\/wp-json\/wp\/v2\/media?parent=1277"}],"curies":[{"name":"wp","href":"https:\/\/api.w.org\/{rel}","templated":true}]}}