{"id":1287,"date":"2019-07-26T16:18:29","date_gmt":"2019-07-26T23:18:29","guid":{"rendered":"http:\/\/www.rula.disabilityrightsca.org\/serr\/vi\/?page_id=1287"},"modified":"2021-02-08T10:26:22","modified_gmt":"2021-02-08T18:26:22","slug":"10-25-viec-lam-duoc-ho-tro-la-gi","status":"publish","type":"page","link":"https:\/\/serr.disabilityrightsca.org\/vi\/serr-manual\/chuong-10-thong-tin-ve-dich-vu-chuyen-tiep-bao-gom-giao-duc-nghe-nghiep\/10-25-viec-lam-duoc-ho-tro-la-gi\/","title":{"rendered":"(10.25) Vi\u1ec7c L\u00e0m \u0110\u01b0\u1ee3c H\u1ed7 Tr\u1ee3 l\u00e0 g\u00ec?"},"content":{"rendered":"\n<p>\u201cVi\u1ec7c L\u00e0m \u0110\u01b0\u1ee3c H\u1ed7 Tr\u1ee3\u201d l\u00e0 t\u00f9y ch\u1ecdn s\u1eafp x\u1ebfp ngh\u1ec1 nghi\u1ec7p ch\u1ee7 y\u1ebfu \u0111\u01b0\u1ee3c s\u1eed d\u1ee5ng cho ng\u01b0\u1eddi khuy\u1ebft t\u1eadt ph\u00e1t tri\u1ec3n. Theo lu\u1eadt ti\u1ec3u bang (\u201c\u0110\u1ea1o Lu\u1eadt Lanterman\u201d), t\u00f9y ch\u1ecdn n\u00e0y c\u00f3 ngh\u0129a l\u00e0 c\u00f4ng vi\u1ec7c \u0111\u01b0\u1ee3c tr\u1ea3 l\u01b0\u01a1ng trong m\u1ed9t m\u00f4i tr\u01b0\u1eddng h\u00f2a nh\u1eadp t\u1ea1i c\u1ed9ng \u0111\u1ed3ng n\u01a1i nh\u1eefng ng\u01b0\u1eddi khuy\u1ebft t\u1eadt v\u00e0 kh\u00f4ng khuy\u1ebft t\u1eadt t\u01b0\u01a1ng t\u00e1c. Ng\u01b0\u1eddi lao \u0111\u1ed9ng c\u00f3 th\u1ec3 \u0111\u01b0\u1ee3c thu\u00ea b\u1edfi nh\u00e0 tuy\u1ec3n d\u1ee5ng trong c\u1ed9ng \u0111\u1ed3ng, theo c\u00e1ch tr\u1ef1c ti\u1ebfp ho\u1eb7c th\u00f4ng qua h\u1ee3p \u0111\u1ed3ng v\u1edbi Trung T\u00e2m Khu V\u1ef1c ho\u1eb7c S\u1edf Ph\u1ee5c H\u1ed3i Ch\u1ee9c N\u0103ng v\u1edbi c\u01a1 quan vi\u1ec7c l\u00e0m \u0111\u01b0\u1ee3c h\u1ed7 tr\u1ee3. Th\u00f4ng th\u01b0\u1eddng, c\u00e1c d\u1ecbch v\u1ee5 h\u1ed7 tr\u1ee3 li\u00ean t\u1ee5c \u0111\u01b0\u1ee3c cung c\u1ea5p cho nh\u00e2n vi\u00ean \u0111\u1ec3 h\u1ecd c\u00f3 th\u1ec3 gi\u1eef \u0111\u01b0\u1ee3c c\u00f4ng vi\u1ec7c. [Cal. Welf. &amp; Inst. Code Secs. 4851(n)-(p).] T\u00f9y ch\u1ecdn s\u1eafp x\u1ebfp ngh\u1ec1 nghi\u1ec7p n\u00e0y c\u0169ng n\u00ean \u0111\u01b0\u1ee3c cung c\u1ea5p cho nh\u1eefng ng\u01b0\u1eddi b\u1ecb c\u00e1c lo\u1ea1i khuy\u1ebft t\u1eadt kh\u00e1c.<\/p>\n","protected":false},"excerpt":{"rendered":"<p>\u201cVi\u1ec7c L\u00e0m \u0110\u01b0\u1ee3c H\u1ed7 Tr\u1ee3\u201d l\u00e0 t\u00f9y ch\u1ecdn s\u1eafp x\u1ebfp ngh\u1ec1 nghi\u1ec7p ch\u1ee7 y\u1ebfu \u0111\u01b0\u1ee3c s\u1eed d\u1ee5ng cho ng\u01b0\u1eddi khuy\u1ebft t\u1eadt ph\u00e1t tri\u1ec3n. Theo lu\u1eadt&hellip;<\/p>\n","protected":false},"author":1,"featured_media":0,"parent":349,"menu_order":25,"comment_status":"closed","ping_status":"closed","template":"","meta":{"footnotes":""},"class_list":["post-1287","page","type-page","status-publish","hentry"],"_links":{"self":[{"href":"https:\/\/serr.disabilityrightsca.org\/vi\/wp-json\/wp\/v2\/pages\/1287","targetHints":{"allow":["GET"]}}],"collection":[{"href":"https:\/\/serr.disabilityrightsca.org\/vi\/wp-json\/wp\/v2\/pages"}],"about":[{"href":"https:\/\/serr.disabilityrightsca.org\/vi\/wp-json\/wp\/v2\/types\/page"}],"author":[{"embeddable":true,"href":"https:\/\/serr.disabilityrightsca.org\/vi\/wp-json\/wp\/v2\/users\/1"}],"replies":[{"embeddable":true,"href":"https:\/\/serr.disabilityrightsca.org\/vi\/wp-json\/wp\/v2\/comments?post=1287"}],"version-history":[{"count":3,"href":"https:\/\/serr.disabilityrightsca.org\/vi\/wp-json\/wp\/v2\/pages\/1287\/revisions"}],"predecessor-version":[{"id":4171,"href":"https:\/\/serr.disabilityrightsca.org\/vi\/wp-json\/wp\/v2\/pages\/1287\/revisions\/4171"}],"up":[{"embeddable":true,"href":"https:\/\/serr.disabilityrightsca.org\/vi\/wp-json\/wp\/v2\/pages\/349"}],"wp:attachment":[{"href":"https:\/\/serr.disabilityrightsca.org\/vi\/wp-json\/wp\/v2\/media?parent=1287"}],"curies":[{"name":"wp","href":"https:\/\/api.w.org\/{rel}","templated":true}]}}