{"id":1331,"date":"2019-08-06T13:47:55","date_gmt":"2019-08-06T20:47:55","guid":{"rendered":"http:\/\/www.rula.disabilityrightsca.org\/serr\/vi\/?page_id=1331"},"modified":"2021-02-01T17:43:12","modified_gmt":"2021-02-02T01:43:12","slug":"3-3-quan-hoac-hoc-khu-co-chuong-trinh-danh-cho-tre-em-diec-mu-con-toi-thuc-su-bi-ca-diec-va-mu-moi-hoi-du-dieu-kien-tham-gia-chuong-trinh-phai-khong","status":"publish","type":"page","link":"https:\/\/serr.disabilityrightsca.org\/vi\/serr-manual\/chuong-3-thong-tin-ve-tieu-chi-du-dieu-kien\/3-3-quan-hoac-hoc-khu-co-chuong-trinh-danh-cho-tre-em-diec-mu-con-toi-thuc-su-bi-ca-diec-va-mu-moi-hoi-du-dieu-kien-tham-gia-chuong-trinh-phai-khong\/","title":{"rendered":"(3.3) Qu\u1eadn (ho\u1eb7c h\u1ecdc khu) c\u00f3 ch\u01b0\u01a1ng tr\u00ecnh d\u00e0nh cho tr\u1ebb em \u0111i\u1ebfc\/m\u00f9. Con t\u00f4i th\u1ef1c s\u1ef1 b\u1ecb c\u1ea3 \u0111i\u1ebfc v\u00e0 m\u00f9 m\u1edbi h\u1ed9i \u0111\u1ee7 \u0111i\u1ec1u ki\u1ec7n tham gia ch\u01b0\u01a1ng tr\u00ecnh ph\u1ea3i kh\u00f4ng?"},"content":{"rendered":"\n<p>Kh\u00f4ng. N\u1ebfu con qu\u00fd v\u1ecb b\u1ecb c\u1ea3 khi\u1ebfm th\u00ednh l\u1eabn khi\u1ebfm th\u1ecb &#8211; hai t\u00ecnh tr\u1ea1ng m\u00e0 \u0111i c\u00f9ng nhau s\u1ebd g\u00e2y ra c\u00e1c v\u1ea5n \u0111\u1ec1 r\u1ea5t nghi\u00eam tr\u1ecdng v\u1ec1 giao ti\u1ebfp, ph\u00e1t tri\u1ec3n v\u00e0 h\u1ecdc t\u1eadp m\u00e0 kh\u00f4ng th\u1ec3 gi\u1ea3i quy\u1ebft b\u1eb1ng m\u1ed9t ch\u01b0\u01a1ng tr\u00ecnh d\u00e0nh cho tr\u1ebb ch\u1ec9 khi\u1ebfm th\u00ednh ho\u1eb7c ch\u1ec9 khi\u1ebfm th\u1ecb &#8211; th\u00ec v\u1eabn \u0111\u1ee7 \u0111i\u1ec1u ki\u1ec7n tham gia ch\u01b0\u01a1ng tr\u00ecnh. [34 C.F.R. Sec. 300.8(c)(2); 5 C.C.R. Sec. 3030(b)(2).] M\u1eb7t kh\u00e1c, n\u1ebfu c\u00f3 th\u1ec3 ph\u1ee5c v\u1ee5 tr\u1ebb b\u1ecb c\u1ea3 khi\u1ebfm th\u00ednh l\u1eabn khi\u1ebfm th\u1ecb m\u1ed9t c\u00e1ch th\u00edch h\u1ee3p trong ch\u01b0\u01a1ng tr\u00ecnh d\u00e0nh cho tr\u1ebb em ch\u1ec9 b\u1ecb m\u1ed9t trong hai t\u00ecnh tr\u1ea1ng n\u00e0y, th\u00ec tr\u1ebb kh\u00f4ng c\u1ea7n ph\u1ea3i \u0111\u01b0\u1ee3c \u0111\u01b0a v\u00e0o ch\u01b0\u01a1ng tr\u00ecnh d\u00e0nh cho tr\u1ebb b\u1ecb c\u1ea3 hai t\u00ecnh tr\u1ea1ng.<\/p>\n","protected":false},"excerpt":{"rendered":"<p>Kh\u00f4ng. N\u1ebfu con qu\u00fd v\u1ecb b\u1ecb c\u1ea3 khi\u1ebfm th\u00ednh l\u1eabn khi\u1ebfm th\u1ecb &#8211; hai t\u00ecnh tr\u1ea1ng m\u00e0 \u0111i c\u00f9ng nhau s\u1ebd g\u00e2y ra c\u00e1c v\u1ea5n&hellip;<\/p>\n","protected":false},"author":1,"featured_media":0,"parent":329,"menu_order":3,"comment_status":"closed","ping_status":"closed","template":"","meta":{"footnotes":""},"class_list":["post-1331","page","type-page","status-publish","hentry"],"_links":{"self":[{"href":"https:\/\/serr.disabilityrightsca.org\/vi\/wp-json\/wp\/v2\/pages\/1331","targetHints":{"allow":["GET"]}}],"collection":[{"href":"https:\/\/serr.disabilityrightsca.org\/vi\/wp-json\/wp\/v2\/pages"}],"about":[{"href":"https:\/\/serr.disabilityrightsca.org\/vi\/wp-json\/wp\/v2\/types\/page"}],"author":[{"embeddable":true,"href":"https:\/\/serr.disabilityrightsca.org\/vi\/wp-json\/wp\/v2\/users\/1"}],"replies":[{"embeddable":true,"href":"https:\/\/serr.disabilityrightsca.org\/vi\/wp-json\/wp\/v2\/comments?post=1331"}],"version-history":[{"count":2,"href":"https:\/\/serr.disabilityrightsca.org\/vi\/wp-json\/wp\/v2\/pages\/1331\/revisions"}],"predecessor-version":[{"id":3777,"href":"https:\/\/serr.disabilityrightsca.org\/vi\/wp-json\/wp\/v2\/pages\/1331\/revisions\/3777"}],"up":[{"embeddable":true,"href":"https:\/\/serr.disabilityrightsca.org\/vi\/wp-json\/wp\/v2\/pages\/329"}],"wp:attachment":[{"href":"https:\/\/serr.disabilityrightsca.org\/vi\/wp-json\/wp\/v2\/media?parent=1331"}],"curies":[{"name":"wp","href":"https:\/\/api.w.org\/{rel}","templated":true}]}}