{"id":1333,"date":"2019-08-06T13:50:58","date_gmt":"2019-08-06T20:50:58","guid":{"rendered":"http:\/\/www.rula.disabilityrightsca.org\/serr\/vi\/?page_id=1333"},"modified":"2021-02-01T17:44:11","modified_gmt":"2021-02-02T01:44:11","slug":"3-4-cac-tieu-chi-du-dieu-kien-cho-hoc-sinh-bi-roi-loan-loi-noi-va-ngon-ngu-la-gi","status":"publish","type":"page","link":"https:\/\/serr.disabilityrightsca.org\/vi\/serr-manual\/chuong-3-thong-tin-ve-tieu-chi-du-dieu-kien\/3-4-cac-tieu-chi-du-dieu-kien-cho-hoc-sinh-bi-roi-loan-loi-noi-va-ngon-ngu-la-gi\/","title":{"rendered":"(3.4) C\u00e1c ti\u00eau ch\u00ed \u0111\u1ee7 \u0111i\u1ec1u ki\u1ec7n cho h\u1ecdc sinh b\u1ecb r\u1ed1i lo\u1ea1n l\u1eddi n\u00f3i v\u00e0 ng\u00f4n ng\u1eef l\u00e0 g\u00ec?"},"content":{"rendered":"\n<p>H\u1ecdc sinh g\u1eb7p kh\u00f3 kh\u0103n v\u1ec1 l\u1eddi n\u00f3i v\u00e0 ng\u00f4n ng\u1eef h\u1ed9i \u0111\u1ee7 \u0111i\u1ec1u ki\u1ec7n nh\u1eadn c\u00e1c d\u1ecbch v\u1ee5 gi\u00e1o d\u1ee5c \u0111\u1eb7c bi\u1ec7t n\u1ebfu \u0111\u00e1p \u1ee9ng m\u1ed9t ho\u1eb7c nhi\u1ec1u ti\u00eau ch\u00ed sau:<\/p>\n\n\n\n<ul class=\"wp-block-list\"><li><strong>R\u1ed1i Lo\u1ea1n Ph\u00e1t \u00c2m<\/strong> &#8211; l\u00e0m gi\u1ea3m kh\u1ea3 n\u0103ng ph\u00e1t \u00e2m r\u00f5 ti\u1ebfng c\u1ee7a h\u1ecdc sinh v\u00e0 g\u00e2y \u1ea3nh h\u01b0\u1edfng \u0111\u00e1ng k\u1ec3 \u0111\u1ebfn vi\u1ec7c giao ti\u1ebfp \u0111\u1ed3ng th\u1eddi thu h\u00fat s\u1ef1 ch\u00fa \u00fd kh\u00f4ng t\u1ed1t. N\u0103ng l\u1ef1c ph\u00e1t \u00e2m c\u1ee7a h\u1ecdc sinh ph\u1ea3i k\u00e9m h\u01a1n m\u1ee9c mong \u0111\u1ee3i cho \u0111\u1ed9 tu\u1ed5i th\u1ef1c t\u1ebf ho\u1eb7c m\u1ee9c \u0111\u1ed9 ph\u00e1t tri\u1ec3n, ch\u1ee9 kh\u00f4ng ph\u1ea3i ch\u1ec9 l\u00e0 m\u1ed9t ki\u1ec3u ph\u00e1t \u00e2m b\u1ecb nu\u1ed1t ch\u1eef b\u1ea5t th\u01b0\u1eddng;<\/li><\/ul>\n\n\n\n<ul class=\"wp-block-list\"><li><strong>Gi\u1ecdng N\u00f3i B\u1ea5t Th\u01b0\u1eddng<\/strong> &#8211; c\u00f3 \u0111\u1eb7c tr\u01b0ng l\u00e0 ch\u1ea5t l\u01b0\u1ee3ng, cao \u0111\u1ed9 ho\u1eb7c \u0111\u1ed9 l\u1edbn c\u1ee7a gi\u1ecdng b\u1ecb \u0111\u1ec1u \u0111\u1ec1u, c\u00f3 khi\u1ebfm khuy\u1ebft;<\/li><\/ul>\n\n\n\n<ul class=\"wp-block-list\"><li><strong>R\u1ed1i Lo\u1ea1n L\u01b0u Lo\u00e1t<\/strong> &#8211; m\u1ea1ch tr\u00f2 chuy\u1ec7n b\u1eb1ng l\u1eddi, bao g\u1ed3m c\u1ea3 t\u1ed1c \u0111\u1ed9 v\u00e0 nh\u1ecbp \u0111i\u1ec7u, g\u00e2y \u1ea3nh h\u01b0\u1edfng b\u1ea5t l\u1ee3i \u0111\u1ebfn ho\u1ea1t \u0111\u1ed9ng giao ti\u1ebfp gi\u1eefa h\u1ecdc sinh v\u00e0 ng\u01b0\u1eddi nghe;<\/li><\/ul>\n\n\n\n<ul class=\"wp-block-list\"><li><strong>R\u1ed1i Lo\u1ea1n Ng\u00f4n Ng\u1eef<\/strong> &#8211; h\u1ecdc sinh b\u1ecb r\u1ed1i lo\u1ea1n ng\u00f4n ng\u1eef bi\u1ec3u \u0111\u1ea1t ho\u1eb7c r\u1ed1i lo\u1ea1n ng\u00f4n ng\u1eef ti\u1ebfp nh\u1eadn khi \u0111\u00e1p \u1ee9ng m\u1ed9t trong c\u00e1c ti\u00eau ch\u00ed sau:<\/li><\/ul>\n\n\n\n<ol class=\"wp-block-list\" type=\"a\"><li>\u0110i\u1ec3m s\u1ed1 \u0111\u1ea1t \u00edt nh\u1ea5t 1,5 \u0111\u1ed9 l\u1ec7ch chu\u1ea9n d\u01b0\u1edbi m\u1ee9c trung b\u00ecnh, ho\u1eb7c d\u01b0\u1edbi b\u00e1ch ph\u00e2n v\u1ecb th\u1ee9 b\u1ea3y (th\u1ee9 7), cho m\u1ee9c \u0111\u1ed9 theo tu\u1ed5i ho\u1eb7c m\u1ee9c \u0111\u1ed9 ph\u00e1t tri\u1ec3n, tr\u00ean hai ho\u1eb7c nhi\u1ec1u b\u00e0i ki\u1ec3m tra ti\u00eau chu\u1ea9n h\u00f3a \u1edf m\u1ed9t ho\u1eb7c nhi\u1ec1u l\u0129nh v\u1ef1c ph\u00e1t tri\u1ec3n ng\u00f4n ng\u1eef sau: h\u00ecnh th\u00e1i, c\u00fa ph\u00e1p, ng\u1eef ngh\u0129a, ho\u1eb7c ng\u1eef d\u1ee5ng h\u1ecdc; ho\u1eb7c<\/li><\/ol>\n\n\n\n<ul class=\"wp-block-list\"><li>\u0110i\u1ec3m s\u1ed1 \u0111\u1ea1t \u00edt nh\u1ea5t 1,5 \u0111\u1ed9 l\u1ec7ch chu\u1ea9n d\u01b0\u1edbi trung b\u00ecnh ho\u1eb7c d\u01b0\u1edbi b\u00e1ch ph\u00e2n v\u1ecb th\u1ee9 b\u1ea3y (th\u1ee9 7), cho m\u1ee9c \u0111\u1ed9 theo tu\u1ed5i ho\u1eb7c m\u1ee9c \u0111\u1ed9 ph\u00e1t tri\u1ec3n, tr\u00ean m\u1ed9t ho\u1eb7c nhi\u1ec1u b\u00e0i ki\u1ec3m tra ti\u00eau chu\u1ea9n h\u00f3a \u1edf m\u1ed9t trong c\u00e1c l\u0129nh v\u1ef1c \u0111\u01b0\u1ee3c li\u1ec7t k\u00ea trong m\u1ee5c ph\u1ee5 (A) v\u00e0 th\u1ec3 hi\u1ec7n n\u0103ng l\u1ef1c s\u1eed d\u1ee5ng ng\u00f4n ng\u1eef bi\u1ec3u \u0111\u1ea1t ho\u1eb7c ti\u1ebfp nh\u1eadn kh\u00f4ng th\u00edch h\u1ee3p ho\u1eb7c y\u1ebfu th\u00f4ng qua vi\u1ec7c x\u00e1c \u0111\u1ecbnh d\u1ef1a tr\u00ean m\u1ed9t m\u1eabu ng\u00f4n ng\u1eef t\u1ef1 ph\u00e1t ho\u1eb7c \u0111\u01b0\u1ee3c t\u1ea1o ra mang t\u00ednh \u0111\u1ea1i di\u1ec7n g\u1ed3m t\u1ed1i thi\u1ec3u n\u0103m m\u01b0\u01a1i (50) c\u00e2u ph\u00e1t \u00e2m.&nbsp; M\u1eabu ng\u00f4n ng\u1eef ph\u1ea3i \u0111\u01b0\u1ee3c ghi \u00e2m ho\u1eb7c ch\u00e9p l\u1eddi ra v\u00e0 \u0111\u01b0\u1ee3c ph\u00e2n t\u00edch v\u00e0 c\u00e1c k\u1ebft qu\u1ea3 ph\u1ea3i \u0111\u01b0\u1ee3c \u0111\u01b0a v\u00e0o b\u00e1o c\u00e1o th\u1ea9m \u0111\u1ecbnh. N\u1ebfu h\u1ecdc sinh kh\u00f4ng th\u1ec3 t\u1ea1o ra m\u1eabu n\u00e0y, chuy\u00ean gia v\u1ec1 ng\u00f4n ng\u1eef, l\u1eddi n\u00f3i ho\u1eb7c th\u00ednh l\u1ef1c ph\u1ea3i ghi l\u1ea1i l\u00fd do t\u1ea1i sao kh\u00f4ng th\u1ec3 thu \u0111\u01b0\u1ee3cm\u1eabu 50 c\u00e2u ph\u00e1t \u00e2m v\u00e0 b\u1ed1i c\u1ea3nh ti\u1ebfn h\u00e0nh n\u1ed7 l\u1ef1c l\u1ea5y m\u1eabu.<\/li><\/ul>\n\n\n\n<p>(5)&nbsp;&nbsp;&nbsp;&nbsp; <strong>M\u1ea5t Th\u00ednh L\u1ef1c<\/strong> d\u1eabn \u0111\u1ebfn r\u1ed1i lo\u1ea1n ng\u00f4n ng\u1eef ho\u1eb7c l\u1eddi n\u00f3i. [34 C.F.R. Sec. 300.8(c)(11); 5 C.C.R. Sec. 3030(b)(11).]<\/p>\n\n\n\n<p>Tr\u01b0\u1eddng h\u1ee3p x\u00e9t th\u1ea5y c\u00e1c b\u00e0i ki\u1ec3m tra ti\u00eau chu\u1ea9n h\u00f3a l\u00e0 kh\u00f4ng h\u1ee3p l\u1ec7 \u0111\u1ed1i v\u1edbi h\u1ecdc sinh, c\u1ea7n th\u1ef1c hi\u1ec7n x\u00e1c \u0111\u1ecbnh m\u1ee9c \u0111\u1ed9 n\u0103ng l\u1ef1c d\u1ef1 ki\u1ebfn b\u1eb1ng c\u00e1c c\u00e1ch kh\u00e1c.&nbsp; [5 C.C.R. Sec. 3030(b)(10)(B)(2).]<\/p>\n","protected":false},"excerpt":{"rendered":"<p>H\u1ecdc sinh g\u1eb7p kh\u00f3 kh\u0103n v\u1ec1 l\u1eddi n\u00f3i v\u00e0 ng\u00f4n ng\u1eef h\u1ed9i \u0111\u1ee7 \u0111i\u1ec1u ki\u1ec7n nh\u1eadn c\u00e1c d\u1ecbch v\u1ee5 gi\u00e1o d\u1ee5c \u0111\u1eb7c bi\u1ec7t n\u1ebfu \u0111\u00e1p&hellip;<\/p>\n","protected":false},"author":1,"featured_media":0,"parent":329,"menu_order":4,"comment_status":"closed","ping_status":"closed","template":"","meta":{"footnotes":""},"class_list":["post-1333","page","type-page","status-publish","hentry"],"_links":{"self":[{"href":"https:\/\/serr.disabilityrightsca.org\/vi\/wp-json\/wp\/v2\/pages\/1333","targetHints":{"allow":["GET"]}}],"collection":[{"href":"https:\/\/serr.disabilityrightsca.org\/vi\/wp-json\/wp\/v2\/pages"}],"about":[{"href":"https:\/\/serr.disabilityrightsca.org\/vi\/wp-json\/wp\/v2\/types\/page"}],"author":[{"embeddable":true,"href":"https:\/\/serr.disabilityrightsca.org\/vi\/wp-json\/wp\/v2\/users\/1"}],"replies":[{"embeddable":true,"href":"https:\/\/serr.disabilityrightsca.org\/vi\/wp-json\/wp\/v2\/comments?post=1333"}],"version-history":[{"count":3,"href":"https:\/\/serr.disabilityrightsca.org\/vi\/wp-json\/wp\/v2\/pages\/1333\/revisions"}],"predecessor-version":[{"id":3778,"href":"https:\/\/serr.disabilityrightsca.org\/vi\/wp-json\/wp\/v2\/pages\/1333\/revisions\/3778"}],"up":[{"embeddable":true,"href":"https:\/\/serr.disabilityrightsca.org\/vi\/wp-json\/wp\/v2\/pages\/329"}],"wp:attachment":[{"href":"https:\/\/serr.disabilityrightsca.org\/vi\/wp-json\/wp\/v2\/media?parent=1333"}],"curies":[{"name":"wp","href":"https:\/\/api.w.org\/{rel}","templated":true}]}}