{"id":1337,"date":"2019-08-06T13:53:35","date_gmt":"2019-08-06T20:53:35","guid":{"rendered":"http:\/\/www.rula.disabilityrightsca.org\/serr\/vi\/?page_id=1337"},"modified":"2021-02-01T17:47:34","modified_gmt":"2021-02-02T01:47:34","slug":"3-6-cac-tieu-chi-de-du-dieu-kien-nhan-giao-duc-dac-biet-tren-co-so-khuyet-tat-the-chat-la-gi","status":"publish","type":"page","link":"https:\/\/serr.disabilityrightsca.org\/vi\/serr-manual\/chuong-3-thong-tin-ve-tieu-chi-du-dieu-kien\/3-6-cac-tieu-chi-de-du-dieu-kien-nhan-giao-duc-dac-biet-tren-co-so-khuyet-tat-the-chat-la-gi\/","title":{"rendered":"(3.6) C\u00e1c ti\u00eau ch\u00ed \u0111\u1ec3 \u0111\u1ee7 \u0111i\u1ec1u ki\u1ec7n nh\u1eadn gi\u00e1o d\u1ee5c \u0111\u1eb7c bi\u1ec7t tr\u00ean c\u01a1 s\u1edf khuy\u1ebft t\u1eadt th\u1ec3 ch\u1ea5t l\u00e0 g\u00ec?"},"content":{"rendered":"\n<p>Theo lu\u1eadt c\u1ee7a California, tr\u1ebb b\u1ecb \u201ckhi\u1ebfm khuy\u1ebft h\u00ecnh th\u1ec3 nghi\u00eam tr\u1ecdng\u201d h\u1ed9i \u0111\u1ee7 \u0111i\u1ec1u ki\u1ec7n nh\u1eadn gi\u00e1o d\u1ee5c \u0111\u1eb7c bi\u1ec7t. Khi\u1ebfm khuy\u1ebft h\u00ecnh th\u1ec3 nghi\u00eam tr\u1ecdng l\u00e0 m\u1ed9t t\u00ecnh tr\u1ea1ng g\u00e2y \u1ea3nh h\u01b0\u1edfng b\u1ea5t l\u1ee3i \u0111\u1ebfn n\u0103ng l\u1ef1c h\u1ecdc t\u1eadp c\u1ee7a h\u1ecdc sinh v\u00e0 t\u00ecnh tr\u1ea1ng n\u00e0y bao g\u1ed3m nh\u1eefng tr\u01b0\u1eddng h\u1ee3p g\u00e2y ra b\u1edfi b\u1ea5t th\u01b0\u1eddng b\u1ea9m sinh, khi\u1ebfm khuy\u1ebft do b\u1ec7nh t\u1eadt (v\u00ed d\u1ee5: vi\u00eam t\u1ee7y x\u00e1m, b\u1ec7nh lao x\u01b0\u01a1ng) v\u00e0 khi\u1ebfm khuy\u1ebft do c\u00e1c nguy\u00ean nh\u00e2n kh\u00e1c (v\u00ed d\u1ee5 nh\u01b0 t\u00ecnh tr\u1ea1ng b\u1ea1i n\u00e3o, c\u1eaft c\u1ee5t, g\u00e3y x\u01b0\u01a1ng ho\u1eb7c b\u1ecfng g\u00e2y ra t\u00ecnh tr\u1ea1ng co r\u00fat ng\u1eafn). [34 C.F.R. Sec. 300.8(c)(8).] [5 C.C.R. Sec. 3030(b)(8).]&nbsp;<\/p>\n","protected":false},"excerpt":{"rendered":"<p>Theo lu\u1eadt c\u1ee7a California, tr\u1ebb b\u1ecb \u201ckhi\u1ebfm khuy\u1ebft h\u00ecnh th\u1ec3 nghi\u00eam tr\u1ecdng\u201d h\u1ed9i \u0111\u1ee7 \u0111i\u1ec1u ki\u1ec7n nh\u1eadn gi\u00e1o d\u1ee5c \u0111\u1eb7c bi\u1ec7t. Khi\u1ebfm khuy\u1ebft h\u00ecnh th\u1ec3&hellip;<\/p>\n","protected":false},"author":1,"featured_media":0,"parent":329,"menu_order":6,"comment_status":"closed","ping_status":"closed","template":"","meta":{"footnotes":""},"class_list":["post-1337","page","type-page","status-publish","hentry"],"_links":{"self":[{"href":"https:\/\/serr.disabilityrightsca.org\/vi\/wp-json\/wp\/v2\/pages\/1337","targetHints":{"allow":["GET"]}}],"collection":[{"href":"https:\/\/serr.disabilityrightsca.org\/vi\/wp-json\/wp\/v2\/pages"}],"about":[{"href":"https:\/\/serr.disabilityrightsca.org\/vi\/wp-json\/wp\/v2\/types\/page"}],"author":[{"embeddable":true,"href":"https:\/\/serr.disabilityrightsca.org\/vi\/wp-json\/wp\/v2\/users\/1"}],"replies":[{"embeddable":true,"href":"https:\/\/serr.disabilityrightsca.org\/vi\/wp-json\/wp\/v2\/comments?post=1337"}],"version-history":[{"count":3,"href":"https:\/\/serr.disabilityrightsca.org\/vi\/wp-json\/wp\/v2\/pages\/1337\/revisions"}],"predecessor-version":[{"id":3781,"href":"https:\/\/serr.disabilityrightsca.org\/vi\/wp-json\/wp\/v2\/pages\/1337\/revisions\/3781"}],"up":[{"embeddable":true,"href":"https:\/\/serr.disabilityrightsca.org\/vi\/wp-json\/wp\/v2\/pages\/329"}],"wp:attachment":[{"href":"https:\/\/serr.disabilityrightsca.org\/vi\/wp-json\/wp\/v2\/media?parent=1337"}],"curies":[{"name":"wp","href":"https:\/\/api.w.org\/{rel}","templated":true}]}}