{"id":1339,"date":"2019-08-06T13:54:47","date_gmt":"2019-08-06T20:54:47","guid":{"rendered":"http:\/\/www.rula.disabilityrightsca.org\/serr\/vi\/?page_id=1339"},"modified":"2021-02-01T17:48:29","modified_gmt":"2021-02-02T01:48:29","slug":"3-7-cac-tieu-chi-de-du-dieu-kien-nhan-giao-duc-dac-biet-tren-co-so-tinh-trang-suc-khoe-la-gi","status":"publish","type":"page","link":"https:\/\/serr.disabilityrightsca.org\/vi\/serr-manual\/chuong-3-thong-tin-ve-tieu-chi-du-dieu-kien\/3-7-cac-tieu-chi-de-du-dieu-kien-nhan-giao-duc-dac-biet-tren-co-so-tinh-trang-suc-khoe-la-gi\/","title":{"rendered":"(3.7) C\u00e1c ti\u00eau ch\u00ed \u0111\u1ec3 \u0111\u1ee7 \u0111i\u1ec1u ki\u1ec7n nh\u1eadn gi\u00e1o d\u1ee5c \u0111\u1eb7c bi\u1ec7t tr\u00ean c\u01a1 s\u1edf t\u00ecnh tr\u1ea1ng s\u1ee9c kh\u1ecfe l\u00e0 g\u00ec?"},"content":{"rendered":"\n<p>Tr\u1ebb c\u00f3 th\u1ec3 h\u1ed9i \u0111\u1ee7 \u0111i\u1ec1u ki\u1ec7n nh\u1eadn gi\u00e1o d\u1ee5c \u0111\u1eb7c bi\u1ec7t theo danh m\u1ee5c \u201cKhi\u1ebfm Khuy\u1ebft S\u1ee9c Kh\u1ecfe Kh\u00e1c\u201d. \u0110i\u1ec1u n\u00e0y c\u00f3 ngh\u0129a l\u00e0 h\u1ecdc sinh ph\u1ea3i c\u00f3 s\u1ee9c l\u1ef1c, s\u1ee9c s\u1ed1ng ho\u1eb7c s\u1ef1 t\u1ec9nh t\u00e1o h\u1ea1n ch\u1ebf, bao g\u1ed3m c\u1ea3 s\u1ef1 c\u1ea3nh gi\u00e1c cao \u0111\u1ed9 \u0111\u1ed1i v\u1edbi c\u00e1c k\u00edch th\u00edch t\u1eeb m\u00f4i tr\u01b0\u1eddng, d\u1eabn \u0111\u1ebfn s\u1ef1 t\u1ec9nh t\u00e1o h\u1ea1n ch\u1ebf \u0111\u1ed1i v\u1edbi m\u00f4i tr\u01b0\u1eddng gi\u00e1o d\u1ee5c do c\u00e1c v\u1ea5n \u0111\u1ec1 s\u1ee9c kh\u1ecfe m\u00e3n t\u00ednh ho\u1eb7c c\u1ea5p t\u00ednh nh\u01b0 hen suy\u1ec5n, r\u1ed1i lo\u1ea1n thi\u1ebfu t\u1eadp trung ho\u1eb7c r\u1ed1i lo\u1ea1n t\u0103ng \u0111\u1ed9ng gi\u1ea3m ch\u00fa \u00fd, ti\u1ec3u \u0111\u01b0\u1eddng, \u0111\u1ed9ng kinh, b\u1ec7nh tim, b\u1ec7nh m\u00e1u kh\u00f3 \u0111\u00f4ng, nhi\u1ec5m \u0111\u1ed9c ch\u00ec, b\u1ec7nh b\u1ea1ch c\u1ea7u, vi\u00eam th\u1eadn, s\u1ed1t th\u1ea5p kh\u1edbp, thi\u1ebfu m\u00e1u h\u1ed3ng c\u1ea7u h\u00ecnh li\u1ec1m v\u00e0 H\u1ed9i ch\u1ee9ng Tourette; v\u00e0 g\u00e2y \u1ea3nh h\u01b0\u1edfng b\u1ea5t l\u1ee3i \u0111\u1ebfn n\u0103ng l\u1ef1c h\u1ecdc t\u1eadp c\u1ee7a tr\u1ebb. [34 C.F.R. Sec. 300.8(c)(9) 5 C.C.R. Sec. 3030(b)(9)]<\/p>\n","protected":false},"excerpt":{"rendered":"<p>Tr\u1ebb c\u00f3 th\u1ec3 h\u1ed9i \u0111\u1ee7 \u0111i\u1ec1u ki\u1ec7n nh\u1eadn gi\u00e1o d\u1ee5c \u0111\u1eb7c bi\u1ec7t theo danh m\u1ee5c \u201cKhi\u1ebfm Khuy\u1ebft S\u1ee9c Kh\u1ecfe Kh\u00e1c\u201d. \u0110i\u1ec1u n\u00e0y c\u00f3 ngh\u0129a l\u00e0&hellip;<\/p>\n","protected":false},"author":1,"featured_media":0,"parent":329,"menu_order":7,"comment_status":"closed","ping_status":"closed","template":"","meta":{"footnotes":""},"class_list":["post-1339","page","type-page","status-publish","hentry"],"_links":{"self":[{"href":"https:\/\/serr.disabilityrightsca.org\/vi\/wp-json\/wp\/v2\/pages\/1339","targetHints":{"allow":["GET"]}}],"collection":[{"href":"https:\/\/serr.disabilityrightsca.org\/vi\/wp-json\/wp\/v2\/pages"}],"about":[{"href":"https:\/\/serr.disabilityrightsca.org\/vi\/wp-json\/wp\/v2\/types\/page"}],"author":[{"embeddable":true,"href":"https:\/\/serr.disabilityrightsca.org\/vi\/wp-json\/wp\/v2\/users\/1"}],"replies":[{"embeddable":true,"href":"https:\/\/serr.disabilityrightsca.org\/vi\/wp-json\/wp\/v2\/comments?post=1339"}],"version-history":[{"count":3,"href":"https:\/\/serr.disabilityrightsca.org\/vi\/wp-json\/wp\/v2\/pages\/1339\/revisions"}],"predecessor-version":[{"id":3782,"href":"https:\/\/serr.disabilityrightsca.org\/vi\/wp-json\/wp\/v2\/pages\/1339\/revisions\/3782"}],"up":[{"embeddable":true,"href":"https:\/\/serr.disabilityrightsca.org\/vi\/wp-json\/wp\/v2\/pages\/329"}],"wp:attachment":[{"href":"https:\/\/serr.disabilityrightsca.org\/vi\/wp-json\/wp\/v2\/media?parent=1339"}],"curies":[{"name":"wp","href":"https:\/\/api.w.org\/{rel}","templated":true}]}}