{"id":1346,"date":"2019-08-06T14:57:27","date_gmt":"2019-08-06T21:57:27","guid":{"rendered":"http:\/\/www.rula.disabilityrightsca.org\/serr\/vi\/?page_id=1346"},"modified":"2021-02-01T17:51:26","modified_gmt":"2021-02-02T01:51:26","slug":"3-10-cac-tieu-chi-du-dieu-kien-nhan-giao-duc-dac-biet-tren-co-so-roi-loan-cam-xuc-la-gi","status":"publish","type":"page","link":"https:\/\/serr.disabilityrightsca.org\/vi\/serr-manual\/chuong-3-thong-tin-ve-tieu-chi-du-dieu-kien\/3-10-cac-tieu-chi-du-dieu-kien-nhan-giao-duc-dac-biet-tren-co-so-roi-loan-cam-xuc-la-gi\/","title":{"rendered":"(3.10) C\u00e1c ti\u00eau ch\u00ed \u0111\u1ee7 \u0111i\u1ec1u ki\u1ec7n nh\u1eadn gi\u00e1o d\u1ee5c \u0111\u1eb7c bi\u1ec7t tr\u00ean c\u01a1 s\u1edf r\u1ed1i lo\u1ea1n c\u1ea3m x\u00fac l\u00e0 g\u00ec?"},"content":{"rendered":"\n<p>H\u1ecdc sinh \u0111\u1ee7 \u0111i\u1ec1u ki\u1ec7n theo di\u1ec7n r\u1ed1i lo\u1ea1n c\u1ea3m x\u00fac n\u1ebfu bi\u1ec3u hi\u1ec7n m\u1ed9t ho\u1eb7c nhi\u1ec1u \u0111\u1eb7c \u0111i\u1ec3m sau, trong su\u1ed1t m\u1ed9t th\u1eddi gian d\u00e0i v\u00e0 c\u00f3 m\u1ee9c \u0111\u1ed9 \u0111\u00e1ng k\u1ec3, g\u00e2y \u1ea3nh h\u01b0\u1edfng b\u1ea5t l\u1ee3i \u0111\u1ebfn n\u0103ng l\u1ef1c h\u1ecdc t\u1eadp:<\/p>\n\n\n\n<ul class=\"wp-block-list\"><li>Kh\u00f4ng c\u00f3 kh\u1ea3 n\u0103ng h\u1ecdc &#8211; t\u00ecnh tr\u1ea1ng kh\u00f4ng th\u1ec3 gi\u1ea3i th\u00edch b\u1eb1ng c\u00e1c y\u1ebfu t\u1ed1 v\u1ec1 tr\u00ed tu\u1ec7, c\u1ea3m gi\u00e1c ho\u1eb7c s\u1ee9c kh\u1ecfe;<\/li><\/ul>\n\n\n\n<ul class=\"wp-block-list\"><li>Kh\u00f4ng c\u00f3 kh\u1ea3 n\u0103ng x\u00e2y d\u1ef1ng ho\u1eb7c duy tr\u00ec m\u1ed1i quan h\u1ec7 c\u00e1 nh\u00e2n v\u1edbi c\u00e1c b\u1ea1n v\u00e0 gi\u00e1o vi\u00ean;<\/li><\/ul>\n\n\n\n<ul class=\"wp-block-list\"><li>B\u1ed9c l\u1ed9 nh\u1eefng ki\u1ec3u h\u00e0nh vi ho\u1eb7c c\u1ea3m x\u00fac kh\u00f4ng ph\u00f9 h\u1ee3p \u1edf ho\u00e0n c\u1ea3nh b\u00ecnh th\u01b0\u1eddng trong nhi\u1ec1u t\u00ecnh hu\u1ed1ng;<\/li><li>T\u00e2m tr\u1ea1ng chung lu\u00f4n kh\u00f4ng vui ho\u1eb7c u s\u1ea7u; v\u00e0<\/li><li>C\u00f3 khuynh h\u01b0\u1edbng ph\u00e1t tri\u1ec3n c\u00e1c tri\u1ec7u ch\u1ee9ng th\u1ec3 ch\u1ea5t ho\u1eb7c n\u1ed7i s\u1ee3 h\u00e3i li\u00ean quan \u0111\u1ebfn c\u00e1c v\u1ea5n \u0111\u1ec1 c\u00e1 nh\u00e2n ho\u1eb7c v\u1ea5n \u0111\u1ec1 t\u1ea1i tr\u01b0\u1eddng h\u1ecdc.<\/li><\/ul>\n\n\n\n<p>&nbsp;&nbsp;&nbsp;&nbsp;&nbsp;&nbsp;&nbsp;&nbsp;&nbsp; &nbsp;&nbsp; [34 C.F.R. Sec. 300.8(c)(4); 5 C.C.R. Sec. 3030(b)(4).]<\/p>\n\n\n\n<p>Con qu\u00fd v\u1ecb kh\u00f4ng c\u1ea7n ph\u1ea3i \u0111\u01b0\u1ee3c ch\u1ea9n \u0111o\u00e1n ho\u1eb7c \u0111\u00e1p \u1ee9ng m\u1ed9t \u0111\u1ecbnh ngh\u0129a v\u1ec1 s\u1ee9c kh\u1ecfe t\u00e2m th\u1ea7n l\u00e2m s\u00e0ng v\u1ec1 r\u1ed1i lo\u1ea1n c\u1ea3m x\u00fac \u0111\u1ec3 h\u1ed9i \u0111\u1ee7 \u0111i\u1ec1u ki\u1ec7n nh\u1eadn gi\u00e1o d\u1ee5c \u0111\u1eb7c bi\u1ec7t theo danh m\u1ee5c R\u1ed1i Lo\u1ea1n C\u1ea3m X\u00fac. C\u00e1c ti\u00eau ch\u00ed \u0111\u1ee7 \u0111i\u1ec1u ki\u1ec7n nh\u1eadn gi\u00e1o d\u1ee5c \u0111\u1eb7c bi\u1ec7t c\u1ee7a li\u00ean bang v\u00e0 ti\u1ec3u bang cho tr\u01b0\u1eddng h\u1ee3p r\u1ed1i lo\u1ea1n c\u1ea3m x\u00fac l\u00e0 nh\u1eefng ti\u00eau ch\u00ed duy nh\u1ea5t m\u00e0 h\u1ecdc sinh ph\u1ea3i \u0111\u00e1p \u1ee9ng \u0111\u1ec3 h\u1ed9i \u0111\u1ee7 \u0111i\u1ec1u ki\u1ec7n nh\u1eadn c\u00e1c d\u1ecbch v\u1ee5 gi\u00e1o d\u1ee5c \u0111\u1eb7c bi\u1ec7t.<\/p>\n\n\n\n<p>Thu\u1eadt ng\u1eef \u201cr\u1ed1i lo\u1ea1n c\u1ea3m x\u00fac\u201d c\u1ee5 th\u1ec3 bao g\u1ed3m c\u1ea3 tr\u01b0\u1eddng h\u1ee3p t\u00e2m th\u1ea7n ph\u00e2n li\u1ec7t, nh\u01b0ng kh\u00f4ng bao g\u1ed3m tr\u01b0\u1eddng h\u1ee3p h\u1ecdc sinh l\u00e0 nh\u1eefng ng\u01b0\u1eddi \u201cc\u00f3 h\u00e0nh vi sai l\u1ec7ch do b\u1ecb \u1ea3nh h\u01b0\u1edfng ti\u00eau c\u1ef1c b\u1edfi y\u1ebfu t\u1ed1 x\u00e3 h\u1ed9i\u201d. [5 C.C.R. Sec. 3030(b)(4).] Lu\u1eadt kh\u00f4ng \u0111\u01b0a ra gi\u1ea3i th\u00edch \u00fd ngh\u0129a c\u1ee7a thu\u1eadt ng\u1eef \u201cc\u00f3 h\u00e0nh vi sai l\u1ec7ch do b\u1ecb \u1ea3nh h\u01b0\u1edfng ti\u00eau c\u1ef1c b\u1edfi y\u1ebfu t\u1ed1 x\u00e3 h\u1ed9i\u201d v\u00e0 \u0111i\u1ec1u n\u00e0y \u0111\u00e3 g\u00e2y ra m\u01a1 h\u1ed3. H\u01a1n n\u1eefa, \u201cr\u1ed1i lo\u1ea1n c\u1ea3m x\u00fac\u201d kh\u00f4ng ph\u1ea3i l\u00e0 m\u1ed9t t\u00ecnh tr\u1ea1ng ch\u1ea9n \u0111o\u00e1n t\u00e2m th\u1ea7n \u0111\u01b0\u1ee3c c\u00f4ng nh\u1eadn v\u00e0 h\u1ecdc sinh kh\u00f4ng c\u1ea7n ph\u1ea3i c\u00f3 ph\u00e2n lo\u1ea1i ho\u1eb7c ch\u1ea9n \u0111o\u00e1n t\u00e2m th\u1ea7n m\u1edbi h\u1ed9i \u0111\u1ee7 \u0111i\u1ec1u ki\u1ec7n theo di\u1ec7n R\u1ed1i Lo\u1ea1n C\u1ea3m X\u00fac.<\/p>\n","protected":false},"excerpt":{"rendered":"<p>H\u1ecdc sinh \u0111\u1ee7 \u0111i\u1ec1u ki\u1ec7n theo di\u1ec7n r\u1ed1i lo\u1ea1n c\u1ea3m x\u00fac n\u1ebfu bi\u1ec3u hi\u1ec7n m\u1ed9t ho\u1eb7c nhi\u1ec1u \u0111\u1eb7c \u0111i\u1ec3m sau, trong su\u1ed1t m\u1ed9t th\u1eddi gian&hellip;<\/p>\n","protected":false},"author":1,"featured_media":0,"parent":329,"menu_order":10,"comment_status":"closed","ping_status":"closed","template":"","meta":{"footnotes":""},"class_list":["post-1346","page","type-page","status-publish","hentry"],"_links":{"self":[{"href":"https:\/\/serr.disabilityrightsca.org\/vi\/wp-json\/wp\/v2\/pages\/1346","targetHints":{"allow":["GET"]}}],"collection":[{"href":"https:\/\/serr.disabilityrightsca.org\/vi\/wp-json\/wp\/v2\/pages"}],"about":[{"href":"https:\/\/serr.disabilityrightsca.org\/vi\/wp-json\/wp\/v2\/types\/page"}],"author":[{"embeddable":true,"href":"https:\/\/serr.disabilityrightsca.org\/vi\/wp-json\/wp\/v2\/users\/1"}],"replies":[{"embeddable":true,"href":"https:\/\/serr.disabilityrightsca.org\/vi\/wp-json\/wp\/v2\/comments?post=1346"}],"version-history":[{"count":3,"href":"https:\/\/serr.disabilityrightsca.org\/vi\/wp-json\/wp\/v2\/pages\/1346\/revisions"}],"predecessor-version":[{"id":3785,"href":"https:\/\/serr.disabilityrightsca.org\/vi\/wp-json\/wp\/v2\/pages\/1346\/revisions\/3785"}],"up":[{"embeddable":true,"href":"https:\/\/serr.disabilityrightsca.org\/vi\/wp-json\/wp\/v2\/pages\/329"}],"wp:attachment":[{"href":"https:\/\/serr.disabilityrightsca.org\/vi\/wp-json\/wp\/v2\/media?parent=1346"}],"curies":[{"name":"wp","href":"https:\/\/api.w.org\/{rel}","templated":true}]}}