{"id":1348,"date":"2019-08-06T14:58:40","date_gmt":"2019-08-06T21:58:40","guid":{"rendered":"http:\/\/www.rula.disabilityrightsca.org\/serr\/vi\/?page_id=1348"},"modified":"2021-02-01T17:52:34","modified_gmt":"2021-02-02T01:52:34","slug":"3-11-con-toi-duoc-chan-doan-mac-chung-roi-loan-ung-xu-hanh-vi-chang-han-nhu-roi-loan-thach-thuc-chong-doi-tre-co-hoi-du-dieu-kien-nhan-giao-duc-dac-biet-khong","status":"publish","type":"page","link":"https:\/\/serr.disabilityrightsca.org\/vi\/serr-manual\/chuong-3-thong-tin-ve-tieu-chi-du-dieu-kien\/3-11-con-toi-duoc-chan-doan-mac-chung-roi-loan-ung-xu-hanh-vi-chang-han-nhu-roi-loan-thach-thuc-chong-doi-tre-co-hoi-du-dieu-kien-nhan-giao-duc-dac-biet-khong\/","title":{"rendered":"(3.11) Con t\u00f4i \u0111\u01b0\u1ee3c ch\u1ea9n \u0111o\u00e1n m\u1eafc ch\u1ee9ng r\u1ed1i lo\u1ea1n \u1ee9ng x\u1eed\/h\u00e0nh vi, ch\u1eb3ng h\u1ea1n nh\u01b0 r\u1ed1i lo\u1ea1n th\u00e1ch th\u1ee9c ch\u1ed1ng \u0111\u1ed1i. Tr\u1ebb c\u00f3 h\u1ed9i \u0111\u1ee7 \u0111i\u1ec1u ki\u1ec7n nh\u1eadn gi\u00e1o d\u1ee5c \u0111\u1eb7c bi\u1ec7t kh\u00f4ng?"},"content":{"rendered":"\n<p>M\u1ed9t ch\u1ee9ng r\u1ed1i lo\u1ea1n \u1ee9ng x\u1eed ho\u1eb7c h\u00e0nh vi ho\u1eb7c R\u1ed1i Lo\u1ea1n Th\u00e1ch Th\u1ee9c Ch\u1ed1ng \u0110\u1ed1i kh\u00f4ng ph\u1ea3i l\u00e0 m\u1ed9t trong c\u00e1c danh m\u1ee5c h\u1ed9i \u0111\u1ee7 \u0111i\u1ec1u ki\u1ec7n nh\u1eadn gi\u00e1o d\u1ee5c \u0111\u1eb7c bi\u1ec7t. Tuy nhi\u00ean, h\u1ecdc sinh v\u1eabn c\u00f3 th\u1ec3 \u0111\u1ee7 \u0111i\u1ec1u ki\u1ec7n nh\u1eadn gi\u00e1o d\u1ee5c \u0111\u1eb7c bi\u1ec7t theo c\u00e1c danh m\u1ee5c h\u1ed9i \u0111\u1ee7 \u0111i\u1ec1u ki\u1ec7n nh\u01b0 khuy\u1ebft t\u1eadt h\u1ecdc t\u1eadp c\u1ee5 th\u1ec3 (specific learning disability, SLD), r\u1ed1i lo\u1ea1n c\u1ea3m x\u00fac (emotional disturbance, ED) ho\u1eb7c theo danh m\u1ee5c Khi\u1ebfm khuy\u1ebft s\u1ee9c kh\u1ecfe kh\u00e1c (Other health impairment, OHI) nh\u01b0 R\u1ed1i Lo\u1ea1n Thi\u1ebfu T\u1eadp Trung (Attention Deficit Disorder, ADD) ho\u1eb7c R\u1ed1i Lo\u1ea1n T\u0103ng \u0110\u1ed9ng Gi\u1ea3m Ch\u00fa \u00dd (Attention Deficit Hyperactivity Disorde, ADHD). Do \u0111\u00f3, n\u1ebfu h\u1ecdc sinh c\u00f3 v\u1ea5n \u0111\u1ec1 nghi\u00eam tr\u1ecdng ho\u1eb7c k\u00e9o d\u00e0i v\u1ec1 h\u00e0nh vi, c\u1ea7n th\u1ef1c hi\u1ec7n th\u1ea9m \u0111\u1ecbnh v\u1ec1 t\u1ea5t c\u1ea3 c\u00e1c l\u0129nh v\u1ef1c li\u00ean quan \u0111\u1ebfn khuy\u1ebft t\u1eadt nghi ng\u1edd \u1edf h\u1ecdc sinh \u0111\u1ec3 x\u00e1c \u0111\u1ecbnh xem h\u1ecdc sinh c\u00f3 h\u1ed9i \u0111\u1ee7 \u0111i\u1ec1u ki\u1ec7n nh\u1eadn gi\u00e1o d\u1ee5c \u0111\u1eb7c bi\u1ec7t hay kh\u00f4ng. N\u1ebfu h\u1ecdc sinh kh\u00f4ng h\u1ed9i \u0111\u1ee7 \u0111i\u1ec1u ki\u1ec7n nh\u1eadn gi\u00e1o d\u1ee5c \u0111\u1eb7c bi\u1ec7t, n\u00ean ti\u1ebfn h\u00e0nh t\u00ecm hi\u1ec3u ch\u01b0\u01a1ng tr\u00ecnh M\u1ee5c 504.&nbsp; Ph\u00f2ng D\u00e2n Quy\u1ec1n Hoa K\u1ef3 (U.S. Office for Civil Rights, OCR) t\u1ea1i California \u0111\u00e3 ra quy \u0111\u1ecbnh c\u1ee5 th\u1ec3 r\u1eb1ng c\u00e1c tr\u01b0\u1eddng ph\u1ea3i tri\u1ec7u t\u1eadp m\u1ed9t nh\u00f3m th\u1ea9m \u0111\u1ecbnh vi\u00ean \u0111\u1ec3 xem x\u00e9t \u0111\u01b0a ra quy\u1ebft \u0111\u1ecbnh v\u1ec1 kh\u1ea3 n\u0103ng h\u1ed9i \u0111\u1ee7 \u0111i\u1ec1u ki\u1ec7n theo M\u1ee5c 504 cho tr\u1ebb em m\u1eafc c\u00e1c ch\u1ee9ng r\u1ed1i lo\u1ea1n nh\u01b0 ADD\/ADHD v\u00e0 r\u1ed1i lo\u1ea1n \u00e1m \u1ea3nh c\u01b0\u1ee1ng ch\u1ebf ngay c\u1ea3 khi tr\u1ebb kh\u00f4ng h\u1ed9i \u0111\u1ee7 \u0111i\u1ec1u ki\u1ec7n nh\u1eadn gi\u00e1o d\u1ee5c \u0111\u1eb7c bi\u1ec7t. [<em>Manteca Unified School District<\/em>, 30 IDELR 544, 1998.]<\/p>\n","protected":false},"excerpt":{"rendered":"<p>M\u1ed9t ch\u1ee9ng r\u1ed1i lo\u1ea1n \u1ee9ng x\u1eed ho\u1eb7c h\u00e0nh vi ho\u1eb7c R\u1ed1i Lo\u1ea1n Th\u00e1ch Th\u1ee9c Ch\u1ed1ng \u0110\u1ed1i kh\u00f4ng ph\u1ea3i l\u00e0 m\u1ed9t trong c\u00e1c danh m\u1ee5c h\u1ed9i&hellip;<\/p>\n","protected":false},"author":1,"featured_media":0,"parent":329,"menu_order":11,"comment_status":"closed","ping_status":"closed","template":"","meta":{"footnotes":""},"class_list":["post-1348","page","type-page","status-publish","hentry"],"_links":{"self":[{"href":"https:\/\/serr.disabilityrightsca.org\/vi\/wp-json\/wp\/v2\/pages\/1348","targetHints":{"allow":["GET"]}}],"collection":[{"href":"https:\/\/serr.disabilityrightsca.org\/vi\/wp-json\/wp\/v2\/pages"}],"about":[{"href":"https:\/\/serr.disabilityrightsca.org\/vi\/wp-json\/wp\/v2\/types\/page"}],"author":[{"embeddable":true,"href":"https:\/\/serr.disabilityrightsca.org\/vi\/wp-json\/wp\/v2\/users\/1"}],"replies":[{"embeddable":true,"href":"https:\/\/serr.disabilityrightsca.org\/vi\/wp-json\/wp\/v2\/comments?post=1348"}],"version-history":[{"count":3,"href":"https:\/\/serr.disabilityrightsca.org\/vi\/wp-json\/wp\/v2\/pages\/1348\/revisions"}],"predecessor-version":[{"id":3786,"href":"https:\/\/serr.disabilityrightsca.org\/vi\/wp-json\/wp\/v2\/pages\/1348\/revisions\/3786"}],"up":[{"embeddable":true,"href":"https:\/\/serr.disabilityrightsca.org\/vi\/wp-json\/wp\/v2\/pages\/329"}],"wp:attachment":[{"href":"https:\/\/serr.disabilityrightsca.org\/vi\/wp-json\/wp\/v2\/media?parent=1348"}],"curies":[{"name":"wp","href":"https:\/\/api.w.org\/{rel}","templated":true}]}}