{"id":1350,"date":"2019-08-06T15:00:41","date_gmt":"2019-08-06T22:00:41","guid":{"rendered":"http:\/\/www.rula.disabilityrightsca.org\/serr\/vi\/?page_id=1350"},"modified":"2021-02-01T17:53:28","modified_gmt":"2021-02-02T01:53:28","slug":"3-12-tre-bi-roi-loan-thieu-tap-trung-attention-deficit-disorder-add-hoac-roi-loan-tang-dong-giam-chu-y-deficit-hyperactivity-disorder-adhd-co-the-hoi-du-dieu-kien-nhan-cac-dich-vu-giao-duc-dac","status":"publish","type":"page","link":"https:\/\/serr.disabilityrightsca.org\/vi\/serr-manual\/chuong-3-thong-tin-ve-tieu-chi-du-dieu-kien\/3-12-tre-bi-roi-loan-thieu-tap-trung-attention-deficit-disorder-add-hoac-roi-loan-tang-dong-giam-chu-y-deficit-hyperactivity-disorder-adhd-co-the-hoi-du-dieu-kien-nhan-cac-dich-vu-giao-duc-dac\/","title":{"rendered":"(3.12) Tr\u1ebb b\u1ecb R\u1ed1i Lo\u1ea1n Thi\u1ebfu T\u1eadp Trung (Attention Deficit Disorder, ADD) ho\u1eb7c R\u1ed1i Lo\u1ea1n T\u0103ng \u0110\u1ed9ng Gi\u1ea3m Ch\u00fa \u00dd (Deficit Hyperactivity Disorder, ADHD) c\u00f3 th\u1ec3 h\u1ed9i \u0111\u1ee7 \u0111i\u1ec1u ki\u1ec7n nh\u1eadn c\u00e1c d\u1ecbch v\u1ee5 gi\u00e1o d\u1ee5c \u0111\u1eb7c bi\u1ec7t kh\u00f4ng?"},"content":{"rendered":"\n<p>C\u00f3. Lu\u1eadt \u0111\u00e3 c\u00f4ng nh\u1eadn c\u1ee5 th\u1ec3 ADD v\u00e0 ADHD l\u00e0 v\u00ed d\u1ee5 v\u1ec1 c\u00e1c t\u00ecnh tr\u1ea1ng c\u00f3 th\u1ec3 h\u1ed9i \u0111\u1ee7 \u0111i\u1ec1u ki\u1ec7n theo danh m\u1ee5c \u201ckhi\u1ebfm khuy\u1ebft s\u1ee9c kh\u1ecfe kh\u00e1c\u201d (OHI) n\u1ebfu c\u00e1c ti\u00eau ch\u00ed kh\u00e1c cho danh m\u1ee5c \u0111\u1ee7 \u0111i\u1ec1u ki\u1ec7n \u0111\u00f3 c\u0169ng \u0111\u01b0\u1ee3c \u0111\u00e1p \u1ee9ng.&nbsp; \u0110\u1ecbnh ngh\u0129a cho OHI \u0111\u00e3 m\u1edf r\u1ed9ng c\u1ee5m t\u1eeb \u201cs\u1ee9c l\u1ef1c, s\u1ee9c s\u1ed1ng ho\u1eb7c s\u1ef1 t\u1ec9nh t\u00e1o h\u1ea1n ch\u1ebf\u201d \u0111\u1ec3 bao h\u00e0m c\u1ea3 \u201cs\u1ef1 c\u1ea3nh gi\u00e1c cao \u0111\u1ed9 \u0111\u1ed1i v\u1edbi c\u00e1c k\u00edch th\u00edch t\u1eeb m\u00f4i tr\u01b0\u1eddng\u201d v\u00e0 sau \u0111\u00f3 li\u1ec7t k\u00ea ADD\/ADHD nh\u01b0 m\u1ed9t v\u00ed d\u1ee5 v\u1ec1 m\u1ed9t b\u1ec7nh m\u00e3n t\u00ednh c\u00f3 th\u1ec3 h\u1ed9i \u0111\u1ee7 \u0111i\u1ec1u ki\u1ec7n.&nbsp; Tuy nhi\u00ean, ch\u1ec9 \u0111\u01a1n thu\u1ea7n c\u00f3 ch\u1ea9n \u0111o\u00e1n R\u1ed1i Lo\u1ea1n Thi\u1ebfu T\u1eadp Trung ho\u1eb7c R\u1ed1i Lo\u1ea1n T\u0103ng \u0110\u1ed9ng Gi\u1ea3m Ch\u00fa \u00dd th\u00ec ch\u01b0a \u0111\u1ee7 \u0111\u1ec3 h\u1ecdc sinh \u0111\u1ee7 \u0111i\u1ec1u ki\u1ec7n nh\u1eadn c\u00e1c d\u1ecbch v\u1ee5 gi\u00e1o d\u1ee5c \u0111\u1eb7c bi\u1ec7t. M\u1ed9t nh\u00f3m IEP, sau khi ti\u1ebfn h\u00e0nh cu\u1ed9c \u0111\u00e1nh gi\u00e1 to\u00e0n di\u1ec7n b\u1eaft bu\u1ed9c, ph\u1ea3i x\u00e1c \u0111\u1ecbnh r\u1eb1ng h\u1ecdc sinh \u0111\u00e1p \u1ee9ng m\u1ed9t danh m\u1ee5c \u0111\u1ee7 \u0111i\u1ec1u ki\u1ec7n \u2013 c\u00f3 ngh\u0129a l\u00e0 h\u1ecdc sinh c\u00f3 t\u00ecnh tr\u1ea1ng (nh\u01b0 ADD\/ADHD) v\u00e0 \u0111\u1ed3ng th\u1eddi, t\u00ecnh tr\u1ea1ng \u0111\u00f3 ph\u1ea3i \u1ea3nh h\u01b0\u1edfng b\u1ea5t l\u1ee3i \u0111\u1ebfn n\u0103ng l\u1ef1c h\u1ecdc t\u1eadp c\u1ee7a con qu\u00fd v\u1ecb. H\u1ecdc sinh b\u1ecb ADD\/ADHD c\u0169ng c\u00f3 th\u1ec3 h\u1ed9i \u0111\u1ee7 \u0111i\u1ec1u ki\u1ec7n theo danh m\u1ee5c \u201ckhuy\u1ebft t\u1eadt h\u1ecdc t\u1eadp c\u1ee5 th\u1ec3\u201d, ho\u1eb7c danh m\u1ee5c \u201cr\u1ed1i lo\u1ea1n c\u1ea3m x\u00fac\u201d. [34 C.F.R. Sec. 300.8(c)(9); Cal. Ed. Code Sec. 56339(a); 5 C.C.R. Sec. 3030(b)(9).] Xem ph\u1ea7n H\u1ecfi \u0110\u00e1p 28 \u0111\u1ec3 bi\u1ebft th\u00f4ng tin v\u1ec1 \u201c\u1ea3nh h\u01b0\u1edfng b\u1ea5t l\u1ee3i\u201d.<\/p>\n","protected":false},"excerpt":{"rendered":"<p>C\u00f3. Lu\u1eadt \u0111\u00e3 c\u00f4ng nh\u1eadn c\u1ee5 th\u1ec3 ADD v\u00e0 ADHD l\u00e0 v\u00ed d\u1ee5 v\u1ec1 c\u00e1c t\u00ecnh tr\u1ea1ng c\u00f3 th\u1ec3 h\u1ed9i \u0111\u1ee7 \u0111i\u1ec1u ki\u1ec7n theo danh&hellip;<\/p>\n","protected":false},"author":1,"featured_media":0,"parent":329,"menu_order":12,"comment_status":"closed","ping_status":"closed","template":"","meta":{"footnotes":""},"class_list":["post-1350","page","type-page","status-publish","hentry"],"_links":{"self":[{"href":"https:\/\/serr.disabilityrightsca.org\/vi\/wp-json\/wp\/v2\/pages\/1350","targetHints":{"allow":["GET"]}}],"collection":[{"href":"https:\/\/serr.disabilityrightsca.org\/vi\/wp-json\/wp\/v2\/pages"}],"about":[{"href":"https:\/\/serr.disabilityrightsca.org\/vi\/wp-json\/wp\/v2\/types\/page"}],"author":[{"embeddable":true,"href":"https:\/\/serr.disabilityrightsca.org\/vi\/wp-json\/wp\/v2\/users\/1"}],"replies":[{"embeddable":true,"href":"https:\/\/serr.disabilityrightsca.org\/vi\/wp-json\/wp\/v2\/comments?post=1350"}],"version-history":[{"count":3,"href":"https:\/\/serr.disabilityrightsca.org\/vi\/wp-json\/wp\/v2\/pages\/1350\/revisions"}],"predecessor-version":[{"id":3787,"href":"https:\/\/serr.disabilityrightsca.org\/vi\/wp-json\/wp\/v2\/pages\/1350\/revisions\/3787"}],"up":[{"embeddable":true,"href":"https:\/\/serr.disabilityrightsca.org\/vi\/wp-json\/wp\/v2\/pages\/329"}],"wp:attachment":[{"href":"https:\/\/serr.disabilityrightsca.org\/vi\/wp-json\/wp\/v2\/media?parent=1350"}],"curies":[{"name":"wp","href":"https:\/\/api.w.org\/{rel}","templated":true}]}}