{"id":1356,"date":"2019-08-06T15:05:13","date_gmt":"2019-08-06T22:05:13","guid":{"rendered":"http:\/\/www.rula.disabilityrightsca.org\/serr\/vi\/?page_id=1356"},"modified":"2021-02-01T17:55:38","modified_gmt":"2021-02-02T01:55:38","slug":"3-14-mo-hinh-cach-biet-de-xac-dinh-lieu-mot-hoc-sinh-co-bi-khuyet-tat-hoc-tap-hay-khong-hoat-dong-nhu-the-nao","status":"publish","type":"page","link":"https:\/\/serr.disabilityrightsca.org\/vi\/serr-manual\/chuong-3-thong-tin-ve-tieu-chi-du-dieu-kien\/3-14-mo-hinh-cach-biet-de-xac-dinh-lieu-mot-hoc-sinh-co-bi-khuyet-tat-hoc-tap-hay-khong-hoat-dong-nhu-the-nao\/","title":{"rendered":"(3.14) \u201cM\u00f4 h\u00ecnh c\u00e1ch bi\u1ec7t\u201d \u0111\u1ec3 x\u00e1c \u0111\u1ecbnh li\u1ec7u m\u1ed9t h\u1ecdc sinh c\u00f3 b\u1ecb khuy\u1ebft t\u1eadt h\u1ecdc t\u1eadp hay kh\u00f4ng ho\u1ea1t \u0111\u1ed9ng nh\u01b0 th\u1ebf n\u00e0o?"},"content":{"rendered":"\n<p>\u0110\u1ec3 quy\u1ebft \u0111\u1ecbnh h\u1ecdc sinh c\u00f3 s\u1ef1 c\u00e1ch bi\u1ec7t r\u1ea5t l\u1edbn gi\u1eefa kh\u1ea3 n\u0103ng tr\u00ed tu\u1ec7 v\u00e0 th\u00e0nh t\u00edch \u0111\u1ea1t \u0111\u01b0\u1ee3c trong bi\u1ec3u \u0111\u1ea1t b\u1eb1ng l\u1eddi, nghe hi\u1ec3u, bi\u1ec3u \u0111\u1ea1t b\u1eb1ng v\u0103n b\u1ea3n, c\u00e1c k\u1ef9 n\u0103ng \u0111\u1ecdc c\u01a1 b\u1ea3n, \u0111\u1ecdc hi\u1ec3u, t\u00ednh to\u00e1n to\u00e1n h\u1ecdc hay suy lu\u1eadn to\u00e1n h\u1ecdc hay kh\u00f4ng, h\u1ecdc khu ph\u1ea3i xem x\u00e9t t\u1ea5t c\u1ea3 t\u00e0i li\u1ec7u li\u00ean quan s\u1eb5n c\u00f3 v\u1ec1 h\u1ecdc sinh \u0111\u00f3. Kh\u00f4ng \u0111\u01b0\u1ee3c l\u1ea5y \u0111\u01a1n l\u1ebb \u0111i\u1ec3m hay t\u00edch s\u1ed1 \u0111i\u1ec3m ho\u1eb7c b\u00e0i ki\u1ec3m tra hay th\u1ee7 t\u1ee5c n\u00e0o l\u00e0m y\u1ebfu t\u1ed1 duy nh\u1ea5t \u0111\u1ec3 \u0111\u01b0a ra quy\u1ebft \u0111\u1ecbnh n\u00e0y.<\/p>\n\n\n\n<p>C\u00e1c b\u00e0i ki\u1ec3m tra kh\u1ea3 n\u0103ng v\u00e0 th\u00e0nh t\u00edch \u0111\u01b0\u1ee3c chu\u1ea9n h\u00f3a th\u01b0\u1eddng \u0111\u01b0\u1ee3c s\u1eed d\u1ee5ng. N\u1ebfu \u0111i\u1ec3m th\u00e0nh t\u00edch c\u1ee7a h\u1ecdc sinh \u0111\u1ee7 m\u1ee9c th\u1ea5p h\u01a1n \u0111i\u1ec3m kh\u1ea3 n\u0103ng th\u00ec \u0111i\u1ec1u \u0111\u00f3 th\u1ec3 hi\u1ec7n r\u1eb1ng h\u1ecdc sinh n\u00e0y c\u00f3 s\u1ef1 c\u00e1ch bi\u1ec7t r\u1ea5t l\u1edbn c\u1ea7n thi\u1ebft \u0111\u1ec3 h\u1ed9i \u0111\u1ee7 \u0111i\u1ec1u ki\u1ec7n nh\u1eadn gi\u00e1o d\u1ee5c \u0111\u1eb7c bi\u1ec7t theo m\u00f4 h\u00ecnh n\u00e0y.<\/p>\n\n\n\n<p>N\u1eb1m trong c\u00f4ng t\u00e1c th\u1ea9m \u0111\u1ecbnh, ng\u01b0\u1eddi th\u1ea9m \u0111\u1ecbnh s\u1ebd chuy\u1ec3n \u0111\u1ed5i \u0111i\u1ec3m th\u00f4 t\u1eeb ki\u1ec3m tra h\u1ecdc thu\u1eadt v\u00e0 nh\u1eadn th\u1ee9c sang thang \u0111i\u1ec3m 100 r\u1ed3i \u0111\u1ed1i chi\u1ebfu nh\u1eefng \u0111i\u1ec3m n\u00e0y. N\u1ebfu s\u1ef1 c\u00e1ch bi\u1ec7t n\u1eb1m trong kho\u1ea3ng 20-22 \u0111i\u1ec3m (\u0111\u1ed9 l\u1ec7ch chu\u1ea9n 1,5) th\u00ec th\u1ec3 hi\u1ec7n ch\u1eafc ch\u1eafn r\u1eb1ng h\u1ecdc sinh n\u00e0y b\u1ecb khuy\u1ebft t\u1eadt h\u1ecdc t\u1eadp. S\u1ef1 c\u00e1ch bi\u1ec7t n\u00e0y ph\u1ea3i \u0111\u01b0\u1ee3c ch\u1ee9ng th\u1ef1c b\u1eb1ng c\u00e1c th\u00f4ng tin \u0111\u00e1nh gi\u00e1 kh\u00e1c, ch\u1eb3ng h\u1ea1n nh\u01b0 t\u1eeb c\u00e1c b\u00e0i ki\u1ec3m tra, thang \u0111o, c\u00f4ng c\u1ee5, quan s\u00e1t v\u00e0 c\u00e1c m\u1eabu b\u00e0i t\u1eadp kh\u00e1c. [5 C.C.R. Sec. 3030(b)(10)(B).]<\/p>\n\n\n\n<p>\u0110\u00f4i khi nh\u1eefng b\u00e0i ki\u1ec3m tra \u0111\u01b0\u1ee3c chu\u1ea9n h\u00f3a kh\u00f4ng \u0111\u01b0\u1ee3c s\u1eed d\u1ee5ng cho nh\u1eefng h\u1ecdc sinh c\u1ee5 th\u1ec3 (nh\u01b0 c\u00e1c b\u00e0i ki\u1ec3m tra IQ cho h\u1ecdc sinh ng\u01b0\u1eddi M\u1ef9 g\u1ed1c Phi). Trong tr\u01b0\u1eddng h\u1ee3p \u0111\u00f3, s\u1ef1 c\u00e1ch bi\u1ec7t gi\u1eefa kh\u1ea3 n\u0103ng v\u00e0 th\u00e0nh t\u00edch ph\u1ea3i \u0111\u01b0\u1ee3c \u0111o l\u01b0\u1eddng b\u1eb1ng ph\u01b0\u01a1ng ph\u00e1p kh\u00e1c. Ph\u01b0\u01a1ng ph\u00e1p th\u1ea9m \u0111\u1ecbnh thay th\u1ebf n\u00e0y ph\u1ea3i \u0111\u01b0\u1ee3c n\u00eau r\u00f5 trong k\u1ebf ho\u1ea1ch th\u1ea9m \u0111\u1ecbnh, b\u1eaft bu\u1ed9c ph\u1ea3i \u0111\u01b0\u1ee3c ph\u1ee5 huynh k\u00fd v\u00e0o tr\u01b0\u1edbc khi ti\u1ebfn h\u00e0nh b\u1ea5t k\u1ef3 ho\u1ea1t \u0111\u1ed9ng ki\u1ec3m tra n\u00e0o. [5 C.C.R. Sec. 3030(b)(10)(B)(2).]<\/p>\n\n\n\n<p>N\u1ebfu c\u00e1c b\u00e0i ki\u1ec3m tra \u0111\u01b0\u1ee3c chu\u1ea9n h\u00f3a kh\u00f4ng th\u1ec3 hi\u1ec7n \u0111\u01b0\u1ee3c s\u1ef1 c\u00e1ch bi\u1ec7t r\u1ea5t l\u1edbn gi\u1eefa kh\u1ea3 n\u0103ng v\u00e0 th\u00e0nh t\u00edch, nh\u00f3m IEP v\u1eabn c\u00f3 th\u1ec3 ph\u00e1t hi\u1ec7n \u0111\u01b0\u1ee3c r\u1eb1ng s\u1ef1 c\u00e1ch bi\u1ec7t r\u1ea5t l\u1edbn c\u00f3 t\u1ed3n t\u1ea1i. Nh\u00f3m IEP ph\u1ea3i chu\u1ea9n b\u1ecb b\u00e1o c\u00e1o v\u1ec1 h\u1ecdc sinh \u0111\u00f3, m\u00f4 t\u1ea3 qu\u00e1 tr\u00ecnh t\u00e2m l\u00fd c\u01a1 b\u1ea3n t\u1ed3n t\u1ea1i s\u1ef1 c\u00e1ch bi\u1ec7t n\u00e0y, c\u1ea5p \u0111\u1ed9 c\u1ee7a s\u1ef1 c\u00e1ch bi\u1ec7t v\u00e0 c\u0103n c\u1ee9 c\u00f9ng ph\u01b0\u01a1ng ph\u00e1p \u0111\u00e3 \u0111\u01b0\u1ee3c s\u1eed d\u1ee5ng \u0111\u1ec3 x\u00e1c \u0111\u1ecbnh s\u1ef1 c\u00e1ch bi\u1ec7t n\u00e0y. B\u00e1o c\u00e1o n\u00e0y ph\u1ea3i bao g\u1ed3m th\u00f4ng tin t\u1eeb c\u00e1c b\u00e0i ki\u1ec3m tra, t\u1eeb ph\u1ee5 huynh, gi\u00e1o vi\u00ean c\u1ee7a h\u1ecdc sinh, t\u1eeb c\u00e1c k\u1ebft qu\u1ea3 quan s\u00e1t h\u1ecdc sinh v\u00e0 n\u0103ng l\u1ef1c c\u00f9ng m\u1eabu b\u00e0i t\u1eadp c\u1ee7a h\u1ecdc sinh tr\u00ean l\u1edbp h\u1ecdc. Tuy nhi\u00ean, tr\u01b0\u1eddng h\u1ee3p kh\u00f4ng \u0111\u01b0\u1ee3c \u0111i h\u1ecdc ho\u1eb7c \u0111i h\u1ecdc kh\u00f4ng chuy\u00ean c\u1ea7n kh\u00f4ng l\u00e0 nguy\u00ean nh\u00e2n ch\u00ednh d\u1eabn \u0111\u1ebfn s\u1ef1 c\u00e1ch bi\u1ec7t r\u1ea5t l\u1edbn \u0111\u00f3. [5 C.C.R. Sec. 3030(b)(10)(B)(3) &amp; (4).]<\/p>\n","protected":false},"excerpt":{"rendered":"<p>\u0110\u1ec3 quy\u1ebft \u0111\u1ecbnh h\u1ecdc sinh c\u00f3 s\u1ef1 c\u00e1ch bi\u1ec7t r\u1ea5t l\u1edbn gi\u1eefa kh\u1ea3 n\u0103ng tr\u00ed tu\u1ec7 v\u00e0 th\u00e0nh t\u00edch \u0111\u1ea1t \u0111\u01b0\u1ee3c trong bi\u1ec3u \u0111\u1ea1t b\u1eb1ng&hellip;<\/p>\n","protected":false},"author":1,"featured_media":0,"parent":329,"menu_order":14,"comment_status":"closed","ping_status":"closed","template":"","meta":{"footnotes":""},"class_list":["post-1356","page","type-page","status-publish","hentry"],"_links":{"self":[{"href":"https:\/\/serr.disabilityrightsca.org\/vi\/wp-json\/wp\/v2\/pages\/1356","targetHints":{"allow":["GET"]}}],"collection":[{"href":"https:\/\/serr.disabilityrightsca.org\/vi\/wp-json\/wp\/v2\/pages"}],"about":[{"href":"https:\/\/serr.disabilityrightsca.org\/vi\/wp-json\/wp\/v2\/types\/page"}],"author":[{"embeddable":true,"href":"https:\/\/serr.disabilityrightsca.org\/vi\/wp-json\/wp\/v2\/users\/1"}],"replies":[{"embeddable":true,"href":"https:\/\/serr.disabilityrightsca.org\/vi\/wp-json\/wp\/v2\/comments?post=1356"}],"version-history":[{"count":2,"href":"https:\/\/serr.disabilityrightsca.org\/vi\/wp-json\/wp\/v2\/pages\/1356\/revisions"}],"predecessor-version":[{"id":3789,"href":"https:\/\/serr.disabilityrightsca.org\/vi\/wp-json\/wp\/v2\/pages\/1356\/revisions\/3789"}],"up":[{"embeddable":true,"href":"https:\/\/serr.disabilityrightsca.org\/vi\/wp-json\/wp\/v2\/pages\/329"}],"wp:attachment":[{"href":"https:\/\/serr.disabilityrightsca.org\/vi\/wp-json\/wp\/v2\/media?parent=1356"}],"curies":[{"name":"wp","href":"https:\/\/api.w.org\/{rel}","templated":true}]}}