{"id":1362,"date":"2019-08-06T15:12:08","date_gmt":"2019-08-06T22:12:08","guid":{"rendered":"http:\/\/www.rula.disabilityrightsca.org\/serr\/vi\/?page_id=1362"},"modified":"2021-02-01T17:58:51","modified_gmt":"2021-02-02T01:58:51","slug":"3-17-mot-so-tre-co-bi-thiet-thoi-do-cac-tieu-chi-du-dieu-kien-khuyet-tat-hoc-tap-khong","status":"publish","type":"page","link":"https:\/\/serr.disabilityrightsca.org\/vi\/serr-manual\/chuong-3-thong-tin-ve-tieu-chi-du-dieu-kien\/3-17-mot-so-tre-co-bi-thiet-thoi-do-cac-tieu-chi-du-dieu-kien-khuyet-tat-hoc-tap-khong\/","title":{"rendered":"(3.17) M\u1ed9t s\u1ed1 tr\u1ebb c\u00f3 b\u1ecb thi\u1ec7t th\u00f2i do c\u00e1c ti\u00eau ch\u00ed \u0111\u1ee7 \u0111i\u1ec1u ki\u1ec7n khuy\u1ebft t\u1eadt h\u1ecdc t\u1eadp kh\u00f4ng?"},"content":{"rendered":"\n<p>C\u00f3. Khi h\u1ecdc khu ch\u1ecdn s\u1eed d\u1ee5ng m\u00f4 h\u00ecnh c\u00e1ch bi\u1ec7t, tr\u1ebb nh\u1ecf, t\u1eeb tu\u1ed5i m\u1ea7m non \u0111\u1ebfn c\u1ea5p hai, g\u1eb7p kh\u00f3 kh\u0103n trong vi\u1ec7c x\u00e1c \u0111\u1ecbnh kh\u1ea3 n\u0103ng h\u1ed9i \u0111\u1ee7 \u0111i\u1ec1u ki\u1ec7n b\u1edfi c\u00e1c b\u00e0i ki\u1ec3m tra th\u00e0nh t\u00edch cho nh\u1eefng c\u1ea5p l\u1edbp n\u00e0y th\u01b0\u1eddng kh\u00f4ng b\u1ed9c l\u1ed9 \u0111\u01b0\u1ee3c nh\u1eefng kh\u00f3 kh\u0103n c\u1ee7a tr\u1ebb. B\u00ean c\u1ea1nh \u0111\u00f3, tr\u1ebb c\u00f3 k\u1ebft qu\u1ea3 ki\u1ec3m tra tr\u00ed th\u00f4ng minh trung b\u00ecnh th\u1ea5p c\u0169ng ph\u1ea3i ch\u1ecbu thi\u1ec7t th\u00f2i, do kh\u00f3 t\u00ecm \u0111\u01b0\u1ee3c \u201cs\u1ef1 c\u00e1ch bi\u1ec7t r\u1ea5t l\u1edbn\u201d gi\u1eefa kh\u1ea3 n\u0103ng v\u00e0 th\u00e0nh t\u00edch c\u1ee7a tr\u1ebb. M\u1eb7t kh\u00e1c, theo nh\u1eefng ti\u00eau ch\u00ed n\u00e0y th\u00ec nh\u1eefng h\u1ecdc sinh r\u1ea5t th\u00f4ng minh s\u1ebd d\u1ec5 th\u1ec3 hi\u1ec7n s\u1ef1 c\u00e1ch bi\u1ec7t gi\u1eefa n\u0103ng l\u1ef1c h\u1ecdc thu\u1eadt v\u00e0 ti\u1ec1m n\u0103ng c\u1ee7a tr\u1ebb.<\/p>\n","protected":false},"excerpt":{"rendered":"<p>C\u00f3. Khi h\u1ecdc khu ch\u1ecdn s\u1eed d\u1ee5ng m\u00f4 h\u00ecnh c\u00e1ch bi\u1ec7t, tr\u1ebb nh\u1ecf, t\u1eeb tu\u1ed5i m\u1ea7m non \u0111\u1ebfn c\u1ea5p hai, g\u1eb7p kh\u00f3 kh\u0103n trong vi\u1ec7c&hellip;<\/p>\n","protected":false},"author":1,"featured_media":0,"parent":329,"menu_order":17,"comment_status":"closed","ping_status":"closed","template":"","meta":{"footnotes":""},"class_list":["post-1362","page","type-page","status-publish","hentry"],"_links":{"self":[{"href":"https:\/\/serr.disabilityrightsca.org\/vi\/wp-json\/wp\/v2\/pages\/1362","targetHints":{"allow":["GET"]}}],"collection":[{"href":"https:\/\/serr.disabilityrightsca.org\/vi\/wp-json\/wp\/v2\/pages"}],"about":[{"href":"https:\/\/serr.disabilityrightsca.org\/vi\/wp-json\/wp\/v2\/types\/page"}],"author":[{"embeddable":true,"href":"https:\/\/serr.disabilityrightsca.org\/vi\/wp-json\/wp\/v2\/users\/1"}],"replies":[{"embeddable":true,"href":"https:\/\/serr.disabilityrightsca.org\/vi\/wp-json\/wp\/v2\/comments?post=1362"}],"version-history":[{"count":2,"href":"https:\/\/serr.disabilityrightsca.org\/vi\/wp-json\/wp\/v2\/pages\/1362\/revisions"}],"predecessor-version":[{"id":3793,"href":"https:\/\/serr.disabilityrightsca.org\/vi\/wp-json\/wp\/v2\/pages\/1362\/revisions\/3793"}],"up":[{"embeddable":true,"href":"https:\/\/serr.disabilityrightsca.org\/vi\/wp-json\/wp\/v2\/pages\/329"}],"wp:attachment":[{"href":"https:\/\/serr.disabilityrightsca.org\/vi\/wp-json\/wp\/v2\/media?parent=1362"}],"curies":[{"name":"wp","href":"https:\/\/api.w.org\/{rel}","templated":true}]}}