{"id":1382,"date":"2019-08-06T15:30:54","date_gmt":"2019-08-06T22:30:54","guid":{"rendered":"http:\/\/www.rula.disabilityrightsca.org\/serr\/vi\/?page_id=1382"},"modified":"2021-02-01T18:20:56","modified_gmt":"2021-02-02T02:20:56","slug":"3-25-con-toi-duoc-len-lop-theo-trinh-tu-binh-thuong-tre-van-co-the-du-dieu-kien-nhan-giao-duc-dac-biet-chu","status":"publish","type":"page","link":"https:\/\/serr.disabilityrightsca.org\/vi\/serr-manual\/chuong-3-thong-tin-ve-tieu-chi-du-dieu-kien\/3-25-con-toi-duoc-len-lop-theo-trinh-tu-binh-thuong-tre-van-co-the-du-dieu-kien-nhan-giao-duc-dac-biet-chu\/","title":{"rendered":"(3.25) Con t\u00f4i \u0111\u01b0\u1ee3c l\u00ean l\u1edbp theo tr\u00ecnh t\u1ef1 b\u00ecnh th\u01b0\u1eddng. Tr\u1ebb v\u1eabn c\u00f3 th\u1ec3 \u0111\u1ee7 \u0111i\u1ec1u ki\u1ec7n nh\u1eadn gi\u00e1o d\u1ee5c \u0111\u1eb7c bi\u1ec7t ch\u1ee9?"},"content":{"rendered":"\n<p>C\u00f3. Mi\u1ec5n l\u00e0 tr\u1ebb \u0111\u00e1p \u1ee9ng m\u1ed9t trong nh\u1eefng danh m\u1ee5c v\u1ec1 kh\u1ea3 n\u0103ng h\u1ed9i \u0111\u1ee7 \u0111i\u1ec1u ki\u1ec7n v\u00e0 c\u1ea7n gi\u00e1o d\u1ee5c \u0111\u1eb7c bi\u1ec7t, vi\u1ec7c tr\u1ebb \u0111\u01b0\u1ee3c l\u00ean l\u1edbp theo tr\u00ecnh t\u1ef1 b\u00ecnh th\u01b0\u1eddng m\u00e0 kh\u00f4ng c\u1ea7n gi\u00e1o d\u1ee5c \u0111\u1eb7c bi\u1ec7t kh\u00f4ng c\u00f3 ngh\u0129a l\u00e0 tr\u1ebb kh\u00f4ng \u0111\u01b0\u1ee3c h\u01b0\u1edfng ch\u01b0\u01a1ng tr\u00ecnh gi\u00e1o d\u1ee5c \u0111\u1eb7c bi\u1ec7t c\u00f4ng l\u1eadp ph\u00f9 h\u1ee3p, mi\u1ec5n ph\u00ed. [34 C.F.R. Sec. 300.111(c)(1).]<\/p>\n","protected":false},"excerpt":{"rendered":"<p>C\u00f3. Mi\u1ec5n l\u00e0 tr\u1ebb \u0111\u00e1p \u1ee9ng m\u1ed9t trong nh\u1eefng danh m\u1ee5c v\u1ec1 kh\u1ea3 n\u0103ng h\u1ed9i \u0111\u1ee7 \u0111i\u1ec1u ki\u1ec7n v\u00e0 c\u1ea7n gi\u00e1o d\u1ee5c \u0111\u1eb7c bi\u1ec7t, vi\u1ec7c&hellip;<\/p>\n","protected":false},"author":1,"featured_media":0,"parent":329,"menu_order":25,"comment_status":"closed","ping_status":"closed","template":"","meta":{"footnotes":""},"class_list":["post-1382","page","type-page","status-publish","hentry"],"_links":{"self":[{"href":"https:\/\/serr.disabilityrightsca.org\/vi\/wp-json\/wp\/v2\/pages\/1382","targetHints":{"allow":["GET"]}}],"collection":[{"href":"https:\/\/serr.disabilityrightsca.org\/vi\/wp-json\/wp\/v2\/pages"}],"about":[{"href":"https:\/\/serr.disabilityrightsca.org\/vi\/wp-json\/wp\/v2\/types\/page"}],"author":[{"embeddable":true,"href":"https:\/\/serr.disabilityrightsca.org\/vi\/wp-json\/wp\/v2\/users\/1"}],"replies":[{"embeddable":true,"href":"https:\/\/serr.disabilityrightsca.org\/vi\/wp-json\/wp\/v2\/comments?post=1382"}],"version-history":[{"count":2,"href":"https:\/\/serr.disabilityrightsca.org\/vi\/wp-json\/wp\/v2\/pages\/1382\/revisions"}],"predecessor-version":[{"id":3803,"href":"https:\/\/serr.disabilityrightsca.org\/vi\/wp-json\/wp\/v2\/pages\/1382\/revisions\/3803"}],"up":[{"embeddable":true,"href":"https:\/\/serr.disabilityrightsca.org\/vi\/wp-json\/wp\/v2\/pages\/329"}],"wp:attachment":[{"href":"https:\/\/serr.disabilityrightsca.org\/vi\/wp-json\/wp\/v2\/media?parent=1382"}],"curies":[{"name":"wp","href":"https:\/\/api.w.org\/{rel}","templated":true}]}}