{"id":1577,"date":"2019-10-24T15:00:51","date_gmt":"2019-10-24T22:00:51","guid":{"rendered":"http:\/\/serr.disabilityrightsca.org\/?page_id=1577"},"modified":"2021-01-13T15:39:11","modified_gmt":"2021-01-13T23:39:11","slug":"1-3-lam-the-nao-toi-co-the%cc%89-de-nghi%cc%a3-ho%cc%a3c-khu-danh-gia-hoa%cc%a3c-tha%cc%89m-di%cc%a3nh-con-minh","status":"publish","type":"page","link":"https:\/\/serr.disabilityrightsca.org\/vi\/serr-manual\/chuong-1-thong-tin-ve-cac-quyen-co-ba%cc%89n\/1-3-lam-the-nao-toi-co-the%cc%89-de-nghi%cc%a3-ho%cc%a3c-khu-danh-gia-hoa%cc%a3c-tha%cc%89m-di%cc%a3nh-con-minh\/","title":{"rendered":"(1.3) La\u0300m th\u00ea\u0301 na\u0300o t\u00f4i co\u0301 th\u00ea\u0309 \u0111\u00ea\u0300 nghi\u0323 ho\u0323c khu \u0111a\u0301nh gia\u0301 ho\u0103\u0323c th\u00e2\u0309m \u0111i\u0323nh con mi\u0300nh?"},"content":{"rendered":"\n<p>H\u1ecdc khu c\u00f3 ngh\u0129a v\u1ee5 \u201cx\u00e1c \u0111\u1ecbnh, b\u1ed1 tr\u00ed v\u00e0 \u0111\u00e1nh gi\u00e1\u201d t\u1ea5t c\u1ea3 tr\u1ebb em khuy\u1ebft t\u1eadt c\u00f3 th\u1ec3 h\u1ed9i \u0111\u1ee7 \u0111i\u1ec1u ki\u1ec7n nh\u1eadn gi\u00e1o d\u1ee5c \u0111\u1eb7c bi\u1ec7t, bao g\u1ed3m nh\u1eefng tr\u1ebb \u0111ang theo h\u1ecdc t\u1ea1i c\u00e1c tr\u01b0\u1eddng t\u01b0 th\u1ee5c ho\u1eb7c tr\u1ebb v\u00f4 gia c\u01b0 ho\u1eb7c d\u01b0\u1edbi s\u1ef1 gi\u00e1m s\u00e1t c\u1ee7a t\u00f2a \u00e1n. [34 C.F.R. Sec. 300.111; Cal. Ed. Code Secs. 56300 &amp; 56301.) Quy tr\u00ecnh n\u00e0y \u0111\u01b0\u1ee3c g\u1ecdi l\u00e0 \u201cT\u00ecm Ki\u1ebfm Tr\u1ebb\u201d.<\/p>\n\n\n\n<p>Qu\u00fd v\u1ecb c\u0169ng c\u00f3 th\u1ec3 g\u1eedi th\u01b0 gi\u1edbi thi\u1ec7u th\u1ea9m \u0111\u1ecbnh b\u1ea5t k\u1ef3 l\u00fac n\u00e0o.&nbsp; Th\u01b0 gi\u1edbi thi\u1ec7u \u0111\u01b0\u1ee3c \u0111\u1ecbnh ngh\u0129a l\u00e0 b\u1ea5t k\u1ef3 v\u0103n b\u1ea3n y\u00eau c\u1ea7u th\u1ea9m \u0111\u1ecbnh n\u00e0o \u0111\u01b0\u1ee3c th\u1ef1c hi\u1ec7n b\u1edfi ph\u1ee5 huynh, ng\u01b0\u1eddi gi\u00e1m h\u1ed9, gi\u00e1o vi\u00ean ho\u1eb7c nh\u00e0 cung c\u1ea5p d\u1ecbch v\u1ee5 kh\u00e1c. V\u00ec v\u1eady, h\u00e3y g\u1eedi y\u00eau c\u1ea7u th\u1ea9m \u0111\u1ecbnh <strong>b\u1eb1ng v\u0103n b\u1ea3n<\/strong> c\u00f3 ghi ng\u00e0y th\u00e1ng cho h\u1ecdc khu (v\u00ed d\u1ee5: Gi\u00e1m \u0110\u1ed1c Gi\u00e1o D\u1ee5c \u0110\u1eb7c Bi\u1ec7t, Hi\u1ec7u Tr\u01b0\u1edfng, c\u1ed1 v\u1ea5n ch\u01b0\u01a1ng tr\u00ecnh gi\u00e1o d\u1ee5c \u0111\u1eb7c bi\u1ec7t, v.v.) \u0111\u1ec3 ch\u00ednh th\u1ee9c gi\u1edbi thi\u1ec7u con qu\u00fd v\u1ecb nh\u1eb1m y\u00eau c\u1ea7u th\u1ea9m \u0111\u1ecbnh v\u00e0 l\u1eadp h\u1ed3 s\u01a1 khung th\u1eddi gian. Sau khi h\u1ecdc khu nh\u1eadn \u0111\u01b0\u1ee3c y\u00eau c\u1ea7u th\u1ea9m \u0111\u1ecbnh b\u1eb1ng v\u0103n b\u1ea3n c\u1ee7a qu\u00fd v\u1ecb, qu\u00e1 tr\u00ecnh th\u1ea9m \u0111\u1ecbnh <strong>ph\u1ea3i <\/strong>b\u1eaft \u0111\u1ea7u. T\u1ea5t c\u1ea3 c\u00e1c th\u01b0 gi\u1edbi thi\u1ec7u b\u1eb1ng v\u0103n b\u1ea3n s\u1ebd b\u1eaft \u0111\u1ea7u qu\u00e1 tr\u00ecnh th\u1ea9m \u0111\u1ecbnh.<\/p>\n\n\n\n<p>Qu\u00fd v\u1ecb c\u0169ng c\u00f3 th\u1ec3 li\u00ean h\u1ec7 v\u1edbi ng\u01b0\u1eddi qu\u1ea3n l\u00fd tr\u01b0\u1eddng h\u1ecdc \u0111\u1ecba ph\u01b0\u01a1ng (v\u00ed d\u1ee5: Hi\u1ec7u Tr\u01b0\u1edfng ho\u1eb7c c\u1ed1 v\u1ea5n ch\u01b0\u01a1ng tr\u00ecnh gi\u00e1o d\u1ee5c \u0111\u1eb7c bi\u1ec7t, v.v.).&nbsp; Ph\u00e1c th\u1ea3o c\u00e1c l\u0129nh v\u1ef1c qu\u00fd v\u1ecb lo ng\u1ea1i v\u1ec1 t\u00ecnh tr\u1ea1ng khuy\u1ebft t\u1eadt nghi ng\u1edd c\u1ee7a tr\u1ebb v\u00e0 y\u00eau c\u1ea7u \u201c\u0111\u00e1nh gi\u00e1&#8221; ho\u1eb7c \u201cth\u1ea9m \u0111\u1ecbnh\u201d.&nbsp; N\u1ebfu y\u00eau c\u1ea7u c\u1ee7a qu\u00fd v\u1ecb \u0111\u01b0\u1ee3c th\u1ef1c hi\u1ec7n b\u1eb1ng l\u1eddi, nh\u00e2n vi\u00ean h\u1ecdc khu ph\u1ea3i gi\u00fap qu\u00fd v\u1ecb \u0111\u01b0a ra y\u00eau c\u1ea7u b\u1eb1ng v\u0103n b\u1ea3n v\u00e0 ph\u1ea3i h\u1ed7 tr\u1ee3 qu\u00fd v\u1ecb n\u1ebfu qu\u00fd v\u1ecb y\u00eau c\u1ea7u h\u1ed7 tr\u1ee3.&nbsp; N\u1ebfu qu\u00fd v\u1ecb g\u1eb7p nh\u00e2n vi\u00ean nh\u00e0 tr\u01b0\u1eddng, h\u00e3y \u0111\u01b0a cho h\u1ecd gi\u1ea5y gi\u1edbi thi\u1ec7u b\u1eb1ng v\u0103n b\u1ea3n t\u1ea1i cu\u1ed9c h\u1ecdp. [Cal. Ed. Code Secs. 56029, 56301, 56302 &amp; 56321(a); 5 C.C.R. Sec. 3021.] Xem <em>Th\u01b0 M\u1eabu <\/em>\u2013 <em>Y\u00eau C\u1ea7u Th\u1ea9m \u0110\u1ecbnh<\/em>, Ph\u1ea7n Ph\u1ee5 L\u1ee5c \u2013 Ph\u1ee5 L\u1ee5c A.<\/p>\n","protected":false},"excerpt":{"rendered":"<p>H\u1ecdc khu c\u00f3 ngh\u0129a v\u1ee5 \u201cx\u00e1c \u0111\u1ecbnh, b\u1ed1 tr\u00ed v\u00e0 \u0111\u00e1nh gi\u00e1\u201d t\u1ea5t c\u1ea3 tr\u1ebb em khuy\u1ebft t\u1eadt c\u00f3 th\u1ec3 h\u1ed9i \u0111\u1ee7 \u0111i\u1ec1u ki\u1ec7n nh\u1eadn&hellip;<\/p>\n","protected":false},"author":1,"featured_media":0,"parent":321,"menu_order":3,"comment_status":"closed","ping_status":"closed","template":"","meta":{"footnotes":""},"class_list":["post-1577","page","type-page","status-publish","hentry"],"_links":{"self":[{"href":"https:\/\/serr.disabilityrightsca.org\/vi\/wp-json\/wp\/v2\/pages\/1577","targetHints":{"allow":["GET"]}}],"collection":[{"href":"https:\/\/serr.disabilityrightsca.org\/vi\/wp-json\/wp\/v2\/pages"}],"about":[{"href":"https:\/\/serr.disabilityrightsca.org\/vi\/wp-json\/wp\/v2\/types\/page"}],"author":[{"embeddable":true,"href":"https:\/\/serr.disabilityrightsca.org\/vi\/wp-json\/wp\/v2\/users\/1"}],"replies":[{"embeddable":true,"href":"https:\/\/serr.disabilityrightsca.org\/vi\/wp-json\/wp\/v2\/comments?post=1577"}],"version-history":[{"count":3,"href":"https:\/\/serr.disabilityrightsca.org\/vi\/wp-json\/wp\/v2\/pages\/1577\/revisions"}],"predecessor-version":[{"id":3581,"href":"https:\/\/serr.disabilityrightsca.org\/vi\/wp-json\/wp\/v2\/pages\/1577\/revisions\/3581"}],"up":[{"embeddable":true,"href":"https:\/\/serr.disabilityrightsca.org\/vi\/wp-json\/wp\/v2\/pages\/321"}],"wp:attachment":[{"href":"https:\/\/serr.disabilityrightsca.org\/vi\/wp-json\/wp\/v2\/media?parent=1577"}],"curies":[{"name":"wp","href":"https:\/\/api.w.org\/{rel}","templated":true}]}}