{"id":1579,"date":"2019-10-24T15:02:31","date_gmt":"2019-10-24T22:02:31","guid":{"rendered":"http:\/\/serr.disabilityrightsca.org\/?page_id=1579"},"modified":"2021-01-13T15:40:42","modified_gmt":"2021-01-13T23:40:42","slug":"1-4-mat-bao-lau-de%cc%89-ho%cc%a3c-khu-hoan-thanh-tha%cc%89m-di%cc%a3nh-cho-con-toi","status":"publish","type":"page","link":"https:\/\/serr.disabilityrightsca.org\/vi\/serr-manual\/chuong-1-thong-tin-ve-cac-quyen-co-ba%cc%89n\/1-4-mat-bao-lau-de%cc%89-ho%cc%a3c-khu-hoan-thanh-tha%cc%89m-di%cc%a3nh-cho-con-toi\/","title":{"rendered":"(1.4) M\u00e2\u0301t bao l\u00e2u \u0111\u00ea\u0309 ho\u0323c khu hoa\u0300n tha\u0300nh th\u00e2\u0309m \u0111i\u0323nh cho con t\u00f4i?"},"content":{"rendered":"\n<p>Theo lu\u1eadt ti\u1ec3u bang, h\u1ecdc khu ph\u1ea3i cung c\u1ea5p cho qu\u00fd v\u1ecb k\u1ebf ho\u1ea1ch th\u1ea9m \u0111\u1ecbnh trong v\u00f2ng <strong>15 ng\u00e0y <\/strong>&nbsp;sau khi nh\u1eadn \u0111\u01b0\u1ee3c th\u01b0 gi\u1edbi thi\u1ec7u b\u1eb1ng <strong>v\u0103n b\u1ea3n <\/strong>c\u1ee7a qu\u00fd v\u1ecb v\u1ec1 c\u00e1c d\u1ecbch v\u1ee5 gi\u00e1o d\u1ee5c \u0111\u1eb7c bi\u1ec7t. N\u1ebfu th\u01b0 gi\u1edbi thi\u1ec7u th\u1ea9m \u0111\u1ecbnh \u0111\u01b0\u1ee3c th\u1ef1c hi\u1ec7n trong v\u00f2ng 10 ng\u00e0y tr\u1edf xu\u1ed1ng tr\u01b0\u1edbc khi k\u1ebft th\u00fac n\u0103m h\u1ecdc th\u00f4ng th\u01b0\u1eddng, h\u1ecdc khu ph\u1ea3i l\u1eadp k\u1ebf ho\u1ea1ch th\u1ea9m \u0111\u1ecbnh trong v\u00f2ng 10 ng\u00e0y sau khi b\u1eaft \u0111\u1ea7u n\u0103m h\u1ecdc ti\u1ebfp theo. [Cal. Ed. Code Sec. 56321(a).]<\/p>\n\n\n\n<p>Qu\u00fd v\u1ecb c\u00f3 \u00edt nh\u1ea5t <strong>15 ng\u00e0y <\/strong>\u0111\u1ec3 tr\u1ea3 l\u1eddi ho\u1eb7c ch\u1ea5p thu\u1eadn k\u1ebf ho\u1ea1ch th\u1ea9m \u0111\u1ecbnh. [Cal. Ed. Code Sec. 56321(4).] Khi h\u1ecdc khu \u0111\u00e3 nh\u1eadn \u0111\u01b0\u1ee3c k\u1ebf ho\u1ea1ch th\u1ea9m \u0111\u1ecbnh \u0111\u00e3 k\u00fd, h\u1ecdc khu c\u00f3 <strong>60 ng\u00e0y <\/strong>(kh\u00f4ng t\u00ednh ng\u00e0y ngh\u1ec9 c\u1ee7a tr\u01b0\u1eddng v\u01b0\u1ee3t qu\u00e1 n\u0103m ng\u00e0y ho\u1eb7c nh\u1eefng ng\u00e0y tr\u01b0\u1eddng h\u1ecdc kh\u00f4ng ho\u1ea1t \u0111\u1ed9ng) \u0111\u1ec3 ho\u00e0n th\u00e0nh th\u1ea9m \u0111\u1ecbnh v\u00e0 ph\u00e1t tri\u1ec3n Ch\u01b0\u01a1ng Tr\u00ecnh Gi\u00e1o D\u1ee5c C\u00e1 Nh\u00e2n (IEP), gi\u1ea3 \u0111\u1ecbnh r\u1eb1ng h\u1ecdc khu nh\u1eadn th\u1ea5y tr\u1ebb \u0111\u00f3 h\u1ed9i \u0111\u1ee7 \u0111i\u1ec1u ki\u1ec7n. [Cal. Ed. Code Sec. 56344(a).] Khi tr\u1ebb \u0111\u01b0\u1ee3c x\u00e1c \u0111\u1ecbnh l\u00e0 h\u1ed9i \u0111\u1ee7 \u0111i\u1ec1u ki\u1ec7n, h\u1ecdc khu kh\u00f4ng th\u1ec3 \u0111\u01b0a ra quy\u1ebft \u0111\u1ecbnh v\u1ec1 kh\u1ea3 n\u0103ng kh\u00f4ng h\u1ed9i \u0111\u1ee7 \u0111i\u1ec1u ki\u1ec7n cho c\u00e1c d\u1ecbch v\u1ee5 gi\u00e1o d\u1ee5c \u0111\u1eb7c bi\u1ec7t m\u00e0 kh\u00f4ng c\u1ea7n \u0111\u00e1nh gi\u00e1. [20 U.S.C. Sec. 1414(c)(5); 34 C.F.R. Sec. 300.305(e)(1).]<\/p>\n\n\n\n<p>N\u1ebfu tr\u1ebb \u0111\u01b0\u1ee3c gi\u1edbi thi\u1ec7u v\u00e0o ch\u01b0\u01a1ng tr\u00ecnh gi\u00e1o d\u1ee5c \u0111\u1eb7c bi\u1ec7t trong th\u1eddi gian 30 ng\u00e0y tr\u1edf xu\u1ed1ng tr\u01b0\u1edbc khi k\u1ebft th\u00fac n\u0103m h\u1ecdc, h\u1ecdc khu ph\u1ea3i t\u1ed5 ch\u1ee9c m\u1ed9t cu\u1ed9c h\u1ecdp \u0111\u1ec3 ph\u00e1t tri\u1ec3n IEP trong v\u00f2ng 30 ng\u00e0y sau khi b\u1eaft \u0111\u1ea7u n\u0103m h\u1ecdc m\u1edbi. [Cal. Ed. Code Sec. 56344(a).]<\/p>\n","protected":false},"excerpt":{"rendered":"<p>Theo lu\u1eadt ti\u1ec3u bang, h\u1ecdc khu ph\u1ea3i cung c\u1ea5p cho qu\u00fd v\u1ecb k\u1ebf ho\u1ea1ch th\u1ea9m \u0111\u1ecbnh trong v\u00f2ng 15 ng\u00e0y &nbsp;sau khi nh\u1eadn \u0111\u01b0\u1ee3c th\u01b0&hellip;<\/p>\n","protected":false},"author":1,"featured_media":0,"parent":321,"menu_order":4,"comment_status":"closed","ping_status":"closed","template":"","meta":{"footnotes":""},"class_list":["post-1579","page","type-page","status-publish","hentry"],"_links":{"self":[{"href":"https:\/\/serr.disabilityrightsca.org\/vi\/wp-json\/wp\/v2\/pages\/1579","targetHints":{"allow":["GET"]}}],"collection":[{"href":"https:\/\/serr.disabilityrightsca.org\/vi\/wp-json\/wp\/v2\/pages"}],"about":[{"href":"https:\/\/serr.disabilityrightsca.org\/vi\/wp-json\/wp\/v2\/types\/page"}],"author":[{"embeddable":true,"href":"https:\/\/serr.disabilityrightsca.org\/vi\/wp-json\/wp\/v2\/users\/1"}],"replies":[{"embeddable":true,"href":"https:\/\/serr.disabilityrightsca.org\/vi\/wp-json\/wp\/v2\/comments?post=1579"}],"version-history":[{"count":3,"href":"https:\/\/serr.disabilityrightsca.org\/vi\/wp-json\/wp\/v2\/pages\/1579\/revisions"}],"predecessor-version":[{"id":3582,"href":"https:\/\/serr.disabilityrightsca.org\/vi\/wp-json\/wp\/v2\/pages\/1579\/revisions\/3582"}],"up":[{"embeddable":true,"href":"https:\/\/serr.disabilityrightsca.org\/vi\/wp-json\/wp\/v2\/pages\/321"}],"wp:attachment":[{"href":"https:\/\/serr.disabilityrightsca.org\/vi\/wp-json\/wp\/v2\/media?parent=1579"}],"curies":[{"name":"wp","href":"https:\/\/api.w.org\/{rel}","templated":true}]}}