{"id":1584,"date":"2019-10-24T15:05:45","date_gmt":"2019-10-24T22:05:45","guid":{"rendered":"http:\/\/serr.disabilityrightsca.org\/?page_id=1584"},"modified":"2021-01-13T15:44:51","modified_gmt":"2021-01-13T23:44:51","slug":"1-6-qua-trinh-tham-dinh-can-bao-gom-nhung-linh-vuc-nao","status":"publish","type":"page","link":"https:\/\/serr.disabilityrightsca.org\/vi\/serr-manual\/chuong-1-thong-tin-ve-cac-quyen-co-ba%cc%89n\/1-6-qua-trinh-tham-dinh-can-bao-gom-nhung-linh-vuc-nao\/","title":{"rendered":"(1.6) Qu\u00e1 tr\u00ecnh th\u1ea9m \u0111\u1ecbnh c\u1ea7n bao g\u1ed3m nh\u1eefng l\u0129nh v\u1ef1c n\u00e0o?"},"content":{"rendered":"\n<p>H\u1ecdc sinh c\u1ea7n \u0111\u01b0\u1ee3c th\u1ea9m \u0111\u1ecbnh \u1edf <strong>t\u1ea5t c\u1ea3 c\u00e1c l\u0129nh v\u1ef1c li\u00ean quan \u0111\u1ebfn t\u00ecnh tr\u1ea1ng khuy\u1ebft t\u1eadt nghi ng\u1edd <\/strong>bao g\u1ed3m, n\u1ebfu ph\u00f9 h\u1ee3p, s\u1ee9c kh\u1ecfe v\u00e0 s\u1ef1 ph\u00e1t tri\u1ec3n, th\u1ecb l\u1ef1c (bao g\u1ed3m th\u1ecb l\u1ef1c k\u00e9m), th\u00ednh gi\u00e1c, kh\u1ea3 n\u0103ng v\u1eadn \u0111\u1ed9ng, ch\u1ee9c n\u0103ng ng\u00f4n ng\u1eef, kh\u1ea3 n\u0103ng chung, n\u0103ng l\u1ef1c h\u1ecdc thu\u1eadt, k\u1ef9 n\u0103ng t\u1ef1 tr\u1ee3 gi\u00fap, c\u00e1c k\u1ef9 n\u0103ng \u0111\u1ecbnh h\u01b0\u1edbng v\u00e0 v\u1eadn \u0111\u1ed9ng, kh\u1ea3 n\u0103ng v\u00e0 \u0111am m\u00ea ngh\u1ec1 nghi\u1ec7p v\u00e0 h\u1ecdc ngh\u1ec1, tr\u1ea1ng th\u00e1i x\u00e3 h\u1ed9i v\u00e0 c\u1ea3m x\u00fac. N\u1ebfu ph\u00f9 h\u1ee3p, h\u1ecdc khu c\u1ea7n thu th\u1eadp l\u1ecbch s\u1eed ph\u00e1t tri\u1ec3n. [34 C.F.R. Sec. 300.304(c)(4); Cal. Ed. Code Sec. 56320(f).]<\/p>\n","protected":false},"excerpt":{"rendered":"<p>H\u1ecdc sinh c\u1ea7n \u0111\u01b0\u1ee3c th\u1ea9m \u0111\u1ecbnh \u1edf t\u1ea5t c\u1ea3 c\u00e1c l\u0129nh v\u1ef1c li\u00ean quan \u0111\u1ebfn t\u00ecnh tr\u1ea1ng khuy\u1ebft t\u1eadt nghi ng\u1edd bao g\u1ed3m, n\u1ebfu ph\u00f9&hellip;<\/p>\n","protected":false},"author":1,"featured_media":0,"parent":321,"menu_order":6,"comment_status":"closed","ping_status":"closed","template":"","meta":{"footnotes":""},"class_list":["post-1584","page","type-page","status-publish","hentry"],"_links":{"self":[{"href":"https:\/\/serr.disabilityrightsca.org\/vi\/wp-json\/wp\/v2\/pages\/1584","targetHints":{"allow":["GET"]}}],"collection":[{"href":"https:\/\/serr.disabilityrightsca.org\/vi\/wp-json\/wp\/v2\/pages"}],"about":[{"href":"https:\/\/serr.disabilityrightsca.org\/vi\/wp-json\/wp\/v2\/types\/page"}],"author":[{"embeddable":true,"href":"https:\/\/serr.disabilityrightsca.org\/vi\/wp-json\/wp\/v2\/users\/1"}],"replies":[{"embeddable":true,"href":"https:\/\/serr.disabilityrightsca.org\/vi\/wp-json\/wp\/v2\/comments?post=1584"}],"version-history":[{"count":2,"href":"https:\/\/serr.disabilityrightsca.org\/vi\/wp-json\/wp\/v2\/pages\/1584\/revisions"}],"predecessor-version":[{"id":3584,"href":"https:\/\/serr.disabilityrightsca.org\/vi\/wp-json\/wp\/v2\/pages\/1584\/revisions\/3584"}],"up":[{"embeddable":true,"href":"https:\/\/serr.disabilityrightsca.org\/vi\/wp-json\/wp\/v2\/pages\/321"}],"wp:attachment":[{"href":"https:\/\/serr.disabilityrightsca.org\/vi\/wp-json\/wp\/v2\/media?parent=1584"}],"curies":[{"name":"wp","href":"https:\/\/api.w.org\/{rel}","templated":true}]}}