{"id":1590,"date":"2019-10-24T15:36:43","date_gmt":"2019-10-24T22:36:43","guid":{"rendered":"http:\/\/serr.disabilityrightsca.org\/?page_id=1590"},"modified":"2021-01-13T15:48:43","modified_gmt":"2021-01-13T23:48:43","slug":"1-8-viec-tha%cc%89m-di%cc%a3nh-co-can-pha%cc%89i-duo%cc%a3c-cung-cap-bang-ngon-ngu%cc%83-chinh-cu%cc%89a-con-toi-hay-khong","status":"publish","type":"page","link":"https:\/\/serr.disabilityrightsca.org\/vi\/serr-manual\/chuong-1-thong-tin-ve-cac-quyen-co-ba%cc%89n\/1-8-viec-tha%cc%89m-di%cc%a3nh-co-can-pha%cc%89i-duo%cc%a3c-cung-cap-bang-ngon-ngu%cc%83-chinh-cu%cc%89a-con-toi-hay-khong\/","title":{"rendered":"(1.8) Vi\u1ec7c th\u00e2\u0309m \u0111i\u0323nh co\u0301 c\u00e2\u0300n pha\u0309i \u0111\u01b0\u01a1\u0323c cung c\u00e2\u0301p b\u0103\u0300ng ng\u00f4n ng\u01b0\u0303 chi\u0301nh cu\u0309a con t\u00f4i hay kh\u00f4ng?"},"content":{"rendered":"\n<p>C\u00f3. \u0110\u00e2y l\u00e0 y\u00eau c\u1ea7u c\u1ee7a c\u1ea3 lu\u1eadt li\u00ean bang v\u00e0 ti\u1ec3u bang, ngo\u1ea1i tr\u1eeb tr\u01b0\u1eddng h\u1ee3p y\u00eau c\u1ea7u kh\u00f4ng kh\u1ea3 thi v\u00e0 \u0111\u01b0\u1ee3c n\u00eau nh\u01b0 v\u1eady trong k\u1ebf ho\u1ea1ch th\u1ea9m \u0111\u1ecbnh. N\u1ebfu nh\u00e2n vi\u00ean th\u1ea9m \u0111\u1ecbnh kh\u00f4ng bi\u1ebft song ng\u1eef, h\u1ecdc khu c\u1ea7n cung c\u1ea5p th\u00f4ng d\u1ecbch vi\u00ean. Ngo\u00e0i ra, lu\u1eadt ti\u1ec3u bang y\u00eau c\u1ea7u t\u00e0i li\u1ec7u ki\u1ec3m tra v\u00e0 th\u1ea9m \u0111\u1ecbnh m\u00e0 h\u1ecdc khu l\u1ef1a ch\u1ecdn kh\u00f4ng \u0111\u01b0\u1ee3c mang t\u00ednh ch\u1ea5t ph\u00e2n bi\u1ec7t ch\u1ee7ng t\u1ed9c, v\u0103n h\u00f3a v\u00e0 gi\u1edbi t\u00ednh. [20 U.S.C. Sec. 1414(b); 34 C.F.R. Sec. 300.304(c)(1)(i); Cal. Ed. Code Secs. 56320(a) &amp; (b).]<\/p>\n","protected":false},"excerpt":{"rendered":"<p>C\u00f3. \u0110\u00e2y l\u00e0 y\u00eau c\u1ea7u c\u1ee7a c\u1ea3 lu\u1eadt li\u00ean bang v\u00e0 ti\u1ec3u bang, ngo\u1ea1i tr\u1eeb tr\u01b0\u1eddng h\u1ee3p y\u00eau c\u1ea7u kh\u00f4ng kh\u1ea3 thi v\u00e0 \u0111\u01b0\u1ee3c n\u00eau&hellip;<\/p>\n","protected":false},"author":1,"featured_media":0,"parent":321,"menu_order":8,"comment_status":"closed","ping_status":"closed","template":"","meta":{"footnotes":""},"class_list":["post-1590","page","type-page","status-publish","hentry"],"_links":{"self":[{"href":"https:\/\/serr.disabilityrightsca.org\/vi\/wp-json\/wp\/v2\/pages\/1590","targetHints":{"allow":["GET"]}}],"collection":[{"href":"https:\/\/serr.disabilityrightsca.org\/vi\/wp-json\/wp\/v2\/pages"}],"about":[{"href":"https:\/\/serr.disabilityrightsca.org\/vi\/wp-json\/wp\/v2\/types\/page"}],"author":[{"embeddable":true,"href":"https:\/\/serr.disabilityrightsca.org\/vi\/wp-json\/wp\/v2\/users\/1"}],"replies":[{"embeddable":true,"href":"https:\/\/serr.disabilityrightsca.org\/vi\/wp-json\/wp\/v2\/comments?post=1590"}],"version-history":[{"count":2,"href":"https:\/\/serr.disabilityrightsca.org\/vi\/wp-json\/wp\/v2\/pages\/1590\/revisions"}],"predecessor-version":[{"id":3586,"href":"https:\/\/serr.disabilityrightsca.org\/vi\/wp-json\/wp\/v2\/pages\/1590\/revisions\/3586"}],"up":[{"embeddable":true,"href":"https:\/\/serr.disabilityrightsca.org\/vi\/wp-json\/wp\/v2\/pages\/321"}],"wp:attachment":[{"href":"https:\/\/serr.disabilityrightsca.org\/vi\/wp-json\/wp\/v2\/media?parent=1590"}],"curies":[{"name":"wp","href":"https:\/\/api.w.org\/{rel}","templated":true}]}}