{"id":1621,"date":"2019-10-24T16:04:16","date_gmt":"2019-10-24T23:04:16","guid":{"rendered":"http:\/\/serr.disabilityrightsca.org\/?page_id=1621"},"modified":"2021-01-13T15:59:18","modified_gmt":"2021-01-13T23:59:18","slug":"1-15-cac-tieu-chi-du-dieu-kien-doi-voi-tre-tu-ba-den-nam-tuoi-la-gi","status":"publish","type":"page","link":"https:\/\/serr.disabilityrightsca.org\/vi\/serr-manual\/chuong-1-thong-tin-ve-cac-quyen-co-ba%cc%89n\/1-15-cac-tieu-chi-du-dieu-kien-doi-voi-tre-tu-ba-den-nam-tuoi-la-gi\/","title":{"rendered":"(1.15) C\u00e1c ti\u00eau ch\u00ed \u0111\u1ee7 \u0111i\u1ec1u ki\u1ec7n \u0111\u1ed1i v\u1edbi tr\u1ebb t\u1eeb ba \u0111\u1ebfn n\u0103m tu\u1ed5i l\u00e0 g\u00ec?"},"content":{"rendered":"\n<p>Ti\u00eau ch\u00ed h\u1ed9i \u0111\u1ee7 \u0111i\u1ec1u ki\u1ec7n cho tr\u1ebb m\u1ea7m non \u0111\u01b0\u1ee3c li\u00ean k\u1ebft v\u1edbi ti\u00eau ch\u00ed cho tr\u1ebb \u0111ang tu\u1ed5i \u0111i h\u1ecdc. \u0110\u1ec3 h\u1ed9i \u0111\u1ee7 \u0111i\u1ec1u ki\u1ec7n nh\u1eadn gi\u00e1o d\u1ee5c \u0111\u1eb7c bi\u1ec7t, tr\u1ebb ph\u1ea3i c\u00f3 m\u1ed9t trong nh\u1eefng t\u00ecnh tr\u1ea1ng khuy\u1ebft t\u1eadt sau: t\u1ef1 k\u1ef7; \u0111i\u1ebfc v\u00e0 m\u00f9; \u0111i\u1ebfc; r\u1ed1i lo\u1ea1n c\u1ea3m x\u00fac; khi\u1ebfm th\u00ednh; khuy\u1ebft t\u1eadt tr\u00ed tu\u1ec7; nhi\u1ec1u lo\u1ea1i khuy\u1ebft t\u1eadt; khi\u1ebfm khuy\u1ebft h\u00ecnh th\u1ec3; c\u00e1c khi\u1ebfm khuy\u1ebft v\u1ec1 s\u1ee9c kh\u1ecfe kh\u00e1c (c\u00f3 kh\u1ea3 n\u0103ng bao g\u1ed3m r\u1ed1i lo\u1ea1n thi\u1ebfu t\u1eadp trung, r\u1ed1i lo\u1ea1n t\u0103ng \u0111\u1ed9ng gi\u1ea3m ch\u00fa \u00fd, h\u1ed9i ch\u1ee9ng Tourette, ch\u1ee9ng kh\u00f3 nu\u1ed1t, h\u1ed9i ch\u1ee9ng ng\u1ed9 \u0111\u1ed9c r\u01b0\u1ee3u \u1edf thai nhi, r\u1ed1i lo\u1ea1n l\u01b0\u1ee1ng c\u1ef1c ho\u1eb7c c\u00e1c r\u1ed1i lo\u1ea1n th\u1ea7n kinh h\u1eefu c\u01a1 kh\u00e1c, (xem C\u00f4ng B\u00e1o Li\u00ean Bang. Quy\u1ec3n 71, S\u1ed1 156, Trang 46550); khuy\u1ebft t\u1eadt h\u1ecdc t\u1eadp c\u1ee5 th\u1ec3; khi\u1ebfm khuy\u1ebft v\u1ec1 l\u1eddi n\u00f3i ho\u1eb7c ng\u00f4n ng\u1eef trong m\u1ed9t hay nhi\u1ec1u ph\u01b0\u01a1ng di\u1ec7n bao g\u1ed3m gi\u1ecdng n\u00f3i, s\u1ef1 l\u01b0u lo\u00e1t, ng\u00f4n ng\u1eef v\u00e0 c\u00e1ch ph\u00e1t \u00e2m; ch\u1ea5n th\u01b0\u01a1ng s\u1ecd n\u00e3o; khi\u1ebfm th\u1ecb; ho\u1eb7c khuy\u1ebft t\u1eadt y khoa r\u00f5 r\u00e0ng (t\u00ecnh tr\u1ea1ng y khoa hay h\u1ed9i ch\u1ee9ng b\u1ea9m sinh khuy\u1ebft t\u1eadt \u0111\u01b0\u1ee3c nh\u00f3m IEP x\u00e1c nh\u1eadn c\u00f3 nhi\u1ec1u kh\u1ea3 n\u0103ng b\u00e1o hi\u1ec7u s\u1ebd c\u1ea7n \u0111\u1ebfn gi\u00e1o d\u1ee5c \u0111\u1eb7c bi\u1ec7t v\u00e0 d\u1ecbch v\u1ee5). [34 C.F.R. Sec. 300.8; 5 C.C.R. Sec. 3030, Cal. Ed. Code Sec. 56441.11.]<\/p>\n\n\n\n<p>B\u00ean c\u1ea1nh vi\u1ec7c c\u00f3 m\u1ed9t ho\u1eb7c nhi\u1ec1u t\u00ecnh tr\u1ea1ng h\u1ed9i \u0111\u1ee7 \u0111i\u1ec1u ki\u1ec7n, tr\u1ebb ph\u1ea3i c\u1ea7n c\u00f3 h\u01b0\u1edbng d\u1eabn ho\u1eb7c d\u1ecbch v\u1ee5 \u0111\u01b0\u1ee3c thi\u1ebft k\u1ebf \u0111\u1eb7c bi\u1ec7t \u0111\u1ec3 h\u1ed9i \u0111\u1ee7 \u0111i\u1ec1u ki\u1ec7n nh\u1eadn gi\u00e1o d\u1ee5c \u0111\u1eb7c bi\u1ec7t \u0111\u1ed3ng th\u1eddi c\u0169ng ph\u1ea3i c\u00f3 nh\u1eefng nhu c\u1ea7u m\u00e0 kh\u00f4ng th\u1ec3 \u0111\u00e1p \u1ee9ng \u0111\u01b0\u1ee3c d\u00f9 \u0111\u00e3 s\u1eeda \u0111\u1ed5i m\u00f4i tr\u01b0\u1eddng th\u00f4ng th\u01b0\u1eddng t\u1ea1i nh\u00e0 hay tr\u01b0\u1eddng h\u1ecdc, ho\u1eb7c c\u1ea3 hai, n\u1ebfu kh\u00f4ng c\u00f3 s\u1ef1 gi\u00e1m s\u00e1t hay h\u1ed7 tr\u1ee3 li\u00ean t\u1ee5c theo x\u00e1c \u0111\u1ecbnh c\u1ee7a nh\u00f3m IEP.&nbsp; [Cal. Ed. Code Secs. 56441.11(b)(2) &amp; (3).]<\/p>\n\n\n\n<p>Tr\u1ebb kh\u00f4ng h\u1ed9i \u0111\u1ee7 \u0111i\u1ec1u ki\u1ec7n tham gia gi\u00e1o d\u1ee5c \u0111\u1eb7c bi\u1ec7t v\u00e0 d\u1ecbch v\u1ee5 n\u1ebfu h\u1ecdc sinh \u0111\u00f3 kh\u00f4ng \u0111\u00e1p \u1ee9ng \u0111\u01b0\u1ee3c c\u00e1c ti\u00eau ch\u00ed \u0111\u1ee7 \u0111i\u1ec1u ki\u1ec7n v\u00e0 nhu c\u1ea7u gi\u00e1o d\u1ee5c c\u1ee7a h\u1ecdc sinh \u0111\u00f3 c\u01a1 b\u1ea3n l\u00e0 do: Kh\u00f4ng bi\u1ebft ti\u1ebfng Anh; Khuy\u1ebft t\u1eadt th\u1ec3 ch\u1ea5t t\u1ea1m th\u1eddi; S\u1ef1 kh\u00f3 th\u00edch nghi v\u1edbi x\u00e3 h\u1ed9i; ho\u1eb7c C\u00e1c y\u1ebfu t\u1ed1 v\u1ec1 m\u00f4i tr\u01b0\u1eddng, v\u0103n h\u00f3a ho\u1eb7c kinh t\u1ebf. [Cal. Ed. Code Sec. 56441,11(c).] Xem Ch\u01b0\u01a1ng 12, <em>Th\u00f4ng Tin v\u1ec1 C\u00e1c D\u1ecbch V\u1ee5 Gi\u00e1o D\u1ee5c M\u1eabu Gi\u00e1o.<\/em><em><\/em><\/p>\n","protected":false},"excerpt":{"rendered":"<p>Ti\u00eau ch\u00ed h\u1ed9i \u0111\u1ee7 \u0111i\u1ec1u ki\u1ec7n cho tr\u1ebb m\u1ea7m non \u0111\u01b0\u1ee3c li\u00ean k\u1ebft v\u1edbi ti\u00eau ch\u00ed cho tr\u1ebb \u0111ang tu\u1ed5i \u0111i h\u1ecdc. \u0110\u1ec3 h\u1ed9i \u0111\u1ee7&hellip;<\/p>\n","protected":false},"author":1,"featured_media":0,"parent":321,"menu_order":15,"comment_status":"closed","ping_status":"closed","template":"","meta":{"footnotes":""},"class_list":["post-1621","page","type-page","status-publish","hentry"],"_links":{"self":[{"href":"https:\/\/serr.disabilityrightsca.org\/vi\/wp-json\/wp\/v2\/pages\/1621","targetHints":{"allow":["GET"]}}],"collection":[{"href":"https:\/\/serr.disabilityrightsca.org\/vi\/wp-json\/wp\/v2\/pages"}],"about":[{"href":"https:\/\/serr.disabilityrightsca.org\/vi\/wp-json\/wp\/v2\/types\/page"}],"author":[{"embeddable":true,"href":"https:\/\/serr.disabilityrightsca.org\/vi\/wp-json\/wp\/v2\/users\/1"}],"replies":[{"embeddable":true,"href":"https:\/\/serr.disabilityrightsca.org\/vi\/wp-json\/wp\/v2\/comments?post=1621"}],"version-history":[{"count":5,"href":"https:\/\/serr.disabilityrightsca.org\/vi\/wp-json\/wp\/v2\/pages\/1621\/revisions"}],"predecessor-version":[{"id":3593,"href":"https:\/\/serr.disabilityrightsca.org\/vi\/wp-json\/wp\/v2\/pages\/1621\/revisions\/3593"}],"up":[{"embeddable":true,"href":"https:\/\/serr.disabilityrightsca.org\/vi\/wp-json\/wp\/v2\/pages\/321"}],"wp:attachment":[{"href":"https:\/\/serr.disabilityrightsca.org\/vi\/wp-json\/wp\/v2\/media?parent=1621"}],"curies":[{"name":"wp","href":"https:\/\/api.w.org\/{rel}","templated":true}]}}