{"id":1631,"date":"2019-10-24T16:08:19","date_gmt":"2019-10-24T23:08:19","guid":{"rendered":"http:\/\/serr.disabilityrightsca.org\/?page_id=1631"},"modified":"2021-01-13T16:04:51","modified_gmt":"2021-01-14T00:04:51","slug":"1-19-cac-phan-quyt-trong-endrew-f-nh-hng-dn-vic-hc-khu-phat-trin-iep-ca-con-toi-nh-th-nao","status":"publish","type":"page","link":"https:\/\/serr.disabilityrightsca.org\/vi\/serr-manual\/chuong-1-thong-tin-ve-cac-quyen-co-ba%cc%89n\/1-19-cac-phan-quyt-trong-endrew-f-nh-hng-dn-vic-hc-khu-phat-trin-iep-ca-con-toi-nh-th-nao\/","title":{"rendered":"(1.19) C\u00e1c ph\u00e1n quy\u1ebft trong Endrew F. \u1ea3nh h\u01b0\u1edfng \u0111\u1ebfn vi\u1ec7c h\u1ecdc khu ph\u00e1t tri\u1ec3n IEP c\u1ee7a con t\u00f4i nh\u01b0 th\u1ebf n\u00e0o?"},"content":{"rendered":"\n<p>Theo v\u1ee5 <em>Endrew F.<\/em>, h\u1ecdc khu ph\u1ea3i cung c\u1ea5p FAPE \u0111\u01b0\u1ee3c thi\u1ebft k\u1ebf \u0111\u1ec3 con qu\u00fd v\u1ecb c\u00f3 c\u01a1 h\u1ed9i \u0111\u1ea1t \u0111\u01b0\u1ee3c ti\u1ebfn b\u1ed9 gi\u00e1o d\u1ee5c c\u00f3 \u00fd ngh\u0129a ph\u00f9 h\u1ee3p trong ho\u00e0n c\u1ea3nh c\u00e1 nh\u00e2n c\u1ee7a tr\u1ebb. H\u1ecdc khu ph\u1ea3i so\u1ea1n th\u1ea3o c\u00e1c m\u1ee5c ti\u00eau h\u1ecdc t\u1eadp v\u00e0\/ho\u1eb7c ch\u1ee9c n\u0103ng mang t\u00ednh th\u00e1ch th\u1ee9c b\u1ea5t k\u1ec3 t\u00ecnh tr\u1ea1ng khuy\u1ebft t\u1eadt c\u1ee7a tr\u1ebb v\u00e0 th\u1ef1c hi\u1ec7n c\u00e1c d\u1ecbch v\u1ee5 cho ph\u00e9p h\u1ecdc sinh \u0111\u1ea1t \u0111\u01b0\u1ee3c c\u00e1c m\u1ee5c ti\u00eau \u0111\u00f3.<\/p>\n\n\n\n<p>H\u1ecdc khu ph\u1ea3i th\u1ef1c hi\u1ec7n c\u00e1c b\u01b0\u1edbc ch\u1eafc ch\u1eafn v\u00e0 \u0111\u01b0\u1ee3c ghi l\u1ea1i nh\u1eb1m \u0111\u1ea3m b\u1ea3o r\u1eb1ng IEP \u0111\u01b0\u1ee3c thi\u1ebft k\u1ebf \u0111\u1ec3 cho ph\u00e9p tr\u1ebb \u0111\u1ea1t \u0111\u01b0\u1ee3c ti\u1ebfn b\u1ed9 c\u00f3 \u00fd ngh\u0129a th\u00f4ng qua c\u00e1c m\u1ee5c ti\u00eau h\u00e0ng n\u0103m. C\u00e1c m\u1ee5c ti\u00eau \u0111\u01b0\u1ee3c n\u00eau trong IEP ph\u1ea3i v\u1eeba c\u00f3 tham v\u1ecdng v\u1eeba mang t\u00ednh th\u00e1ch th\u1ee9c \u0111\u1ed1i v\u1edbi tr\u1ebb v\u00e0 ch\u1ec9 n\u00ean \u0111\u01b0\u1ee3c x\u00e2y d\u1ef1ng sau khi xem x\u00e9t c\u1ea9n th\u1eadn m\u1ee9c \u0111\u1ed9 th\u00e0nh t\u00edch hi\u1ec7n t\u1ea1i, t\u00ecnh tr\u1ea1ng khuy\u1ebft t\u1eadt v\u00e0 ti\u1ec1m n\u0103ng ph\u00e1t tri\u1ec3n c\u1ee7a tr\u1ebb. [Xem <em>Endrew F.<\/em> at 999.]<\/p>\n\n\n\n<p>Tr\u1ecdng t\u00e2m c\u1ee7a IEP ph\u1ea3i lu\u00f4n h\u01b0\u1edbng \u0111\u1ebfn t\u1eebng tr\u1ebb v\u00e0 nhu c\u1ea7u c\u1ee5 th\u1ec3 c\u1ee7a tr\u1ebb. Ti\u1ebfn b\u1ed9 ph\u00f9 h\u1ee3p l\u00e0 g\u00ec v\u00e0 c\u00e1ch m\u00f4 t\u1ea3 \u0111i\u1ec1u n\u00e0y trong IEP c\u00f3 th\u1ec3 kh\u00e1c bi\u1ec7t \u0111\u1ed1i v\u1edbi m\u1ed7i tr\u1ebb nh\u01b0 th\u1ebf n\u00e0o. N\u1ebfu c\u00f3 s\u1ef1 l\u1eb7p l\u1ea1i c\u00e1c m\u1ee5c ti\u00eau trong c\u00e1c IEP li\u00ean ti\u1ebfp ho\u1eb7c thi\u1ebfu s\u1ef1 ti\u1ebfn b\u1ed9 c\u00f3 \u00fd ngh\u0129a \u0111\u1ed1i v\u1edbi c\u00e1c m\u1ee5c ti\u00eau, nh\u00f3m IEP n\u00ean nghi\u00eam t\u00fac \u0111\u1eb7t c\u00e2u h\u1ecfi v\u1ec1 m\u1ee9c \u0111\u1ed9 \u0111\u1ea7y \u0111\u1ee7 th\u1ef1c s\u1ef1 c\u1ee7a IEP theo ph\u00e1n quy\u1ebft trong v\u1ee5 <em>Endrew F.<\/em><\/p>\n\n\n\n<p>Ngo\u00e0i ra, khi ph\u1ee5 huynh n\u00eau l\u00ean m\u1ed1i lo ng\u1ea1i v\u1ec1 s\u1ef1 thi\u1ebfu ti\u1ebfn b\u1ed9 c\u1ee7a con m\u00ecnh, h\u1ecdc khu ph\u1ea3i c\u00f3 th\u1ec3 \u0111\u01b0a ra c\u00e2u tr\u1ea3 l\u1eddi r\u00f5 r\u00e0ng v\u00e0 h\u1ee3p l\u00fd \u0111\u1ec3 gi\u1ea3i th\u00edch c\u00e1c quy\u1ebft \u0111\u1ecbnh c\u1ee7a h\u1ecd v\u1ec1 c\u00e1ch c\u00e1c m\u1ee5c ti\u00eau c\u1ee7a tr\u1ebb \u0111\u01b0\u1ee3c n\u00eau trong IEP s\u1ebd gi\u00fap tr\u1ebb ti\u1ebfn b\u1ed9 ph\u00f9 h\u1ee3p trong ho\u00e0n c\u1ea3nh c\u1ee7a tr\u1ebb. N\u1ebfu H\u1ecdc Khu kh\u00f4ng th\u1ec3 \u0111\u01b0a ra l\u1eddi gi\u1ea3i th\u00edch h\u1ee3p l\u00fd, nh\u00f3m IEP ph\u1ea3i ki\u1ec3m tra l\u1ea1i IEP th\u00f4ng qua c\u00e1c th\u1ea9m \u0111\u1ecbnh v\u00e0 quan s\u00e1t m\u1edbi, c\u0169ng nh\u01b0 so\u1ea1n th\u1ea3o c\u00e1c m\u1ee5c ti\u00eau v\u00e0 d\u1ecbch v\u1ee5 m\u1edbi \u0111\u1ec3 cung c\u1ea5p cho tr\u1ebb c\u01a1 h\u1ed9i \u0111\u1ea1t \u0111\u01b0\u1ee3c c\u00e1c l\u1ee3i \u00edch gi\u00e1o d\u1ee5c th\u1ef1c ch\u1ea5t v\u00e0 c\u00f3 \u00fd ngh\u0129a. [<em>Endrew F.<\/em> at 999.]<\/p>\n","protected":false},"excerpt":{"rendered":"<p>Theo v\u1ee5 Endrew F., h\u1ecdc khu ph\u1ea3i cung c\u1ea5p FAPE \u0111\u01b0\u1ee3c thi\u1ebft k\u1ebf \u0111\u1ec3 con qu\u00fd v\u1ecb c\u00f3 c\u01a1 h\u1ed9i \u0111\u1ea1t \u0111\u01b0\u1ee3c ti\u1ebfn b\u1ed9 gi\u00e1o&hellip;<\/p>\n","protected":false},"author":1,"featured_media":0,"parent":321,"menu_order":19,"comment_status":"closed","ping_status":"closed","template":"","meta":{"footnotes":""},"class_list":["post-1631","page","type-page","status-publish","hentry"],"_links":{"self":[{"href":"https:\/\/serr.disabilityrightsca.org\/vi\/wp-json\/wp\/v2\/pages\/1631","targetHints":{"allow":["GET"]}}],"collection":[{"href":"https:\/\/serr.disabilityrightsca.org\/vi\/wp-json\/wp\/v2\/pages"}],"about":[{"href":"https:\/\/serr.disabilityrightsca.org\/vi\/wp-json\/wp\/v2\/types\/page"}],"author":[{"embeddable":true,"href":"https:\/\/serr.disabilityrightsca.org\/vi\/wp-json\/wp\/v2\/users\/1"}],"replies":[{"embeddable":true,"href":"https:\/\/serr.disabilityrightsca.org\/vi\/wp-json\/wp\/v2\/comments?post=1631"}],"version-history":[{"count":2,"href":"https:\/\/serr.disabilityrightsca.org\/vi\/wp-json\/wp\/v2\/pages\/1631\/revisions"}],"predecessor-version":[{"id":3597,"href":"https:\/\/serr.disabilityrightsca.org\/vi\/wp-json\/wp\/v2\/pages\/1631\/revisions\/3597"}],"up":[{"embeddable":true,"href":"https:\/\/serr.disabilityrightsca.org\/vi\/wp-json\/wp\/v2\/pages\/321"}],"wp:attachment":[{"href":"https:\/\/serr.disabilityrightsca.org\/vi\/wp-json\/wp\/v2\/media?parent=1631"}],"curies":[{"name":"wp","href":"https:\/\/api.w.org\/{rel}","templated":true}]}}