{"id":1636,"date":"2019-10-24T16:12:42","date_gmt":"2019-10-24T23:12:42","guid":{"rendered":"http:\/\/serr.disabilityrightsca.org\/?page_id=1636"},"modified":"2021-01-13T16:39:16","modified_gmt":"2021-01-14T00:39:16","slug":"1-21-chuong-trinh-giao-du%cc%a3c-ca-nhan-iep-la-gi-va-lam-the-nao-toi-co-the%cc%89-yeu-cau-chuong-trinh-nay-cho-con-to","status":"publish","type":"page","link":"https:\/\/serr.disabilityrightsca.org\/vi\/serr-manual\/chuong-1-thong-tin-ve-cac-quyen-co-ba%cc%89n\/1-21-chuong-trinh-giao-du%cc%a3c-ca-nhan-iep-la-gi-va-lam-the-nao-toi-co-the%cc%89-yeu-cau-chuong-trinh-nay-cho-con-to\/","title":{"rendered":"(1.21) Ch\u01b0\u01a1ng tri\u0300nh gia\u0301o du\u0323c ca\u0301 nh\u00e2n (IEP) la\u0300 gi\u0300 va\u0300 la\u0300m th\u00ea\u0301 na\u0300o t\u00f4i co\u0301 th\u00ea\u0309 y\u00eau c\u00e2\u0300u ch\u01b0\u01a1ng tri\u0300nh na\u0300y cho con t\u00f4i?"},"content":{"rendered":"\n<p>IEP l\u00e0 m\u1ed9t b\u00e1o c\u00e1o b\u1eb1ng v\u0103n b\u1ea3n m\u00f4 t\u1ea3 th\u00e0nh t\u00edch h\u1ecdc t\u1eadp hi\u1ec7n t\u1ea1i, m\u1ee5c ti\u00eau h\u1ecdc t\u1eadp c\u1ee7a con qu\u00fd v\u1ecb, vi\u1ec7c x\u1ebfp l\u1edbp trong tr\u01b0\u1eddng v\u00e0 c\u00e1c d\u1ecbch v\u1ee5. \u0110\u1ec3 nh\u1eadn IEP, tr\u01b0\u1edbc ti\u00ean con qu\u00fd v\u1ecb ph\u1ea3i \u0111\u01b0\u1ee3c th\u1ea9m \u0111\u1ecbnh. B\u1eaft \u0111\u1ea7u t\u1eeb ng\u00e0y h\u1ecdc khu nh\u1eadn \u0111\u01b0\u1ee3c s\u1ef1 ch\u1ea5p thu\u1eadn b\u1eb1ng v\u0103n b\u1ea3n c\u1ee7a qu\u00fd v\u1ecb v\u1ec1 vi\u1ec7c th\u1ea9m \u0111\u1ecbnh, (c\u00e1c) th\u1ea9m \u0111\u1ecbnh ph\u1ea3i \u0111\u01b0\u1ee3c ho\u00e0n th\u00e0nh v\u00e0 kh\u1ea3 n\u0103ng h\u1ed9i \u0111\u1ee7 \u0111i\u1ec1u ki\u1ec7n s\u1ebd \u0111\u01b0\u1ee3c x\u00e1c \u0111\u1ecbnh t\u1ea1i cu\u1ed9c h\u1ecdp IEP trong v\u00f2ng 60 ng\u00e0y theo l\u1ecbch. Khi t\u00ednh ng\u00e0y, qu\u00fd v\u1ecb kh\u00f4ng t\u00ednh nh\u1eefng ng\u00e0y r\u01a1i v\u00e0o gi\u1eefa c\u00e1c \u0111\u1ee3t h\u1ecdc th\u00f4ng th\u01b0\u1eddng ho\u1eb7c k\u1ef3 ngh\u1ec9 c\u1ee7a tr\u01b0\u1eddng v\u01b0\u1ee3t qu\u00e1 n\u0103m ng\u00e0y h\u1ecdc. N\u1ebfu gi\u1ea5y gi\u1edbi thi\u1ec7u ban \u0111\u1ea7u cho h\u1ecdc sinh nh\u1eadn gi\u00e1o d\u1ee5c \u0111\u1eb7c bi\u1ec7t \u0111\u00e3 \u0111\u01b0\u1ee3c th\u1ef1c hi\u1ec7n 30 ng\u00e0y tr\u1edf xu\u1ed1ng tr\u01b0\u1edbc khi k\u1ebft th\u00fac n\u0103m h\u1ecdc b\u00ecnh th\u01b0\u1eddng, IEP s\u1ebd \u0111\u01b0\u1ee3c x\u00e2y d\u1ef1ng trong v\u00f2ng 30 ng\u00e0y sau khi b\u1eaft \u0111\u1ea7u n\u0103m h\u1ecdc ti\u1ebfp theo. [34 C.F.R. Sec. 300.320; Cal. Ed. Code Sec. 56344 (a).]<\/p>\n","protected":false},"excerpt":{"rendered":"<p>IEP l\u00e0 m\u1ed9t b\u00e1o c\u00e1o b\u1eb1ng v\u0103n b\u1ea3n m\u00f4 t\u1ea3 th\u00e0nh t\u00edch h\u1ecdc t\u1eadp hi\u1ec7n t\u1ea1i, m\u1ee5c ti\u00eau h\u1ecdc t\u1eadp c\u1ee7a con qu\u00fd v\u1ecb, vi\u1ec7c&hellip;<\/p>\n","protected":false},"author":1,"featured_media":0,"parent":321,"menu_order":21,"comment_status":"closed","ping_status":"closed","template":"","meta":{"footnotes":""},"class_list":["post-1636","page","type-page","status-publish","hentry"],"_links":{"self":[{"href":"https:\/\/serr.disabilityrightsca.org\/vi\/wp-json\/wp\/v2\/pages\/1636","targetHints":{"allow":["GET"]}}],"collection":[{"href":"https:\/\/serr.disabilityrightsca.org\/vi\/wp-json\/wp\/v2\/pages"}],"about":[{"href":"https:\/\/serr.disabilityrightsca.org\/vi\/wp-json\/wp\/v2\/types\/page"}],"author":[{"embeddable":true,"href":"https:\/\/serr.disabilityrightsca.org\/vi\/wp-json\/wp\/v2\/users\/1"}],"replies":[{"embeddable":true,"href":"https:\/\/serr.disabilityrightsca.org\/vi\/wp-json\/wp\/v2\/comments?post=1636"}],"version-history":[{"count":2,"href":"https:\/\/serr.disabilityrightsca.org\/vi\/wp-json\/wp\/v2\/pages\/1636\/revisions"}],"predecessor-version":[{"id":3600,"href":"https:\/\/serr.disabilityrightsca.org\/vi\/wp-json\/wp\/v2\/pages\/1636\/revisions\/3600"}],"up":[{"embeddable":true,"href":"https:\/\/serr.disabilityrightsca.org\/vi\/wp-json\/wp\/v2\/pages\/321"}],"wp:attachment":[{"href":"https:\/\/serr.disabilityrightsca.org\/vi\/wp-json\/wp\/v2\/media?parent=1636"}],"curies":[{"name":"wp","href":"https:\/\/api.w.org\/{rel}","templated":true}]}}