{"id":1666,"date":"2019-11-07T16:29:04","date_gmt":"2019-11-08T00:29:04","guid":{"rendered":"http:\/\/serr.disabilityrightsca.org\/?page_id=1666"},"modified":"2021-01-13T16:51:42","modified_gmt":"2021-01-14T00:51:42","slug":"1-30-bang-cach-nao-cac-ho-tro-va-dich-vu-bo-sung-co-the-giup-con-toi-trong-lop-hoc-thong-thuong","status":"publish","type":"page","link":"https:\/\/serr.disabilityrightsca.org\/vi\/serr-manual\/chuong-1-thong-tin-ve-cac-quyen-co-ba%cc%89n\/1-30-bang-cach-nao-cac-ho-tro-va-dich-vu-bo-sung-co-the-giup-con-toi-trong-lop-hoc-thong-thuong\/","title":{"rendered":"(1.30) B\u1eb1ng c\u00e1ch n\u00e0o c\u00e1c h\u1ed7 tr\u1ee3 v\u00e0 d\u1ecbch v\u1ee5 b\u1ed5 sung c\u00f3 th\u1ec3 gi\u00fap con t\u00f4i trong l\u1edbp h\u1ecdc th\u00f4ng th\u01b0\u1eddng?"},"content":{"rendered":"\n<p>Lu\u1eadt ph\u00e1p v\u00e0 c\u00e1c quy \u0111\u1ecbnh c\u1ee7a li\u00ean bang n\u00eau r\u00f5 r\u1eb1ng h\u1ecdc sinh khuy\u1ebft t\u1eadt s\u1ebd \u0111\u01b0\u1ee3c gi\u00e1o d\u1ee5c trong c\u00e1c l\u1edbp h\u1ecdc gi\u00e1o d\u1ee5c th\u00f4ng th\u01b0\u1eddng v\u1edbi c\u00e1c b\u1ea1n \u201cph\u00e1t tri\u1ec3n b\u00ecnh th\u01b0\u1eddng\u201d. H\u1ecdc khu c\u1ee7a qu\u00fd v\u1ecb ph\u1ea3i \u0111\u1ea3m b\u1ea3o kh\u00f4ng \u0111\u01b0\u1ee3c \u0111\u01b0a h\u1ecdc sinh ra kh\u1ecfi m\u00f4i tr\u01b0\u1eddng gi\u00e1o d\u1ee5c th\u00f4ng th\u01b0\u1eddng tr\u1eeb khi t\u00ednh ch\u1ea5t v\u00e0 t\u00ecnh tr\u1ea1ng khuy\u1ebft t\u1eadt c\u1ee7a tr\u1ebb nghi\u00eam tr\u1ecdng \u0111\u1ebfn m\u1ee9c vi\u1ec7c gi\u00e1o d\u1ee5c trong l\u1edbp h\u1ecdc th\u00f4ng th\u01b0\u1eddng v\u1edbi c\u00e1c thi\u1ebft b\u1ecb h\u1ed7 tr\u1ee3 v\u00e0 d\u1ecbch v\u1ee5 b\u1ed5 sung kh\u00f4ng \u0111\u1ea1t hi\u1ec7u qu\u1ea3 th\u1ecfa \u0111\u00e1ng. C\u00e1c c\u00f4ng c\u1ee5 h\u1ed7 tr\u1ee3 v\u00e0 d\u1ecbch v\u1ee5 b\u1ed5 sung c\u00f3 th\u1ec3 bao g\u1ed3m t\u1eeb c\u00e1c c\u00f4ng c\u1ee5 h\u1ed7 tr\u1ee3 gi\u1ea3ng d\u1ea1y nh\u01b0 m\u00e1y t\u00ednh \u0111\u1ebfn h\u1ed7 tr\u1ee3 nh\u00e2n vi\u00ean b\u1ed5 sung (v\u00ed d\u1ee5: ph\u1ee5 t\u00e1 chuy\u00ean gia m\u1ed9t k\u00e8m m\u1ed9t, m\u00e1y ghi ch\u00fa ho\u1eb7c ng\u01b0\u1eddi ki\u1ec3m tra). C\u00e1c d\u1ecbch v\u1ee5 h\u1ed7 tr\u1ee3 n\u00e0y c\u00f3 th\u1ec3 \u0111\u01b0\u1ee3c cung c\u1ea5p trong l\u1edbp h\u1ecdc th\u00f4ng th\u01b0\u1eddng, m\u00f4i tr\u01b0\u1eddng gi\u00e1o d\u1ee5c th\u00f4ng th\u01b0\u1eddng ho\u1eb7c t\u1ea1i c\u00e1c \u0111\u1ecba \u0111i\u1ec3m li\u00ean quan \u0111\u1ebfn gi\u00e1o d\u1ee5c B\u1ea5t k\u1ef3 c\u00f4ng c\u1ee5 h\u1ed7 tr\u1ee3 hay d\u1ecbch v\u1ee5 b\u1ed5 sung n\u00e0o \u0111\u01b0\u1ee3c nh\u00f3m IEP \u0111\u1ed3ng \u00fd ph\u1ea3i \u0111\u01b0\u1ee3c \u0111\u1ec1 c\u1eadp trong IEP. [34 C.F.R. Secs. 300.42 &amp; 300.114-300.120.]<\/p>\n","protected":false},"excerpt":{"rendered":"<p>Lu\u1eadt ph\u00e1p v\u00e0 c\u00e1c quy \u0111\u1ecbnh c\u1ee7a li\u00ean bang n\u00eau r\u00f5 r\u1eb1ng h\u1ecdc sinh khuy\u1ebft t\u1eadt s\u1ebd \u0111\u01b0\u1ee3c gi\u00e1o d\u1ee5c trong c\u00e1c l\u1edbp h\u1ecdc gi\u00e1o&hellip;<\/p>\n","protected":false},"author":1,"featured_media":0,"parent":321,"menu_order":30,"comment_status":"closed","ping_status":"closed","template":"","meta":{"footnotes":""},"class_list":["post-1666","page","type-page","status-publish","hentry"],"_links":{"self":[{"href":"https:\/\/serr.disabilityrightsca.org\/vi\/wp-json\/wp\/v2\/pages\/1666","targetHints":{"allow":["GET"]}}],"collection":[{"href":"https:\/\/serr.disabilityrightsca.org\/vi\/wp-json\/wp\/v2\/pages"}],"about":[{"href":"https:\/\/serr.disabilityrightsca.org\/vi\/wp-json\/wp\/v2\/types\/page"}],"author":[{"embeddable":true,"href":"https:\/\/serr.disabilityrightsca.org\/vi\/wp-json\/wp\/v2\/users\/1"}],"replies":[{"embeddable":true,"href":"https:\/\/serr.disabilityrightsca.org\/vi\/wp-json\/wp\/v2\/comments?post=1666"}],"version-history":[{"count":2,"href":"https:\/\/serr.disabilityrightsca.org\/vi\/wp-json\/wp\/v2\/pages\/1666\/revisions"}],"predecessor-version":[{"id":3610,"href":"https:\/\/serr.disabilityrightsca.org\/vi\/wp-json\/wp\/v2\/pages\/1666\/revisions\/3610"}],"up":[{"embeddable":true,"href":"https:\/\/serr.disabilityrightsca.org\/vi\/wp-json\/wp\/v2\/pages\/321"}],"wp:attachment":[{"href":"https:\/\/serr.disabilityrightsca.org\/vi\/wp-json\/wp\/v2\/media?parent=1666"}],"curies":[{"name":"wp","href":"https:\/\/api.w.org\/{rel}","templated":true}]}}