{"id":1705,"date":"2019-11-07T16:51:11","date_gmt":"2019-11-08T00:51:11","guid":{"rendered":"http:\/\/serr.disabilityrightsca.org\/?page_id=1705"},"modified":"2021-01-15T16:47:36","modified_gmt":"2021-01-16T00:47:36","slug":"1-46-co-co-ho%cc%a3i-gia%cc%89i-quyet-khieu-na%cc%a3i-cu%cc%89a-toi-truoc-buo%cc%89i-dieu-tran-thu%cc%a3c-su%cc%a3-khong","status":"publish","type":"page","link":"https:\/\/serr.disabilityrightsca.org\/vi\/serr-manual\/chuong-1-thong-tin-ve-cac-quyen-co-ba%cc%89n\/1-46-co-co-ho%cc%a3i-gia%cc%89i-quyet-khieu-na%cc%a3i-cu%cc%89a-toi-truoc-buo%cc%89i-dieu-tran-thu%cc%a3c-su%cc%a3-khong\/","title":{"rendered":"(1.46)  Co\u0301 c\u01a1 h\u00f4\u0323i gia\u0309i quy\u00ea\u0301t khi\u00ea\u0301u na\u0323i cu\u0309a t\u00f4i tr\u01b0\u01a1\u0301c bu\u00f4\u0309i \u0111i\u00ea\u0300u tr\u00e2\u0300n th\u01b0\u0323c s\u01b0\u0323 kh\u00f4ng?"},"content":{"rendered":"\n<p>C\u00f3. N\u1ebfu qu\u00fd v\u1ecb n\u1ed9p y\u00eau c\u1ea7u theo quy \u0111\u1ecbnh, h\u1ecdc khu ph\u1ea3i t\u1ea1o c\u01a1 h\u1ed9i cho qu\u00fd v\u1ecb tham gia v\u00e0o \u201cphi\u00ean h\u1ecdp gi\u1ea3i quy\u1ebft\u201d ho\u1eb7c \u201ccu\u1ed9c h\u1ecdp gi\u1ea3i quy\u1ebft\u201d tr\u01b0\u1edbc bu\u1ed5i \u0111i\u1ec1u tr\u1ea7n.<\/p>\n\n\n\n<p>Tuy nhi\u00ean, c\u1ea3 hai b\u00ean \u0111\u1ec1u c\u00f3 th\u1ec3 kh\u01b0\u1edbc t\u1eeb phi\u00ean gi\u1ea3i quy\u1ebft b\u1eb1ng v\u0103n b\u1ea3n v\u00e0 thay v\u00e0o \u0111\u00f3 l\u00e0 \u0111\u1ed3ng \u00fd h\u00f2a gi\u1ea3i. N\u1ebfu <em>h\u1ecdc khu<\/em> y\u00eau c\u1ea7u phi\u00ean \u0111i\u1ec1u tr\u1ea7n theo th\u1ee7 t\u1ee5c ph\u00e1p l\u00fd, kh\u00f4ng c\u1ea7n b\u1ea5t k\u1ef3 cu\u1ed9c h\u1ecdp gi\u1ea3i quy\u1ebft n\u00e0o nh\u01b0ng s\u1ef1 v\u1eabn c\u1ea7n c\u00f3 s\u1ef1 h\u00f2a gi\u1ea3i. [20 U.S.C. Sec. 1415(f)(1)(B); 34 C.F.R. Sec. 300.510; Cal. Ed. Code Sec. 56501.5.]<\/p>\n","protected":false},"excerpt":{"rendered":"<p>C\u00f3. N\u1ebfu qu\u00fd v\u1ecb n\u1ed9p y\u00eau c\u1ea7u theo quy \u0111\u1ecbnh, h\u1ecdc khu ph\u1ea3i t\u1ea1o c\u01a1 h\u1ed9i cho qu\u00fd v\u1ecb tham gia v\u00e0o \u201cphi\u00ean h\u1ecdp gi\u1ea3i&hellip;<\/p>\n","protected":false},"author":1,"featured_media":0,"parent":321,"menu_order":46,"comment_status":"closed","ping_status":"closed","template":"","meta":{"footnotes":""},"class_list":["post-1705","page","type-page","status-publish","hentry"],"_links":{"self":[{"href":"https:\/\/serr.disabilityrightsca.org\/vi\/wp-json\/wp\/v2\/pages\/1705","targetHints":{"allow":["GET"]}}],"collection":[{"href":"https:\/\/serr.disabilityrightsca.org\/vi\/wp-json\/wp\/v2\/pages"}],"about":[{"href":"https:\/\/serr.disabilityrightsca.org\/vi\/wp-json\/wp\/v2\/types\/page"}],"author":[{"embeddable":true,"href":"https:\/\/serr.disabilityrightsca.org\/vi\/wp-json\/wp\/v2\/users\/1"}],"replies":[{"embeddable":true,"href":"https:\/\/serr.disabilityrightsca.org\/vi\/wp-json\/wp\/v2\/comments?post=1705"}],"version-history":[{"count":2,"href":"https:\/\/serr.disabilityrightsca.org\/vi\/wp-json\/wp\/v2\/pages\/1705\/revisions"}],"predecessor-version":[{"id":3628,"href":"https:\/\/serr.disabilityrightsca.org\/vi\/wp-json\/wp\/v2\/pages\/1705\/revisions\/3628"}],"up":[{"embeddable":true,"href":"https:\/\/serr.disabilityrightsca.org\/vi\/wp-json\/wp\/v2\/pages\/321"}],"wp:attachment":[{"href":"https:\/\/serr.disabilityrightsca.org\/vi\/wp-json\/wp\/v2\/media?parent=1705"}],"curies":[{"name":"wp","href":"https:\/\/api.w.org\/{rel}","templated":true}]}}