{"id":1753,"date":"2019-11-20T16:29:57","date_gmt":"2019-11-21T00:29:57","guid":{"rendered":"http:\/\/serr.disabilityrightsca.org\/?page_id=1753"},"modified":"2021-01-22T11:42:02","modified_gmt":"2021-01-22T19:42:02","slug":"1-60-co-bat-ky-truong-hop-nao-ma-trong-do-truong-hoc-co-the-thay-doi-ngay-viec-xep-lop-cho-con-toi-khong","status":"publish","type":"page","link":"https:\/\/serr.disabilityrightsca.org\/vi\/serr-manual\/chuong-1-thong-tin-ve-cac-quyen-co-ba%cc%89n\/1-60-co-bat-ky-truong-hop-nao-ma-trong-do-truong-hoc-co-the-thay-doi-ngay-viec-xep-lop-cho-con-toi-khong\/","title":{"rendered":"(1.60) C\u00f3 b\u1ea5t k\u1ef3 tr\u01b0\u1eddng h\u1ee3p n\u00e0o m\u00e0 trong \u0111\u00f3 tr\u01b0\u1eddng h\u1ecdc c\u00f3 th\u1ec3 thay \u0111\u1ed5i ngay vi\u1ec7c x\u1ebfp l\u1edbp cho con t\u00f4i kh\u00f4ng?"},"content":{"rendered":"\n<p>C\u00f3. Trong m\u1ed9t s\u1ed1 tr\u01b0\u1eddng h\u1ee3p, h\u1ecdc khu c\u00f3 th\u1ec3 x\u1ebfp con qu\u00fd v\u1ecb v\u00e0o m\u1ed9t m\u00f4i tr\u01b0\u1eddng kh\u00e1c ngay l\u1eadp t\u1ee9c, v\u00e0 gi\u1eef tr\u1ebb \u1edf \u0111\u00f3 trong t\u1ed1i \u0111a 45 ng\u00e0y h\u1ecdc, ngay c\u1ea3 khi h\u00e0nh vi \u0111\u01b0\u1ee3c x\u00e9t th\u1ea5y l\u00e0 bi\u1ec3u hi\u1ec7n c\u1ee7a t\u00ecnh tr\u1ea1ng khuy\u1ebft t\u1eadt.<\/p>\n\n\n\n<p>Con qu\u00fd v\u1ecb c\u00f3 th\u1ec3 \u0111\u01b0\u1ee3c x\u1ebfp v\u00e0o \u201cm\u00f4i tr\u01b0\u1eddng gi\u00e1o d\u1ee5c thay th\u1ebf t\u1ea1m th\u1eddi\u201d n\u1ebfu h\u1ecdc khu x\u00e1c nh\u1eadn tr\u1ebb \u0111\u00e3 th\u1ef1c hi\u1ec7n b\u1ea5t k\u1ef3 h\u00e0nh vi n\u00e0o sau \u0111\u00e2y:<\/p>\n\n\n\n<p>(1)&nbsp; Mang ho\u1eb7c s\u1edf h\u1eefu v\u0169 kh\u00ed \u0111\u1ebfn ho\u1eb7c \u1edf tr\u01b0\u1eddng ho\u1eb7c trong khu\u00f4n vi\u00ean tr\u01b0\u1eddng hay t\u1ea1i s\u1ef1 ki\u1ec7n c\u1ee7a tr\u01b0\u1eddng;<\/p>\n\n\n\n<p>(2)&nbsp; C\u1ed1 \u00fd s\u1edf h\u1eefu ho\u1eb7c s\u1eed d\u1ee5ng c\u00e1c lo\u1ea1i ma t\u00fay b\u1ea5t h\u1ee3p ph\u00e1p, b\u00e1n ho\u1eb7c g\u1ea1 g\u1eabm b\u00e1n lo\u1ea1i ma t\u00fay \u0111\u00f3 trong khi \u1edf tr\u01b0\u1eddng, trong khu\u00f4n vi\u00ean tr\u01b0\u1eddng ho\u1eb7c t\u1ea1i s\u1ef1 ki\u1ec7n c\u1ee7a tr\u01b0\u1eddng;<\/p>\n\n\n\n<p>(3)&nbsp; G\u00e2y th\u01b0\u01a1ng t\u00edch c\u01a1 th\u1ec3 nghi\u00eam tr\u1ecdng cho ng\u01b0\u1eddi kh\u00e1c khi \u1edf tr\u01b0\u1eddng, trong khu\u00f4n vi\u00ean tr\u01b0\u1eddng ho\u1eb7c t\u1ea1i s\u1ef1 ki\u1ec7n c\u1ee7a tr\u01b0\u1eddng; &#8220;Th\u01b0\u01a1ng t\u00edch c\u01a1 th\u1ec3 nghi\u00eam tr\u1ecdng&#8221; c\u00f3 ngh\u0129a l\u00e0: nguy c\u01a1 t\u1eed vong cao, ho\u1eb7c s\u1ef1 \u0111au \u0111\u1edbn t\u1ed9t \u0111\u1ed9 v\u1ec1 th\u1ec3 ch\u1ea5t, ho\u1eb7c bi\u1ebfn d\u1ea1ng k\u00e9o d\u00e0i v\u00e0 r\u00f5 r\u00e0ng, ho\u1eb7c m\u1ea5t k\u00e9o d\u00e0i ho\u1eb7c m\u1ea5t ho\u1eb7c suy gi\u1ea3m ch\u1ee9c n\u0103ng ho\u1ea1t \u0111\u1ed9ng c\u1ee7a b\u1ed9 ph\u1eadn, c\u01a1 quan ho\u1eb7c t\u00e2m th\u1ea7n k\u00e9o d\u00e0i. [20 U.S.C. Sec. 1415(k)(1)(G) and (7)(d)); 34 C.F.R. Sec. 300.530(g).] H\u1ecdc khu v\u1eabn ph\u1ea3i g\u1eb7p qu\u00fd v\u1ecb trong v\u00f2ng 10 ng\u00e0y \u0111\u1ec3 t\u1ed5 ch\u1ee9c m\u1ed9t cu\u1ed9c h\u1ecdp x\u00e1c \u0111\u1ecbnh bi\u1ec3u hi\u1ec7n.<\/p>\n","protected":false},"excerpt":{"rendered":"<p>C\u00f3. Trong m\u1ed9t s\u1ed1 tr\u01b0\u1eddng h\u1ee3p, h\u1ecdc khu c\u00f3 th\u1ec3 x\u1ebfp con qu\u00fd v\u1ecb v\u00e0o m\u1ed9t m\u00f4i tr\u01b0\u1eddng kh\u00e1c ngay l\u1eadp t\u1ee9c, v\u00e0 gi\u1eef tr\u1ebb&hellip;<\/p>\n","protected":false},"author":1,"featured_media":0,"parent":321,"menu_order":60,"comment_status":"closed","ping_status":"closed","template":"","meta":{"footnotes":""},"class_list":["post-1753","page","type-page","status-publish","hentry"],"_links":{"self":[{"href":"https:\/\/serr.disabilityrightsca.org\/vi\/wp-json\/wp\/v2\/pages\/1753","targetHints":{"allow":["GET"]}}],"collection":[{"href":"https:\/\/serr.disabilityrightsca.org\/vi\/wp-json\/wp\/v2\/pages"}],"about":[{"href":"https:\/\/serr.disabilityrightsca.org\/vi\/wp-json\/wp\/v2\/types\/page"}],"author":[{"embeddable":true,"href":"https:\/\/serr.disabilityrightsca.org\/vi\/wp-json\/wp\/v2\/users\/1"}],"replies":[{"embeddable":true,"href":"https:\/\/serr.disabilityrightsca.org\/vi\/wp-json\/wp\/v2\/comments?post=1753"}],"version-history":[{"count":2,"href":"https:\/\/serr.disabilityrightsca.org\/vi\/wp-json\/wp\/v2\/pages\/1753\/revisions"}],"predecessor-version":[{"id":3644,"href":"https:\/\/serr.disabilityrightsca.org\/vi\/wp-json\/wp\/v2\/pages\/1753\/revisions\/3644"}],"up":[{"embeddable":true,"href":"https:\/\/serr.disabilityrightsca.org\/vi\/wp-json\/wp\/v2\/pages\/321"}],"wp:attachment":[{"href":"https:\/\/serr.disabilityrightsca.org\/vi\/wp-json\/wp\/v2\/media?parent=1753"}],"curies":[{"name":"wp","href":"https:\/\/api.w.org\/{rel}","templated":true}]}}