{"id":1777,"date":"2019-11-21T15:43:45","date_gmt":"2019-11-21T23:43:45","guid":{"rendered":"http:\/\/serr.disabilityrightsca.org\/?page_id=1777"},"modified":"2021-01-25T16:32:58","modified_gmt":"2021-01-26T00:32:58","slug":"1-70-cac-dich-vu-chuyen-tiep-danh-cho-hoc-sinh-giao-duc-dac-biet-la-gi","status":"publish","type":"page","link":"https:\/\/serr.disabilityrightsca.org\/vi\/serr-manual\/chuong-1-thong-tin-ve-cac-quyen-co-ba%cc%89n\/1-70-cac-dich-vu-chuyen-tiep-danh-cho-hoc-sinh-giao-duc-dac-biet-la-gi\/","title":{"rendered":"(1.70) C\u00e1c d\u1ecbch v\u1ee5 chuy\u1ec3n ti\u1ebfp d\u00e0nh cho h\u1ecdc sinh gi\u00e1o d\u1ee5c \u0111\u1eb7c bi\u1ec7t l\u00e0 g\u00ec?"},"content":{"rendered":"\n<p>D\u1ecbch v\u1ee5 chuy\u1ec3n ti\u1ebfp cho h\u1ecdc sinh trong gi\u00e1o d\u1ee5c \u0111\u1eb7c bi\u1ec7t l\u00e0 c\u00e1c d\u1ecbch v\u1ee5 gi\u00fap h\u1ecdc sinh chuy\u1ec3n t\u1eeb tr\u01b0\u1eddng h\u1ecdc sang cu\u1ed9c s\u1ed1ng tr\u01b0\u1edfng th\u00e0nh. C\u00e1c d\u1ecbch v\u1ee5 \u0111\u00f3 n\u00ean ph\u1ea3n \u00e1nh m\u1ee5c ti\u00eau ri\u00eang c\u1ee7a h\u1ecdc sinh cho t\u01b0\u01a1ng lai c\u1ee7a m\u00ecnh.<\/p>\n\n\n\n<p>Lu\u1eadt ph\u00e1p \u0111\u1ecbnh ngh\u0129a c\u00e1c d\u1ecbch v\u1ee5 chuy\u1ec3n ti\u1ebfp l\u00e0:<\/p>\n\n\n\n<p>&nbsp;&nbsp;&nbsp;&nbsp;&nbsp;&nbsp;&nbsp; M\u1ed9t nh\u00f3m c\u00e1c ho\u1ea1t \u0111\u1ed9ng ph\u1ed1i h\u1ee3p cho tr\u1ebb khuy\u1ebft t\u1eadt m\u00e0<\/p>\n\n\n\n<p>(1)&nbsp; \u0110\u01b0\u1ee3c thi\u1ebft k\u1ebf trong m\u1ed9t quy tr\u00ecnh \u0111\u1ecbnh h\u01b0\u1edbng k\u1ebft qu\u1ea3, trong \u0111\u00f3 th\u00fac \u0111\u1ea9y s\u1ef1 chuy\u1ec3n d\u1ecbch t\u1eeb tr\u01b0\u1eddng h\u1ecdc sang ho\u1ea1t \u0111\u1ed9ng sau khi ra tr\u01b0\u1eddng, bao g\u1ed3m gi\u00e1o d\u1ee5c sau trung h\u1ecdc, \u0111\u00e0o t\u1ea1o ngh\u1ec1, c\u00f4ng vi\u1ec7c h\u00f2a \u0111\u1ed3ng (bao g\u1ed3m vi\u1ec7c l\u00e0m \u0111\u01b0\u1ee3c h\u1ed7 tr\u1ee3), gi\u00e1o d\u1ee5c th\u01b0\u1eddng xuy\u00ean v\u00e0 gi\u00e1o d\u1ee5c tu\u1ed5i tr\u01b0\u1edfng th\u00e0nh, c\u00e1c d\u1ecbch v\u1ee5 d\u00e0nh cho ng\u01b0\u1eddi tr\u01b0\u1edfng th\u00e0nh, s\u1ed1ng \u0111\u1ed9c l\u1eadp ho\u1eb7c tham gia c\u1ed9ng \u0111\u1ed3ng;<\/p>\n\n\n\n<p>(2)&nbsp; T\u00f9y thu\u1ed9c v\u00e0o nhu c\u1ea7u c\u1ee7a m\u1ed7i c\u00e1 nh\u00e2n h\u1ecdc sinh, c\u00f3 c\u00e2n nh\u1eafc s\u1ee9c kh\u1ecfe, s\u1edf th\u00edch v\u00e0 c\u00e1c m\u1ed1i quan t\u00e2m c\u1ee7a h\u1ecdc sinh; v\u00e0<\/p>\n\n\n\n<p>(3)&nbsp; Bao g\u1ed3m h\u01b0\u1edbng d\u1eabn, c\u00e1c d\u1ecbch v\u1ee5 li\u00ean quan, c\u00e1c tr\u1ea3i nghi\u1ec7m c\u1ed9ng \u0111\u1ed3ng, m\u1ee5c ti\u00eau ph\u00e1t tri\u1ec3n ngh\u1ec1 nghi\u1ec7p v\u00e0 c\u00e1c m\u1ee5c ti\u00eau cu\u1ed9c s\u1ed1ng tr\u01b0\u1edfng th\u00e0nh sau khi ra tr\u01b0\u1eddng, v\u00e0 khi th\u00edch h\u1ee3p, vi\u1ec7c ti\u1ebfp thu c\u00e1c k\u1ef9 n\u0103ng s\u1ed1ng h\u00e0ng ng\u00e0y v\u00e0 \u0111\u00e1nh gi\u00e1 kh\u1ea3 n\u0103ng l\u00e0m vi\u1ec7c.<\/p>\n\n\n\n<p>&nbsp;&nbsp;&nbsp;&nbsp;&nbsp;&nbsp;&nbsp; [20 U.S.C. Sec. 1401(34); 34 C.F.R. Sec. 300,43(a).]<\/p>\n\n\n\n<p>Lu\u1eadt ph\u00e1p ti\u1ec3u bang y\u00eau c\u1ea7u T\u1ed5ng Gi\u00e1m \u0110\u1ed1c C\u00f4ng Hu\u1ea5n Ti\u1ec3u Bang cung c\u1ea5p d\u1ecbch v\u1ee5 chuy\u1ec3n ti\u1ebfp cho h\u00e0ng lo\u1ea1t h\u1ecdc sinh gi\u00e1o d\u1ee5c \u0111\u1eb7c bi\u1ec7t nh\u01b0 vi\u1ec7c l\u00e0m v\u00e0 \u0111\u00e0o t\u1ea1o h\u1ecdc thu\u1eadt, ho\u1ea1ch \u0111\u1ecbnh chi\u1ebfn l\u01b0\u1ee3c, ph\u1ed1i h\u1ee3p li\u00ean c\u01a1 quan v\u00e0 \u0111\u00e0o t\u1ea1o ph\u1ee5 huynh. [Cal. Ed. Code Sec. 56461.]<\/p>\n","protected":false},"excerpt":{"rendered":"<p>D\u1ecbch v\u1ee5 chuy\u1ec3n ti\u1ebfp cho h\u1ecdc sinh trong gi\u00e1o d\u1ee5c \u0111\u1eb7c bi\u1ec7t l\u00e0 c\u00e1c d\u1ecbch v\u1ee5 gi\u00fap h\u1ecdc sinh chuy\u1ec3n t\u1eeb tr\u01b0\u1eddng h\u1ecdc sang cu\u1ed9c&hellip;<\/p>\n","protected":false},"author":1,"featured_media":0,"parent":321,"menu_order":70,"comment_status":"closed","ping_status":"closed","template":"","meta":{"footnotes":""},"class_list":["post-1777","page","type-page","status-publish","hentry"],"_links":{"self":[{"href":"https:\/\/serr.disabilityrightsca.org\/vi\/wp-json\/wp\/v2\/pages\/1777","targetHints":{"allow":["GET"]}}],"collection":[{"href":"https:\/\/serr.disabilityrightsca.org\/vi\/wp-json\/wp\/v2\/pages"}],"about":[{"href":"https:\/\/serr.disabilityrightsca.org\/vi\/wp-json\/wp\/v2\/types\/page"}],"author":[{"embeddable":true,"href":"https:\/\/serr.disabilityrightsca.org\/vi\/wp-json\/wp\/v2\/users\/1"}],"replies":[{"embeddable":true,"href":"https:\/\/serr.disabilityrightsca.org\/vi\/wp-json\/wp\/v2\/comments?post=1777"}],"version-history":[{"count":2,"href":"https:\/\/serr.disabilityrightsca.org\/vi\/wp-json\/wp\/v2\/pages\/1777\/revisions"}],"predecessor-version":[{"id":3654,"href":"https:\/\/serr.disabilityrightsca.org\/vi\/wp-json\/wp\/v2\/pages\/1777\/revisions\/3654"}],"up":[{"embeddable":true,"href":"https:\/\/serr.disabilityrightsca.org\/vi\/wp-json\/wp\/v2\/pages\/321"}],"wp:attachment":[{"href":"https:\/\/serr.disabilityrightsca.org\/vi\/wp-json\/wp\/v2\/media?parent=1777"}],"curies":[{"name":"wp","href":"https:\/\/api.w.org\/{rel}","templated":true}]}}