{"id":1794,"date":"2019-11-21T15:53:39","date_gmt":"2019-11-21T23:53:39","guid":{"rendered":"http:\/\/serr.disabilityrightsca.org\/?page_id=1794"},"modified":"2021-01-25T16:41:41","modified_gmt":"2021-01-26T00:41:41","slug":"1-78-co-cach-nao-khac-de-hoan-thanh-khoa-hoc-theo-quy-dinh-khong","status":"publish","type":"page","link":"https:\/\/serr.disabilityrightsca.org\/vi\/serr-manual\/chuong-1-thong-tin-ve-cac-quyen-co-ba%cc%89n\/1-78-co-cach-nao-khac-de-hoan-thanh-khoa-hoc-theo-quy-dinh-khong\/","title":{"rendered":"(1.78) C\u00f3 c\u00e1ch n\u00e0o kh\u00e1c \u0111\u1ec3 ho\u00e0n th\u00e0nh kh\u00f3a h\u1ecdc theo quy \u0111\u1ecbnh kh\u00f4ng?"},"content":{"rendered":"\n<p>C\u00f3. H\u1ed9i \u0111\u1ed3ng gi\u00e1o d\u1ee5c c\u1ee7a h\u1ecdc khu \u0111\u1ecba ph\u01b0\u01a1ng \u201cc\u00f3 s\u1ef1 tham gia t\u00edch c\u1ef1c\u201d c\u1ee7a ph\u1ee5 huynh, nh\u00e2n vi\u00ean qu\u1ea3n l\u00fd, gi\u00e1o vi\u00ean v\u00e0 h\u1ecdc sinh, s\u1ebd \u00e1p d\u1ee5ng c\u00e1c ph\u01b0\u01a1ng th\u1ee9c thay th\u1ebf cho h\u1ecdc sinh \u0111\u1ec3 ho\u00e0n th\u00e0nh kh\u00f3a h\u1ecdc theo quy \u0111\u1ecbnh. (Kh\u00f3a h\u1ecdc theo quy \u0111\u1ecbnh c\u00f3 ngh\u0129a l\u00e0 s\u1ed1 l\u01b0\u1ee3ng b\u00e0i h\u1ecdc ho\u1eb7c kh\u00f3a h\u1ecdc t\u1ed1i thi\u1ec3u h\u1ecdc sinh ph\u1ea3i ho\u00e0n th\u00e0nh trong c\u00e1c l\u0129nh v\u1ef1c m\u00f4n h\u1ecdc kh\u00e1c nhau \u0111\u1ec3 t\u1ed1t nghi\u1ec7p trung h\u1ecdc). \u0110i\u1ec1u n\u00e0y c\u00f3 th\u1ec3 bao g\u1ed3m: th\u1ec3 hi\u1ec7n th\u1ef1c t\u1ebf c\u00e1c k\u1ef9 n\u0103ng v\u00e0 n\u0103ng l\u1ef1c, kinh nghi\u1ec7m l\u00e0m vi\u1ec7c \u0111\u01b0\u1ee3c gi\u00e1m s\u00e1t ho\u1eb7c kinh nghi\u1ec7m b\u00ean ngo\u00e0i tr\u01b0\u1eddng h\u1ecdc kh\u00e1c, c\u00e1c l\u1edbp gi\u00e1o d\u1ee5c k\u1ef9 thu\u1eadt ngh\u1ec1 nghi\u1ec7p, c\u00e1c kh\u00f3a h\u1ecdc \u0111\u01b0\u1ee3c cung c\u1ea5p b\u1edfi c\u00e1c trung t\u00e2m ho\u1eb7c ch\u01b0\u01a1ng tr\u00ecnh ngh\u1ec1 nghi\u1ec7p khu v\u1ef1c, kh\u00f3a h\u1ecdc li\u00ean ng\u00e0nh, kh\u00f3a h\u1ecdc \u0111\u1ed9c l\u1eadp v\u00e0 t\u00edn ch\u1ec9 nh\u1eadn \u0111\u01b0\u1ee3c \u1edf tr\u01b0\u1eddng cao \u0111\u1eb3ng ho\u1eb7c \u0111\u1ea1i h\u1ecdc. [Cal. Ed. Code Sec. 51225.3(b).]<\/p>\n\n\n\n<p>N\u1ebfu nh\u00f3m IEP \u0111\u00e3 c\u00e1 nh\u00e2n h\u00f3a m\u1ed9t kh\u00f3a h\u1ecdc cho m\u1ed9t h\u1ecdc sinh c\u1ee5 th\u1ec3, th\u00ec kh\u00f3a h\u1ecdc \u0111\u00f3 s\u1ebd tr\u1edf th\u00e0nh \u201ckh\u00f3a h\u1ecdc theo quy \u0111\u1ecbnh\u201d \u0111\u1ec3 \u0111\u00e1p \u1ee9ng y\u00eau c\u1ea7u t\u1ed1t nghi\u1ec7p. [Cal. Ed. Code Secs. 51225.3(b) &amp; 56345(b)(1).] Ph\u1ee5 huynh n\u00ean bao g\u1ed3m m\u1ed9t tuy\u00ean b\u1ed1 b\u1eb1ng v\u0103n b\u1ea3n trong b\u1ea3n IEP r\u1eb1ng kh\u00f3a h\u1ecdc c\u00e1 nh\u00e2n c\u1ee7a h\u1ecdc sinh \u0111\u00e1p \u1ee9ng y\u00eau c\u1ea7u \u0111\u00f3.<\/p>\n\n\n\n<p>H\u1ecdc sinh c\u0169ng s\u1ebd \u0111\u01b0\u1ee3c ph\u00e9p th\u1ef1c hi\u1ec7n c\u00e1c b\u00e0i ki\u1ec3m tra CAASPP c\u00f3 \u0111i\u1ec1u ch\u1ec9nh m\u00e0 kh\u00f4ng l\u00e0m \u201cthay \u0111\u1ed5i c\u0103n b\u1ea3n nh\u1eefng g\u00ec c\u00e1c b\u00e0i ki\u1ec3m tra \u0111o l\u01b0\u1eddng ho\u1eb7c l\u00e0m \u1ea3nh h\u01b0\u1edfng \u0111\u1ebfn t\u00ednh t\u01b0\u01a1ng \u0111\u01b0\u01a1ng c\u1ee7a \u0111i\u1ec3m s\u1ed1\u201d. Nh\u1eefng b\u00e0i ki\u1ec3m tra n\u00e0y c\u0169ng ph\u1ea3i \u0111\u01b0\u1ee3c n\u00eau r\u00f5 trong k\u1ebf ho\u1ea1ch IEP ho\u1eb7c M\u1ee5c 504 c\u1ee7a tr\u1ebb.<\/p>\n","protected":false},"excerpt":{"rendered":"<p>C\u00f3. H\u1ed9i \u0111\u1ed3ng gi\u00e1o d\u1ee5c c\u1ee7a h\u1ecdc khu \u0111\u1ecba ph\u01b0\u01a1ng \u201cc\u00f3 s\u1ef1 tham gia t\u00edch c\u1ef1c\u201d c\u1ee7a ph\u1ee5 huynh, nh\u00e2n vi\u00ean qu\u1ea3n l\u00fd, gi\u00e1o vi\u00ean&hellip;<\/p>\n","protected":false},"author":1,"featured_media":0,"parent":321,"menu_order":78,"comment_status":"closed","ping_status":"closed","template":"","meta":{"footnotes":""},"class_list":["post-1794","page","type-page","status-publish","hentry"],"_links":{"self":[{"href":"https:\/\/serr.disabilityrightsca.org\/vi\/wp-json\/wp\/v2\/pages\/1794","targetHints":{"allow":["GET"]}}],"collection":[{"href":"https:\/\/serr.disabilityrightsca.org\/vi\/wp-json\/wp\/v2\/pages"}],"about":[{"href":"https:\/\/serr.disabilityrightsca.org\/vi\/wp-json\/wp\/v2\/types\/page"}],"author":[{"embeddable":true,"href":"https:\/\/serr.disabilityrightsca.org\/vi\/wp-json\/wp\/v2\/users\/1"}],"replies":[{"embeddable":true,"href":"https:\/\/serr.disabilityrightsca.org\/vi\/wp-json\/wp\/v2\/comments?post=1794"}],"version-history":[{"count":2,"href":"https:\/\/serr.disabilityrightsca.org\/vi\/wp-json\/wp\/v2\/pages\/1794\/revisions"}],"predecessor-version":[{"id":3662,"href":"https:\/\/serr.disabilityrightsca.org\/vi\/wp-json\/wp\/v2\/pages\/1794\/revisions\/3662"}],"up":[{"embeddable":true,"href":"https:\/\/serr.disabilityrightsca.org\/vi\/wp-json\/wp\/v2\/pages\/321"}],"wp:attachment":[{"href":"https:\/\/serr.disabilityrightsca.org\/vi\/wp-json\/wp\/v2\/media?parent=1794"}],"curies":[{"name":"wp","href":"https:\/\/api.w.org\/{rel}","templated":true}]}}