{"id":1810,"date":"2019-11-21T16:01:19","date_gmt":"2019-11-22T00:01:19","guid":{"rendered":"http:\/\/serr.disabilityrightsca.org\/?page_id=1810"},"modified":"2021-01-25T16:55:04","modified_gmt":"2021-01-26T00:55:04","slug":"1-86-cac-tieu-chi-du-dieu-kien-nhan-dich-vu-can-thiep-som-bat-dau-som-o-california-la-gi","status":"publish","type":"page","link":"https:\/\/serr.disabilityrightsca.org\/vi\/serr-manual\/chuong-1-thong-tin-ve-cac-quyen-co-ba%cc%89n\/1-86-cac-tieu-chi-du-dieu-kien-nhan-dich-vu-can-thiep-som-bat-dau-som-o-california-la-gi\/","title":{"rendered":"(1.86) C\u00e1c ti\u00eau ch\u00ed \u0111\u1ee7 \u0111i\u1ec1u ki\u1ec7n nh\u1eadn d\u1ecbch v\u1ee5 can thi\u1ec7p s\u1edbm (\u201cB\u1eaft \u0110\u1ea7u S\u1edbm\u201d) \u1edf California l\u00e0 g\u00ec?"},"content":{"rendered":"\n<p>\u1ede California, tr\u1ebb d\u01b0\u1edbi 3 tu\u1ed5i h\u1ed9i \u0111\u1ee7 \u0111i\u1ec1u ki\u1ec7n nh\u1eadn nh\u1eefng d\u1ecbch v\u1ee5 m\u00e0 ti\u1ec3u bang g\u1ecdi l\u00e0 d\u1ecbch v\u1ee5 \u201cB\u1eaft \u0110\u1ea7u S\u1edbm\u201d n\u1ebfu sau khi th\u1ea9m \u0111\u1ecbnh, tr\u1ebb \u0111\u00e1p \u1ee9ng m\u1ed9t trong c\u00e1c ti\u00eau ch\u00ed sau:<\/p>\n\n\n\n<p>(1)&nbsp; Tr\u1ebb s\u01a1 sinh v\u00e0 tr\u1ebb m\u1edbi bi\u1ebft \u0111i b\u1ecb ch\u1eadm ph\u00e1t tri\u1ec3n \u1edf m\u1ed9t ho\u1eb7c nhi\u1ec1u trong n\u0103m l\u0129nh v\u1ef1c sau:&nbsp; ph\u00e1t tri\u1ec3n nh\u1eadn th\u1ee9c, ph\u00e1t tri\u1ec3n th\u1ec3 ch\u1ea5t v\u00e0 v\u1eadn \u0111\u1ed9ng; bao g\u1ed3m c\u1ea3 th\u1ecb gi\u00e1c v\u00e0 th\u00ednh gi\u00e1c; ph\u00e1t tri\u1ec3n giao ti\u1ebfp; ph\u00e1t tri\u1ec3n v\u1ec1 m\u1eb7t x\u00e3 h\u1ed9i ho\u1eb7c c\u1ea3m x\u00fac; ho\u1eb7c ph\u00e1t tri\u1ec3n th\u00edch nghi. Tr\u1ebb s\u01a1 sinh v\u00e0 tr\u1ebb m\u1edbi bi\u1ebft \u0111i b\u1ecb ch\u1eadm ph\u00e1t tri\u1ec3n l\u00e0 nh\u1eefng tr\u1ebb \u0111\u01b0\u1ee3c x\u00e1c \u0111\u1ecbnh l\u00e0 c\u00f3 s\u1ef1 kh\u00e1c bi\u1ec7t \u0111\u00e1ng k\u1ec3 gi\u1eefa m\u1ee9c \u0111\u1ed9 ph\u00e1t tri\u1ec3n \u0111\u01b0\u1ee3c k\u1ef3 v\u1ecdng cho \u0111\u1ed9 tu\u1ed5i c\u1ee7a ch\u00fang v\u00e0 m\u1ee9c \u0111\u1ed9 th\u1ef1c hi\u1ec7n ch\u1ee9c n\u0103ng hi\u1ec7n t\u1ea1i c\u1ee7a ch\u00fang. Quy\u1ebft \u0111\u1ecbnh n\u00e0y s\u1ebd \u0111\u01b0\u1ee3c th\u1ef1c hi\u1ec7n b\u1edfi nh\u00e2n vi\u00ean c\u00f3 tr\u00ecnh \u0111\u1ed9, m\u00e0 nh\u00e2n vi\u00ean \u0111\u00f3 \u0111\u01b0\u1ee3c c\u00f4ng nh\u1eadn b\u1edfi, ho\u1eb7c thu\u1ed9c m\u1ed9t nh\u00f3m \u0111a ng\u00e0nh, bao g\u1ed3m c\u1ea3 ph\u1ee5 huynh. S\u1ef1 kh\u00e1c bi\u1ec7t \u0111\u00e1ng k\u1ec3 \u0111\u01b0\u1ee3c x\u00e1c \u0111\u1ecbnh \u1edf m\u1ee9c ph\u00e1t tri\u1ec3n ch\u1eadm 33 ph\u1ea7n tr\u0103m trong m\u1ed9t ho\u1eb7c nhi\u1ec1u l\u0129nh v\u1ef1c ph\u00e1t tri\u1ec3n;<\/p>\n\n\n\n<p>(2)&nbsp; Tr\u1ebb s\u01a1 sinh v\u00e0 tr\u1ebb m\u1edbi bi\u1ebft \u0111i c\u00f3 c\u00e1c t\u00ecnh tr\u1ea1ng nguy c\u01a1 \u0111\u00e3 x\u00e1c \u0111\u1ecbnh l\u00e0 tr\u1ebb s\u01a1 sinh v\u00e0 tr\u1ebb m\u1edbi bi\u1ebft \u0111i c\u00f3 c\u00e1c t\u00ecnh tr\u1ea1ng nguy\u00ean nh\u00e2n x\u00e1c \u0111\u1ecbnh ho\u1eb7c c\u00e1c t\u00ecnh tr\u1ea1ng c\u00f3 h\u1eadu qu\u1ea3 ph\u00e1t tri\u1ec3n g\u00e2y h\u1ea1i \u0111\u00e3 x\u00e1c \u0111\u1ecbnh. C\u00e1c t\u00ecnh tr\u1ea1ng s\u1ebd \u0111\u01b0\u1ee3c ch\u1ea9n \u0111o\u00e1n b\u1edfi nh\u00e2n vi\u00ean c\u00f3 tr\u00ecnh \u0111\u1ed9, m\u00e0 nh\u00e2n vi\u00ean \u0111\u00f3 \u0111\u01b0\u1ee3c c\u00f4ng nh\u1eadn b\u1edfi, ho\u1eb7c thu\u1ed9c m\u1ed9t nh\u00f3m \u0111a ng\u00e0nh, bao g\u1ed3m c\u1ea3 ph\u1ee5 huynh. T\u00ecnh tr\u1ea1ng s\u1ebd \u0111\u01b0\u1ee3c ch\u1ee9ng nh\u1eadn l\u00e0 c\u00f3 x\u00e1c su\u1ea5t cao d\u1eabn \u0111\u1ebfn s\u1ef1 ch\u1eadm ph\u00e1t tri\u1ec3n n\u1ebfu s\u1ef1 ch\u1eadm ph\u00e1t tri\u1ec3n l\u00e0 kh\u00f4ng r\u00f5 r\u00e0ng t\u1ea1i th\u1eddi \u0111i\u1ec3m ch\u1ea9n \u0111o\u00e1n;<\/p>\n\n\n\n<p>(3) Tr\u1ebb s\u01a1 sinh v\u00e0 tr\u1ebb m\u1edbi bi\u1ebft \u0111i c\u00f3 nguy c\u01a1 cao b\u1ecb khuy\u1ebft t\u1eadt ph\u00e1t tri\u1ec3n \u0111\u00e1ng k\u1ec3 do y\u1ebfu t\u1ed1 r\u1ee7i ro y sinh k\u1ebft h\u1ee3p, s\u1ef1 xu\u1ea5t hi\u1ec7n c\u1ee7a y\u1ebfu t\u1ed1 \u0111\u01b0\u1ee3c ch\u1ea9n \u0111o\u00e1n b\u1edfi nh\u00e2n vi\u00ean c\u00f3 tr\u00ecnh \u0111\u1ed9, m\u00e0 nh\u00e2n vi\u00ean \u0111\u00f3 \u0111\u01b0\u1ee3c c\u00f4ng nh\u1eadn b\u1edfi, ho\u1eb7c thu\u1ed9c m\u1ed9t nh\u00f3m \u0111a ng\u00e0nh, bao g\u1ed3m c\u1ea3 ph\u1ee5 huynh.<\/p>\n\n\n\n<p>[Cal. Gov. Code Sec. 95014(a).]<\/p>\n","protected":false},"excerpt":{"rendered":"<p>\u1ede California, tr\u1ebb d\u01b0\u1edbi 3 tu\u1ed5i h\u1ed9i \u0111\u1ee7 \u0111i\u1ec1u ki\u1ec7n nh\u1eadn nh\u1eefng d\u1ecbch v\u1ee5 m\u00e0 ti\u1ec3u bang g\u1ecdi l\u00e0 d\u1ecbch v\u1ee5 \u201cB\u1eaft \u0110\u1ea7u S\u1edbm\u201d n\u1ebfu&hellip;<\/p>\n","protected":false},"author":1,"featured_media":0,"parent":321,"menu_order":86,"comment_status":"closed","ping_status":"closed","template":"","meta":{"footnotes":""},"class_list":["post-1810","page","type-page","status-publish","hentry"],"_links":{"self":[{"href":"https:\/\/serr.disabilityrightsca.org\/vi\/wp-json\/wp\/v2\/pages\/1810","targetHints":{"allow":["GET"]}}],"collection":[{"href":"https:\/\/serr.disabilityrightsca.org\/vi\/wp-json\/wp\/v2\/pages"}],"about":[{"href":"https:\/\/serr.disabilityrightsca.org\/vi\/wp-json\/wp\/v2\/types\/page"}],"author":[{"embeddable":true,"href":"https:\/\/serr.disabilityrightsca.org\/vi\/wp-json\/wp\/v2\/users\/1"}],"replies":[{"embeddable":true,"href":"https:\/\/serr.disabilityrightsca.org\/vi\/wp-json\/wp\/v2\/comments?post=1810"}],"version-history":[{"count":3,"href":"https:\/\/serr.disabilityrightsca.org\/vi\/wp-json\/wp\/v2\/pages\/1810\/revisions"}],"predecessor-version":[{"id":3672,"href":"https:\/\/serr.disabilityrightsca.org\/vi\/wp-json\/wp\/v2\/pages\/1810\/revisions\/3672"}],"up":[{"embeddable":true,"href":"https:\/\/serr.disabilityrightsca.org\/vi\/wp-json\/wp\/v2\/pages\/321"}],"wp:attachment":[{"href":"https:\/\/serr.disabilityrightsca.org\/vi\/wp-json\/wp\/v2\/media?parent=1810"}],"curies":[{"name":"wp","href":"https:\/\/api.w.org\/{rel}","templated":true}]}}