{"id":1812,"date":"2019-11-21T16:02:03","date_gmt":"2019-11-22T00:02:03","guid":{"rendered":"http:\/\/serr.disabilityrightsca.org\/?page_id=1812"},"modified":"2021-01-25T16:57:07","modified_gmt":"2021-01-26T00:57:07","slug":"1-87-nhung-dich-vu-nao-duoc-bao-gom-trong-phan-c-cho-tre-em-tu-so-sinh-den-3-tuoi","status":"publish","type":"page","link":"https:\/\/serr.disabilityrightsca.org\/vi\/serr-manual\/chuong-1-thong-tin-ve-cac-quyen-co-ba%cc%89n\/1-87-nhung-dich-vu-nao-duoc-bao-gom-trong-phan-c-cho-tre-em-tu-so-sinh-den-3-tuoi\/","title":{"rendered":"(1.87) Nh\u1eefng d\u1ecbch v\u1ee5 n\u00e0o \u0111\u01b0\u1ee3c bao g\u1ed3m trong Ph\u1ea7n C cho tr\u1ebb em t\u1eeb s\u01a1 sinh \u0111\u1ebfn 3 tu\u1ed5i?"},"content":{"rendered":"\n<p>C\u00e1c d\u1ecbch v\u1ee5 c\u00f3 s\u1eb5n trong Ph\u1ea7n C \u0111\u01b0\u1ee3c cung c\u1ea5p b\u1edfi trung t\u00e2m khu v\u1ef1c ho\u1eb7c h\u1ecdc khu (t\u1ea1i nh\u00e0 ho\u1eb7c t\u1ea1i trung t\u00e2m, c\u00e1 nh\u00e2n ho\u1eb7c theo nh\u00f3m nh\u1ecf) v\u00e0 h\u1ea7u nh\u01b0 lu\u00f4n mi\u1ec5n ph\u00ed. Ch\u00fang ph\u1ea3i \u0111\u01b0\u1ee3c thi\u1ebft k\u1ebf \u0111\u1ec3 \u0111\u00e1p \u1ee9ng nhu c\u1ea7u ph\u00e1t tri\u1ec3n c\u1ee7a tr\u1ebb s\u01a1 sinh ho\u1eb7c tr\u1ebb m\u1edbi bi\u1ebft \u0111i.<\/p>\n\n\n\n<p>D\u1ecbch v\u1ee5 c\u00f3 th\u1ec3 bao g\u1ed3m: c\u00e1c thi\u1ebft b\u1ecb v\u00e0 d\u1ecbch v\u1ee5 c\u00f4ng ngh\u1ec7 h\u1ed7 tr\u1ee3; d\u1ecbch v\u1ee5 th\u00ednh gi\u00e1c; \u0111\u00e0o t\u1ea1o gia \u0111\u00ecnh; t\u01b0 v\u1ea5n v\u00e0 th\u0103m kh\u00e1m t\u1ea1i gia; d\u1ecbch v\u1ee5 ch\u0103m s\u00f3c s\u1ee9c kh\u1ecfe (bao g\u1ed3m \u0111\u1eb7t \u1ed1ng th\u00f4ng, ch\u0103m s\u00f3c m\u1edf th\u00f4ng kh\u00ed qu\u1ea3n, cho \u0103n b\u1eb1ng \u1ed1ng truy\u1ec1n th\u1ee9c \u0103n, thay b\u0103ng v\u00e0 t\u00fai h\u1eadu m\u00f4n gi\u1ea3 v\u00e0 t\u01b0 v\u1ea5n b\u00e1c s\u0129); d\u1ecbch v\u1ee5 y t\u1ebf ch\u1ec9 d\u00e0nh cho m\u1ee5c \u0111\u00edch ch\u1ea9n \u0111o\u00e1n ho\u1eb7c \u0111\u00e1nh gi\u00e1; d\u1ecbch v\u1ee5 \u0111i\u1ec1u d\u01b0\u1ee1ng; d\u1ecbch v\u1ee5 dinh d\u01b0\u1ee1ng; li\u1ec7u ph\u00e1p ngh\u1ec1 nghi\u1ec7p v\u00e0 v\u1eadt l\u00fd; d\u1ecbch v\u1ee5 t\u00e2m l\u00fd; d\u1ecbch v\u1ee5 c\u00f4ng t\u00e1c x\u00e3 h\u1ed9i; d\u1ecbch v\u1ee5 \u0111i\u1ec1u ph\u1ed1i d\u1ecbch v\u1ee5; h\u01b0\u1edbng d\u1eabn \u0111\u1eb7c bi\u1ec7t; d\u1ecbch v\u1ee5 l\u1eddi n\u00f3i v\u00e0 ng\u00f4n ng\u1eef; chi ph\u00ed \u0111i l\u1ea1i v\u00e0 c\u00e1c chi ph\u00ed li\u00ean quan; d\u1ecbch v\u1ee5 th\u1ecb gi\u00e1c; d\u1ecbch v\u1ee5 ch\u0103m s\u00f3c t\u1ea1m th\u1eddi (ph\u1ea3i x\u00e1c \u0111\u1ecbnh r\u1eb1ng nhu c\u1ea7u c\u00f3 li\u00ean quan \u0111\u1ebfn s\u1ef1 ch\u1eadm ph\u00e1t tri\u1ec3n c\u1ee7a tr\u1ebb) v\u00e0 c\u00e1c d\u1ecbch v\u1ee5 h\u1ed7 tr\u1ee3 gia \u0111\u00ecnh kh\u00e1c. [20 U.S.C. Sec. 1432(4); 34 C.F.R. Secs. 303.12(d) &amp; 303.13; 17 C.C.R. Sec. 52000(b)(13).] \u0110\u1ec3 bi\u1ebft th\u00eam th\u00f4ng tin v\u1ec1 <em>D\u1ecbch V\u1ee5 Can Thi\u1ec7p S\u1edbm<\/em>, h\u00e3y tham kh\u1ea3o Ch\u01b0\u01a1ng 12.<\/p>\n","protected":false},"excerpt":{"rendered":"<p>C\u00e1c d\u1ecbch v\u1ee5 c\u00f3 s\u1eb5n trong Ph\u1ea7n C \u0111\u01b0\u1ee3c cung c\u1ea5p b\u1edfi trung t\u00e2m khu v\u1ef1c ho\u1eb7c h\u1ecdc khu (t\u1ea1i nh\u00e0 ho\u1eb7c t\u1ea1i trung t\u00e2m,&hellip;<\/p>\n","protected":false},"author":1,"featured_media":0,"parent":321,"menu_order":87,"comment_status":"closed","ping_status":"closed","template":"","meta":{"footnotes":""},"class_list":["post-1812","page","type-page","status-publish","hentry"],"_links":{"self":[{"href":"https:\/\/serr.disabilityrightsca.org\/vi\/wp-json\/wp\/v2\/pages\/1812","targetHints":{"allow":["GET"]}}],"collection":[{"href":"https:\/\/serr.disabilityrightsca.org\/vi\/wp-json\/wp\/v2\/pages"}],"about":[{"href":"https:\/\/serr.disabilityrightsca.org\/vi\/wp-json\/wp\/v2\/types\/page"}],"author":[{"embeddable":true,"href":"https:\/\/serr.disabilityrightsca.org\/vi\/wp-json\/wp\/v2\/users\/1"}],"replies":[{"embeddable":true,"href":"https:\/\/serr.disabilityrightsca.org\/vi\/wp-json\/wp\/v2\/comments?post=1812"}],"version-history":[{"count":5,"href":"https:\/\/serr.disabilityrightsca.org\/vi\/wp-json\/wp\/v2\/pages\/1812\/revisions"}],"predecessor-version":[{"id":3673,"href":"https:\/\/serr.disabilityrightsca.org\/vi\/wp-json\/wp\/v2\/pages\/1812\/revisions\/3673"}],"up":[{"embeddable":true,"href":"https:\/\/serr.disabilityrightsca.org\/vi\/wp-json\/wp\/v2\/pages\/321"}],"wp:attachment":[{"href":"https:\/\/serr.disabilityrightsca.org\/vi\/wp-json\/wp\/v2\/media?parent=1812"}],"curies":[{"name":"wp","href":"https:\/\/api.w.org\/{rel}","templated":true}]}}