{"id":1814,"date":"2019-11-21T16:03:07","date_gmt":"2019-11-22T00:03:07","guid":{"rendered":"http:\/\/serr.disabilityrightsca.org\/?page_id=1814"},"modified":"2021-01-25T16:58:12","modified_gmt":"2021-01-26T00:58:12","slug":"1-88-cac-hoc-khu-co-chiu-trach-nhiem-doi-voi-cac-dich-vu-giao-duc-dac-biet-cho-tre-em-tu-ba-den-nam-tuoi-khong","status":"publish","type":"page","link":"https:\/\/serr.disabilityrightsca.org\/vi\/serr-manual\/chuong-1-thong-tin-ve-cac-quyen-co-ba%cc%89n\/1-88-cac-hoc-khu-co-chiu-trach-nhiem-doi-voi-cac-dich-vu-giao-duc-dac-biet-cho-tre-em-tu-ba-den-nam-tuoi-khong\/","title":{"rendered":"(1.88) C\u00e1c h\u1ecdc khu c\u00f3 ch\u1ecbu tr\u00e1ch nhi\u1ec7m \u0111\u1ed1i v\u1edbi c\u00e1c d\u1ecbch v\u1ee5 gi\u00e1o d\u1ee5c \u0111\u1eb7c bi\u1ec7t cho tr\u1ebb em t\u1eeb ba \u0111\u1ebfn n\u0103m tu\u1ed5i kh\u00f4ng?"},"content":{"rendered":"\n<p>C\u00f3. Theo lu\u1eadt c\u1ee7a California, t\u1ea5t c\u1ea3 c\u00e1c h\u1ecdc khu \u0111\u1ec1u c\u00f3 nhi\u1ec7m v\u1ee5 cung c\u1ea5p c\u00e1c d\u1ecbch v\u1ee5 gi\u00e1o d\u1ee5c \u0111\u1eb7c bi\u1ec7t v\u00e0 c\u00e1c d\u1ecbch v\u1ee5 li\u00ean quan cho t\u1ea5t c\u1ea3 tr\u1ebb em h\u1ed9i \u0111\u1ee7 \u0111i\u1ec1u ki\u1ec7n trong \u0111\u1ed9 tu\u1ed5i t\u1eeb ba \u0111\u1ebfn n\u0103m tu\u1ed5i. [Cal. Ed. Code Secs. 56001(b) &amp; 56440(c).]<\/p>\n\n\n\n<p>N\u1ebfu tr\u1ebb \u0111\u00e3 nh\u1eadn \u0111\u01b0\u1ee3c d\u1ecbch v\u1ee5 \u201ccan thi\u1ec7p s\u1edbm\u201d ho\u1eb7c \u201cB\u1eaft \u0110\u1ea7u S\u1edbm\u201d t\u1eeb h\u1ecdc khu, h\u1ecdc khu ph\u1ea3i \u0111\u1ea3m b\u1ea3o r\u1eb1ng tr\u1ebb s\u1ebd \u0111\u01b0\u1ee3c tr\u1ea3i qua qu\u00e1 tr\u00ecnh chuy\u1ec3n ti\u1ebfp su\u00f4n s\u1ebb v\u00e0 hi\u1ec7u qu\u1ea3 sang ch\u01b0\u01a1ng tr\u00ecnh m\u1eabu gi\u00e1o. [20 U.S.C. Sec. 1437(a)(9); Cal. Ed. Code Sec. 56426.9(a).] H\u1ecdc khu c\u0169ng ph\u1ea3i \u0111\u1ea3m b\u1ea3o r\u1eb1ng ch\u01b0\u01a1ng tr\u00ecnh gi\u00e1o d\u1ee5c c\u00e1 nh\u00e2n [IEP] \u0111\u00e3 \u0111\u01b0\u1ee3c ph\u00e1t tri\u1ec3n v\u00e0 \u0111ang \u0111\u01b0\u1ee3c th\u1ef1c hi\u1ec7n v\u00e0o th\u1eddi \u0111i\u1ec3m sinh nh\u1eadt th\u1ee9 ba c\u1ee7a tr\u1ebb. [34 C.F.R. Sec. 300.124(b); Cal. Ed. Code Sec. 56426,9(b).] N\u1ebfu tr\u1ebb l\u00ean ba trong nh\u1eefng th\u00e1ng m\u00f9a h\u00e8, nh\u00f3m IEP ph\u1ea3i x\u00e1c \u0111\u1ecbnh ng\u00e0y b\u1eaft \u0111\u1ea7u d\u1ecbch v\u1ee5 IEP. [Cal. Ed. Code Sec. 56426.9(d).] H\u1ecdc khu ph\u1ea3i tham gia v\u00e0o c\u00e1c h\u1ed9i ngh\u1ecb l\u1eadp k\u1ebf ho\u1ea1ch chuy\u1ec3n ti\u1ebfp do trung t\u00e2m khu v\u1ef1c s\u1eafp x\u1ebfp. [20 U.S.C. Sec. 1437(a)(9); Cal. Ed. Code Sec. 56426.9(c).] Xem Ch\u01b0\u01a1ng 12, <em>Th\u00f4ng Tin v\u1ec1 C\u00e1c D\u1ecbch V\u1ee5 Can Thi\u1ec7p S\u1edbm<\/em>.<\/p>\n","protected":false},"excerpt":{"rendered":"<p>C\u00f3. Theo lu\u1eadt c\u1ee7a California, t\u1ea5t c\u1ea3 c\u00e1c h\u1ecdc khu \u0111\u1ec1u c\u00f3 nhi\u1ec7m v\u1ee5 cung c\u1ea5p c\u00e1c d\u1ecbch v\u1ee5 gi\u00e1o d\u1ee5c \u0111\u1eb7c bi\u1ec7t v\u00e0 c\u00e1c&hellip;<\/p>\n","protected":false},"author":1,"featured_media":0,"parent":321,"menu_order":88,"comment_status":"closed","ping_status":"closed","template":"","meta":{"footnotes":""},"class_list":["post-1814","page","type-page","status-publish","hentry"],"_links":{"self":[{"href":"https:\/\/serr.disabilityrightsca.org\/vi\/wp-json\/wp\/v2\/pages\/1814","targetHints":{"allow":["GET"]}}],"collection":[{"href":"https:\/\/serr.disabilityrightsca.org\/vi\/wp-json\/wp\/v2\/pages"}],"about":[{"href":"https:\/\/serr.disabilityrightsca.org\/vi\/wp-json\/wp\/v2\/types\/page"}],"author":[{"embeddable":true,"href":"https:\/\/serr.disabilityrightsca.org\/vi\/wp-json\/wp\/v2\/users\/1"}],"replies":[{"embeddable":true,"href":"https:\/\/serr.disabilityrightsca.org\/vi\/wp-json\/wp\/v2\/comments?post=1814"}],"version-history":[{"count":3,"href":"https:\/\/serr.disabilityrightsca.org\/vi\/wp-json\/wp\/v2\/pages\/1814\/revisions"}],"predecessor-version":[{"id":3674,"href":"https:\/\/serr.disabilityrightsca.org\/vi\/wp-json\/wp\/v2\/pages\/1814\/revisions\/3674"}],"up":[{"embeddable":true,"href":"https:\/\/serr.disabilityrightsca.org\/vi\/wp-json\/wp\/v2\/pages\/321"}],"wp:attachment":[{"href":"https:\/\/serr.disabilityrightsca.org\/vi\/wp-json\/wp\/v2\/media?parent=1814"}],"curies":[{"name":"wp","href":"https:\/\/api.w.org\/{rel}","templated":true}]}}