{"id":1832,"date":"2019-11-21T16:15:16","date_gmt":"2019-11-22T00:15:16","guid":{"rendered":"http:\/\/serr.disabilityrightsca.org\/?page_id=1832"},"modified":"2021-02-01T16:17:23","modified_gmt":"2021-02-02T00:17:23","slug":"1-97-neu-con-toi-mac-benh-truyen-nhiem-hoc-khu-co-the-tu-choi-cung-cap-nguoi-huong-dan-tai-nha-hoac-cam-con-toi-di-hoc-tren-co-so-rui-ro-cho-nhan-vien-hoac-nhung-dua-tre-khac-khong","status":"publish","type":"page","link":"https:\/\/serr.disabilityrightsca.org\/vi\/serr-manual\/chuong-1-thong-tin-ve-cac-quyen-co-ba%cc%89n\/1-97-neu-con-toi-mac-benh-truyen-nhiem-hoc-khu-co-the-tu-choi-cung-cap-nguoi-huong-dan-tai-nha-hoac-cam-con-toi-di-hoc-tren-co-so-rui-ro-cho-nhan-vien-hoac-nhung-dua-tre-khac-khong\/","title":{"rendered":"(1.97) N\u1ebfu con t\u00f4i m\u1eafc b\u1ec7nh truy\u1ec1n nhi\u1ec5m, h\u1ecdc khu c\u00f3 th\u1ec3 t\u1eeb ch\u1ed1i cung c\u1ea5p ng\u01b0\u1eddi h\u01b0\u1edbng d\u1eabn t\u1ea1i nh\u00e0 ho\u1eb7c c\u1ea5m con t\u00f4i \u0111i h\u1ecdc tr\u00ean c\u01a1 s\u1edf r\u1ee7i ro cho nh\u00e2n vi\u00ean ho\u1eb7c nh\u1eefng \u0111\u1ee9a tr\u1ebb kh\u00e1c kh\u00f4ng?"},"content":{"rendered":"\n<p>Theo quy \u0111\u1ecbnh c\u1ee7a ti\u1ec3u bang, h\u1ecdc sinh &#8220;\u0111ang nhi\u1ec5m b\u1ea5t k\u1ef3 b\u1ec7nh truy\u1ec1n nhi\u1ec5m ho\u1eb7c l\u00e2y nhi\u1ec5m n\u00e0o kh\u00f4ng \u0111\u01b0\u1ee3c c\u00f3 m\u1eb7t t\u1ea1i b\u1ea5t k\u1ef3 tr\u01b0\u1eddng c\u00f4ng l\u1eadp n\u00e0o&#8221;. [5 C.C.R. Sec. 202.] Tuy nhi\u00ean, ch\u00ednh s\u00e1ch c\u1ee7a h\u1ecdc khu t\u1eeb ch\u1ed1i vi\u1ec7c h\u01b0\u1edbng d\u1eabn t\u1ea1i nh\u00e0 ho\u1eb7c vi\u1ec7c \u0111i h\u1ecdc c\u1ee7a h\u1ecdc sinh m\u1eafc b\u1ec7nh truy\u1ec1n nhi\u1ec5m c\u00f3 nguy c\u01a1 truy\u1ec1n b\u1ec7nh cho ng\u01b0\u1eddi kh\u00e1c s\u1ebd \u0111\u01b0\u1ee3c t\u00f2a \u00e1n ki\u1ec3m tra k\u1ef9 l\u01b0\u1ee1ng. \u00cdt nh\u1ea5t m\u1ed9t t\u00f2a \u00e1n \u0111\u00e3 cho r\u1eb1ng c\u00e1c y\u1ebfu t\u1ed1 sau \u0111\u00e2y ph\u1ea3i \u0111\u01b0\u1ee3c xem x\u00e9t:&nbsp; 1) Nguy c\u01a1 th\u1ef1c s\u1ef1 v\u1ec1 c\u00e1ch truy\u1ec1n b\u1ec7nh l\u1edbn \u0111\u1ebfn m\u1ee9c n\u00e0o; 2) Kho\u1ea3ng th\u1eddi gian c\u1ee7a nguy c\u01a1; 3) M\u1ee9c \u0111\u1ed9 nguy hi\u1ec3m c\u1ee7a r\u1ee7i ro x\u00e9t v\u1ec1 h\u1eadu qu\u1ea3 c\u1ee7a s\u1ef1 l\u00e2y nhi\u1ec5m; 4) Kh\u1ea3 n\u0103ng truy\u1ec1n b\u1ec7nh; v\u00e0 5) C\u00e1c b\u01b0\u1edbc h\u1ee3p l\u00fd c\u00f3 th\u1ec3 \u0111\u01b0\u1ee3c th\u1ef1c hi\u1ec7n \u0111\u1ec3 gi\u1ea3m thi\u1ec3u r\u1ee7i ro. [<em>Martinez v. School Board of Hillsboro County<\/em>, 861 F.2d 1502 (11th Cir. 1988).]<\/p>\n","protected":false},"excerpt":{"rendered":"<p>Theo quy \u0111\u1ecbnh c\u1ee7a ti\u1ec3u bang, h\u1ecdc sinh &#8220;\u0111ang nhi\u1ec5m b\u1ea5t k\u1ef3 b\u1ec7nh truy\u1ec1n nhi\u1ec5m ho\u1eb7c l\u00e2y nhi\u1ec5m n\u00e0o kh\u00f4ng \u0111\u01b0\u1ee3c c\u00f3 m\u1eb7t t\u1ea1i b\u1ea5t&hellip;<\/p>\n","protected":false},"author":1,"featured_media":0,"parent":321,"menu_order":97,"comment_status":"closed","ping_status":"closed","template":"","meta":{"footnotes":""},"class_list":["post-1832","page","type-page","status-publish","hentry"],"_links":{"self":[{"href":"https:\/\/serr.disabilityrightsca.org\/vi\/wp-json\/wp\/v2\/pages\/1832","targetHints":{"allow":["GET"]}}],"collection":[{"href":"https:\/\/serr.disabilityrightsca.org\/vi\/wp-json\/wp\/v2\/pages"}],"about":[{"href":"https:\/\/serr.disabilityrightsca.org\/vi\/wp-json\/wp\/v2\/types\/page"}],"author":[{"embeddable":true,"href":"https:\/\/serr.disabilityrightsca.org\/vi\/wp-json\/wp\/v2\/users\/1"}],"replies":[{"embeddable":true,"href":"https:\/\/serr.disabilityrightsca.org\/vi\/wp-json\/wp\/v2\/comments?post=1832"}],"version-history":[{"count":2,"href":"https:\/\/serr.disabilityrightsca.org\/vi\/wp-json\/wp\/v2\/pages\/1832\/revisions"}],"predecessor-version":[{"id":3692,"href":"https:\/\/serr.disabilityrightsca.org\/vi\/wp-json\/wp\/v2\/pages\/1832\/revisions\/3692"}],"up":[{"embeddable":true,"href":"https:\/\/serr.disabilityrightsca.org\/vi\/wp-json\/wp\/v2\/pages\/321"}],"wp:attachment":[{"href":"https:\/\/serr.disabilityrightsca.org\/vi\/wp-json\/wp\/v2\/media?parent=1832"}],"curies":[{"name":"wp","href":"https:\/\/api.w.org\/{rel}","templated":true}]}}