{"id":1843,"date":"2019-11-21T16:21:03","date_gmt":"2019-11-22T00:21:03","guid":{"rendered":"http:\/\/serr.disabilityrightsca.org\/?page_id=1843"},"modified":"2021-02-01T16:22:25","modified_gmt":"2021-02-02T00:22:25","slug":"1-102-nhung-hoc-sinh-dang-ky-vao-truong-ban-cong-co-quyen-giao-duc-dac-biet-khong","status":"publish","type":"page","link":"https:\/\/serr.disabilityrightsca.org\/vi\/serr-manual\/chuong-1-thong-tin-ve-cac-quyen-co-ba%cc%89n\/1-102-nhung-hoc-sinh-dang-ky-vao-truong-ban-cong-co-quyen-giao-duc-dac-biet-khong\/","title":{"rendered":"(1.102) Nh\u1eefng h\u1ecdc sinh \u0111\u0103ng k\u00fd v\u00e0o tr\u01b0\u1eddng b\u00e1n c\u00f4ng c\u00f3  quy\u1ec1n gi\u00e1o d\u1ee5c \u0111\u1eb7c bi\u1ec7t kh\u00f4ng?"},"content":{"rendered":"\n<p>C\u00f3. Tr\u1ebb khuy\u1ebft t\u1eadt theo h\u1ecdc tr\u01b0\u1eddng b\u00e1n c\u00f4ng c\u00f3 t\u1ea5t c\u1ea3 c\u00e1c quy\u1ec1n gi\u00e1o d\u1ee5c \u0111\u1eb7c bi\u1ec7t c\u00f3 s\u1eb5n theo lu\u1eadt li\u00ean bang v\u00e0 ti\u1ec3u bang. Tr\u01b0\u1eddng b\u00e1n c\u00f4ng ph\u1ea3i tu\u00e2n th\u1ee7 t\u1ea5t c\u1ea3 c\u00e1c quy tr\u00ecnh v\u00e0 y\u00eau c\u1ea7u gi\u00e1o d\u1ee5c \u0111\u1eb7c bi\u1ec7t c\u1ee7a li\u00ean bang v\u00e0 ti\u1ec3u bang, c\u00f3 th\u1ec3 \u0111\u01b0\u1ee3c t\u1ed5 ch\u1ee9c theo m\u1ed9t trong ba c\u00e1ch sau: 1) N\u1ebfu tr\u01b0\u1eddng b\u00e1n c\u00f4ng l\u00e0 m\u1ed9t ph\u1ea7n c\u1ee7a h\u1ecdc khu \u0111\u1ecba ph\u01b0\u01a1ng, h\u1ecdc khu c\u00f3 tr\u00e1ch nhi\u1ec7m cung c\u1ea5p c\u00e1c d\u1ecbch v\u1ee5 gi\u00e1o d\u1ee5c \u0111\u1eb7c bi\u1ec7t v\u00e0 c\u00e1c d\u1ecbch v\u1ee5 li\u00ean quan cho t\u1ea5t c\u1ea3 h\u1ecdc sinh h\u1ed9i \u0111\u1ee7 \u0111i\u1ec1u ki\u1ec7n; 2) N\u1ebfu tr\u01b0\u1eddng b\u00e1n c\u00f4ng ch\u00ednh l\u00e0 h\u1ecdc khu c\u1ee7a m\u00ecnh, tr\u01b0\u1eddng b\u00e1n c\u00f4ng c\u00f3 tr\u00e1ch nhi\u1ec7m cung c\u1ea5p gi\u00e1o d\u1ee5c \u0111\u1eb7c bi\u1ec7t v\u00e0 ph\u1ea3i tu\u00e2n theo t\u1ea5t c\u1ea3 c\u00e1c th\u1ee7 t\u1ee5c v\u00e0 quy ch\u1ebf c\u1ee7a li\u00ean bang v\u00e0 ti\u1ec3u bang; ho\u1eb7c 3) N\u1ebfu kh\u00f4ng ph\u1ea3i l\u00e0 m\u1ed9t ph\u1ea7n c\u1ee7a h\u1ecdc khu c\u0169ng kh\u00f4ng ph\u1ea3i l\u00e0 h\u1ecdc khu c\u1ee7a ch\u00ednh m\u00ecnh, Ti\u1ec3u Bang c\u00f3 tr\u00e1ch nhi\u1ec7m \u0111\u1ea3m b\u1ea3o tr\u01b0\u1eddng b\u00e1n c\u00f4ng \u0111\u00e1p \u1ee9ng t\u1ea5t c\u1ea3 c\u00e1c y\u00eau c\u1ea7u gi\u00e1o d\u1ee5c \u0111\u1eb7c bi\u1ec7t. [34 C.F.R. Sec. 300.209; Cal. Ed. Code Sec. 47646.]<\/p>\n","protected":false},"excerpt":{"rendered":"<p>C\u00f3. Tr\u1ebb khuy\u1ebft t\u1eadt theo h\u1ecdc tr\u01b0\u1eddng b\u00e1n c\u00f4ng c\u00f3 t\u1ea5t c\u1ea3 c\u00e1c quy\u1ec1n gi\u00e1o d\u1ee5c \u0111\u1eb7c bi\u1ec7t c\u00f3 s\u1eb5n theo lu\u1eadt li\u00ean bang v\u00e0&hellip;<\/p>\n","protected":false},"author":1,"featured_media":0,"parent":321,"menu_order":102,"comment_status":"closed","ping_status":"closed","template":"","meta":{"footnotes":""},"class_list":["post-1843","page","type-page","status-publish","hentry"],"_links":{"self":[{"href":"https:\/\/serr.disabilityrightsca.org\/vi\/wp-json\/wp\/v2\/pages\/1843","targetHints":{"allow":["GET"]}}],"collection":[{"href":"https:\/\/serr.disabilityrightsca.org\/vi\/wp-json\/wp\/v2\/pages"}],"about":[{"href":"https:\/\/serr.disabilityrightsca.org\/vi\/wp-json\/wp\/v2\/types\/page"}],"author":[{"embeddable":true,"href":"https:\/\/serr.disabilityrightsca.org\/vi\/wp-json\/wp\/v2\/users\/1"}],"replies":[{"embeddable":true,"href":"https:\/\/serr.disabilityrightsca.org\/vi\/wp-json\/wp\/v2\/comments?post=1843"}],"version-history":[{"count":2,"href":"https:\/\/serr.disabilityrightsca.org\/vi\/wp-json\/wp\/v2\/pages\/1843\/revisions"}],"predecessor-version":[{"id":3698,"href":"https:\/\/serr.disabilityrightsca.org\/vi\/wp-json\/wp\/v2\/pages\/1843\/revisions\/3698"}],"up":[{"embeddable":true,"href":"https:\/\/serr.disabilityrightsca.org\/vi\/wp-json\/wp\/v2\/pages\/321"}],"wp:attachment":[{"href":"https:\/\/serr.disabilityrightsca.org\/vi\/wp-json\/wp\/v2\/media?parent=1843"}],"curies":[{"name":"wp","href":"https:\/\/api.w.org\/{rel}","templated":true}]}}