{"id":2027,"date":"2019-11-22T16:12:00","date_gmt":"2019-11-23T00:12:00","guid":{"rendered":"http:\/\/serr.disabilityrightsca.org\/?page_id=2027"},"modified":"2021-02-07T21:23:47","modified_gmt":"2021-02-08T05:23:47","slug":"6-14-hoc-khu-tien-hanh-dieu-tra-nhu-the-nao","status":"publish","type":"page","link":"https:\/\/serr.disabilityrightsca.org\/vi\/serr-manual\/chuong-6-thong-tin-ve-thu-tuc-phap-ly-tuan-thu\/6-14-hoc-khu-tien-hanh-dieu-tra-nhu-the-nao\/","title":{"rendered":"(6.14) H\u1ecdc khu ti\u1ebfn h\u00e0nh \u0111i\u1ec1u tra nh\u01b0 th\u1ebf n\u00e0o?"},"content":{"rendered":"\n<p>H\u1ecdc khu c\u00f3 60 ng\u00e0y theo l\u1ecbch sau khi nh\u1eadn \u0111\u01b0\u1ee3c khi\u1ebfu n\u1ea1i c\u1ee7a qu\u00fd v\u1ecb \u0111\u1ec3 ho\u00e0n t\u1ea5t \u0111i\u1ec1u tra. Th\u1eddi h\u1ea1n n\u00e0y c\u00f3 th\u1ec3 \u0111\u01b0\u1ee3c gia h\u1ea1n ch\u1ec9 khi qu\u00fd v\u1ecb \u0111\u1ed3ng \u00fd b\u1eb1ng v\u0103n b\u1ea3n. [5 C.C.R. Sec. 4631(a).]<\/p>\n\n\n\n<p>Qu\u00fd v\u1ecb ho\u1eb7c \u0111\u1ea1i di\u1ec7n c\u1ee7a qu\u00fd v\u1ecb, ho\u1eb7c c\u1ea3 hai, v\u00e0 h\u1ecdc khu ph\u1ea3i c\u00f3 c\u01a1 h\u1ed9i tr\u00ecnh b\u00e0y th\u00f4ng tin li\u00ean quan \u0111\u1ebfn khi\u1ebfu n\u1ea1i. T\u00f9y thu\u1ed9c v\u00e0o c\u00e1c ch\u00ednh s\u00e1ch v\u00e0 th\u1ee7 t\u1ee5c c\u1ee7a h\u1ecdc khu, cu\u1ed9c \u0111i\u1ec1u tra c\u00f3 th\u1ec3 bao g\u1ed3m m\u1ed9t ph\u01b0\u01a1ng th\u1ee9c \u0111\u1ec3 qu\u00fd v\u1ecb v\u00e0 nh\u00e2n vi\u00ean h\u1ecdc khu g\u1eb7p nhau v\u00e0 th\u1ea3o lu\u1eadn v\u1ec1 khi\u1ebfu n\u1ea1i ho\u1eb7c \u0111\u1eb7t c\u00e2u h\u1ecfi cho nhau ho\u1eb7c cho c\u00e1c nh\u00e2n ch\u1ee9ng c\u1ee7a m\u1ed7i b\u00ean. [5 C.C.R. Sec. 4631(b).]<\/p>\n\n\n\n<p>Sau khi ho\u00e0n t\u1ea5t \u0111i\u1ec1u tra, h\u1ecdc khu ph\u1ea3i ra quy\u1ebft \u0111\u1ecbnh b\u1eb1ng v\u0103n b\u1ea3n. Quy\u1ebft \u0111\u1ecbnh ph\u1ea3i bao g\u1ed3m nh\u1eefng ph\u00e1t hi\u1ec7n th\u1ef1c t\u1ebf, x\u00e1c \u0111\u1ecbnh vi\u1ec7c h\u1ecdc khu kh\u00f4ng tu\u00e2n th\u1ee7 hay kh\u00f4ng, c\u00e1c h\u00e0nh \u0111\u1ed9ng kh\u1eafc ph\u1ee5c theo y\u00eau c\u1ea7u c\u1ee7a h\u1ecdc khu (n\u1ebfu c\u00f3) v\u00e0 l\u00fd do \u0111\u01b0a ra quy\u1ebft \u0111\u1ecbnh. Quy\u1ebft \u0111\u1ecbnh c\u0169ng ph\u1ea3i bao g\u1ed3m th\u00f4ng b\u00e1o v\u1ec1 quy\u1ec1n kh\u00e1ng c\u00e1o l\u00ean CDE c\u1ee7a qu\u00fd v\u1ecb v\u00e0 c\u00e1c th\u1ee7 t\u1ee5c qu\u00fd v\u1ecb ph\u1ea3i tu\u00e2n theo khi kh\u00e1ng c\u00e1o. [5 C.C.R. Sec. 4631(e).]<\/p>\n","protected":false},"excerpt":{"rendered":"<p>H\u1ecdc khu c\u00f3 60 ng\u00e0y theo l\u1ecbch sau khi nh\u1eadn \u0111\u01b0\u1ee3c khi\u1ebfu n\u1ea1i c\u1ee7a qu\u00fd v\u1ecb \u0111\u1ec3 ho\u00e0n t\u1ea5t \u0111i\u1ec1u tra. Th\u1eddi h\u1ea1n n\u00e0y c\u00f3&hellip;<\/p>\n","protected":false},"author":1,"featured_media":0,"parent":337,"menu_order":14,"comment_status":"closed","ping_status":"closed","template":"","meta":{"footnotes":""},"class_list":["post-2027","page","type-page","status-publish","hentry"],"_links":{"self":[{"href":"https:\/\/serr.disabilityrightsca.org\/vi\/wp-json\/wp\/v2\/pages\/2027","targetHints":{"allow":["GET"]}}],"collection":[{"href":"https:\/\/serr.disabilityrightsca.org\/vi\/wp-json\/wp\/v2\/pages"}],"about":[{"href":"https:\/\/serr.disabilityrightsca.org\/vi\/wp-json\/wp\/v2\/types\/page"}],"author":[{"embeddable":true,"href":"https:\/\/serr.disabilityrightsca.org\/vi\/wp-json\/wp\/v2\/users\/1"}],"replies":[{"embeddable":true,"href":"https:\/\/serr.disabilityrightsca.org\/vi\/wp-json\/wp\/v2\/comments?post=2027"}],"version-history":[{"count":2,"href":"https:\/\/serr.disabilityrightsca.org\/vi\/wp-json\/wp\/v2\/pages\/2027\/revisions"}],"predecessor-version":[{"id":3978,"href":"https:\/\/serr.disabilityrightsca.org\/vi\/wp-json\/wp\/v2\/pages\/2027\/revisions\/3978"}],"up":[{"embeddable":true,"href":"https:\/\/serr.disabilityrightsca.org\/vi\/wp-json\/wp\/v2\/pages\/337"}],"wp:attachment":[{"href":"https:\/\/serr.disabilityrightsca.org\/vi\/wp-json\/wp\/v2\/media?parent=2027"}],"curies":[{"name":"wp","href":"https:\/\/api.w.org\/{rel}","templated":true}]}}