{"id":2033,"date":"2019-11-22T16:14:58","date_gmt":"2019-11-23T00:14:58","guid":{"rendered":"http:\/\/serr.disabilityrightsca.org\/?page_id=2033"},"modified":"2021-02-07T21:27:28","modified_gmt":"2021-02-08T05:27:28","slug":"6-17-toi-co-the-lam-gi-neu-giao-vien-hoac-nhan-vien-khac-lam-ton-thuong-con-toi-ngoai-viec-khoi-kien-dan-su-chong-lai-hoc-khu-hoac-bao-cao-vu-viec-len-co-quan-thuc-thi-phap-luat-thich-hop","status":"publish","type":"page","link":"https:\/\/serr.disabilityrightsca.org\/vi\/serr-manual\/chuong-6-thong-tin-ve-thu-tuc-phap-ly-tuan-thu\/6-17-toi-co-the-lam-gi-neu-giao-vien-hoac-nhan-vien-khac-lam-ton-thuong-con-toi-ngoai-viec-khoi-kien-dan-su-chong-lai-hoc-khu-hoac-bao-cao-vu-viec-len-co-quan-thuc-thi-phap-luat-thich-hop\/","title":{"rendered":"(6.17) T\u00f4i c\u00f3 th\u1ec3 l\u00e0m g\u00ec n\u1ebfu gi\u00e1o vi\u00ean (ho\u1eb7c nh\u00e2n vi\u00ean kh\u00e1c) l\u00e0m t\u1ed5n th\u01b0\u01a1ng con t\u00f4i &#8211; ngo\u00e0i vi\u1ec7c kh\u1edfi ki\u1ec7n d\u00e2n s\u1ef1 ch\u1ed1ng l\u1ea1i h\u1ecdc khu ho\u1eb7c b\u00e1o c\u00e1o v\u1ee5 vi\u1ec7c l\u00ean c\u01a1 quan th\u1ef1c thi ph\u00e1p lu\u1eadt th\u00edch h\u1ee3p?"},"content":{"rendered":"\n<p>N\u1ebfu m\u1ed9t h\u1ecdc sinh ho\u1eb7c nh\u00f3m h\u1ecdc sinh \u1edf trong t\u00ecnh tr\u1ea1ng nguy hi\u1ec3m c\u1ea5p b\u00e1ch v\u1ec1 th\u1ec3 ch\u1ea5t ho\u1eb7c s\u1ee9c kh\u1ecfe, s\u1ef1 an to\u00e0n ho\u1eb7c ph\u00fac l\u1ee3i c\u1ee7a h\u1ecdc sinh ho\u1eb7c nh\u00f3m h\u1ecdc sinh b\u1ecb \u0111e d\u1ecda, qu\u00fd v\u1ecb c\u00f3 th\u1ec3 n\u1ed9p \u0111\u01a1n khi\u1ebfu n\u1ea1i l\u00ean CDE v\u00e0 S\u1edf ph\u1ea3i tr\u1ef1c ti\u1ebfp \u0111i\u1ec1u tra. [5 C.C.R. Secs. 4611(a) &amp; 4650(a)(7)(C).]<\/p>\n","protected":false},"excerpt":{"rendered":"<p>N\u1ebfu m\u1ed9t h\u1ecdc sinh ho\u1eb7c nh\u00f3m h\u1ecdc sinh \u1edf trong t\u00ecnh tr\u1ea1ng nguy hi\u1ec3m c\u1ea5p b\u00e1ch v\u1ec1 th\u1ec3 ch\u1ea5t ho\u1eb7c s\u1ee9c kh\u1ecfe, s\u1ef1 an to\u00e0n&hellip;<\/p>\n","protected":false},"author":1,"featured_media":0,"parent":337,"menu_order":17,"comment_status":"closed","ping_status":"closed","template":"","meta":{"footnotes":""},"class_list":["post-2033","page","type-page","status-publish","hentry"],"_links":{"self":[{"href":"https:\/\/serr.disabilityrightsca.org\/vi\/wp-json\/wp\/v2\/pages\/2033","targetHints":{"allow":["GET"]}}],"collection":[{"href":"https:\/\/serr.disabilityrightsca.org\/vi\/wp-json\/wp\/v2\/pages"}],"about":[{"href":"https:\/\/serr.disabilityrightsca.org\/vi\/wp-json\/wp\/v2\/types\/page"}],"author":[{"embeddable":true,"href":"https:\/\/serr.disabilityrightsca.org\/vi\/wp-json\/wp\/v2\/users\/1"}],"replies":[{"embeddable":true,"href":"https:\/\/serr.disabilityrightsca.org\/vi\/wp-json\/wp\/v2\/comments?post=2033"}],"version-history":[{"count":2,"href":"https:\/\/serr.disabilityrightsca.org\/vi\/wp-json\/wp\/v2\/pages\/2033\/revisions"}],"predecessor-version":[{"id":3982,"href":"https:\/\/serr.disabilityrightsca.org\/vi\/wp-json\/wp\/v2\/pages\/2033\/revisions\/3982"}],"up":[{"embeddable":true,"href":"https:\/\/serr.disabilityrightsca.org\/vi\/wp-json\/wp\/v2\/pages\/337"}],"wp:attachment":[{"href":"https:\/\/serr.disabilityrightsca.org\/vi\/wp-json\/wp\/v2\/media?parent=2033"}],"curies":[{"name":"wp","href":"https:\/\/api.w.org\/{rel}","templated":true}]}}