{"id":2039,"date":"2019-11-22T16:18:26","date_gmt":"2019-11-23T00:18:26","guid":{"rendered":"http:\/\/serr.disabilityrightsca.org\/?page_id=2039"},"modified":"2021-02-07T21:29:58","modified_gmt":"2021-02-08T05:29:58","slug":"6-20-toi-co-the%cc%89-no%cc%a3p-don-khieu-na%cc%a3i-ve-phan-biet-doi-xu-hoac-quay-roi-cho-co-quan-khac-khong","status":"publish","type":"page","link":"https:\/\/serr.disabilityrightsca.org\/vi\/serr-manual\/chuong-6-thong-tin-ve-thu-tuc-phap-ly-tuan-thu\/6-20-toi-co-the%cc%89-no%cc%a3p-don-khieu-na%cc%a3i-ve-phan-biet-doi-xu-hoac-quay-roi-cho-co-quan-khac-khong\/","title":{"rendered":"(6.20) T\u00f4i co\u0301 th\u00ea\u0309 n\u00f4\u0323p \u0111\u01a1n khi\u00ea\u0301u na\u0323i v\u1ec1 ph\u00e2n bi\u1ec7t \u0111\u1ed1i x\u1eed ho\u1eb7c qu\u1ea5y r\u1ed1i cho c\u01a1 quan kha\u0301c kh\u00f4ng?"},"content":{"rendered":"\n<p>C\u00f3. N\u1ebfu khi\u1ebfu n\u1ea1i c\u1ee7a qu\u00fd v\u1ecb li\u00ean quan \u0111\u1ebfn v\u1ea5n \u0111\u1ec1 ph\u00e2n bi\u1ec7t \u0111\u1ed1i x\u1eed d\u1ef1a tr\u00ean t\u00ecnh tr\u1ea1ng khuy\u1ebft t\u1eadt ho\u1eb7c qu\u1ea5y r\u1ed1i d\u1ef1a tr\u00ean t\u00ecnh tr\u1ea1ng khuy\u1ebft t\u1eadt, qu\u00fd v\u1ecb c\u00f3 th\u1ec3 n\u1ed9p \u0111\u01a1n khi\u1ebfu n\u1ea1i l\u00ean B\u1ed9 Gi\u00e1o D\u1ee5c Hoa K\u1ef3 (U.S. Department of Education), V\u0103n Ph\u00f2ng D\u00e2n Quy\u1ec1n (Office for Civil Rights, OCR) theo M\u1ee5c 504 c\u1ee7a \u0110\u1ea1o Lu\u1eadt Ph\u1ee5c H\u1ed3i Ch\u1ee9c N\u0103ng n\u0103m 1973. [Sec. 504 OSEP letter 29 U.S.C. Sec. 794; Dear Colleagues Letter, 64 IDELR 115, (OCR 2014).]<\/p>\n","protected":false},"excerpt":{"rendered":"<p>C\u00f3. N\u1ebfu khi\u1ebfu n\u1ea1i c\u1ee7a qu\u00fd v\u1ecb li\u00ean quan \u0111\u1ebfn v\u1ea5n \u0111\u1ec1 ph\u00e2n bi\u1ec7t \u0111\u1ed1i x\u1eed d\u1ef1a tr\u00ean t\u00ecnh tr\u1ea1ng khuy\u1ebft t\u1eadt ho\u1eb7c qu\u1ea5y r\u1ed1i&hellip;<\/p>\n","protected":false},"author":1,"featured_media":0,"parent":337,"menu_order":20,"comment_status":"closed","ping_status":"closed","template":"","meta":{"footnotes":""},"class_list":["post-2039","page","type-page","status-publish","hentry"],"_links":{"self":[{"href":"https:\/\/serr.disabilityrightsca.org\/vi\/wp-json\/wp\/v2\/pages\/2039","targetHints":{"allow":["GET"]}}],"collection":[{"href":"https:\/\/serr.disabilityrightsca.org\/vi\/wp-json\/wp\/v2\/pages"}],"about":[{"href":"https:\/\/serr.disabilityrightsca.org\/vi\/wp-json\/wp\/v2\/types\/page"}],"author":[{"embeddable":true,"href":"https:\/\/serr.disabilityrightsca.org\/vi\/wp-json\/wp\/v2\/users\/1"}],"replies":[{"embeddable":true,"href":"https:\/\/serr.disabilityrightsca.org\/vi\/wp-json\/wp\/v2\/comments?post=2039"}],"version-history":[{"count":2,"href":"https:\/\/serr.disabilityrightsca.org\/vi\/wp-json\/wp\/v2\/pages\/2039\/revisions"}],"predecessor-version":[{"id":3985,"href":"https:\/\/serr.disabilityrightsca.org\/vi\/wp-json\/wp\/v2\/pages\/2039\/revisions\/3985"}],"up":[{"embeddable":true,"href":"https:\/\/serr.disabilityrightsca.org\/vi\/wp-json\/wp\/v2\/pages\/337"}],"wp:attachment":[{"href":"https:\/\/serr.disabilityrightsca.org\/vi\/wp-json\/wp\/v2\/media?parent=2039"}],"curies":[{"name":"wp","href":"https:\/\/api.w.org\/{rel}","templated":true}]}}