{"id":2052,"date":"2019-11-22T16:29:29","date_gmt":"2019-11-23T00:29:29","guid":{"rendered":"http:\/\/serr.disabilityrightsca.org\/?page_id=2052"},"modified":"2021-02-07T21:34:32","modified_gmt":"2021-02-08T05:34:32","slug":"6-25-neu-hoc-khu-va-toi-bat-dong-ve-cac-thay-doi-de-xuat-cho-chuong-trinh-giao-duc-dac-biet-cua-con-toi-hoc-khu-co-phai-gui-cho-toi-thong-bao-truoc-khi-toi-nop-don-xin-dieu-tran-theo-thu-tuc-phap-l","status":"publish","type":"page","link":"https:\/\/serr.disabilityrightsca.org\/vi\/serr-manual\/chuong-6-thong-tin-ve-thu-tuc-phap-ly-tuan-thu\/6-25-neu-hoc-khu-va-toi-bat-dong-ve-cac-thay-doi-de-xuat-cho-chuong-trinh-giao-duc-dac-biet-cua-con-toi-hoc-khu-co-phai-gui-cho-toi-thong-bao-truoc-khi-toi-nop-don-xin-dieu-tran-theo-thu-tuc-phap-l\/","title":{"rendered":"(6.25) N\u1ebfu h\u1ecdc khu v\u00e0 t\u00f4i b\u1ea5t \u0111\u1ed3ng v\u1ec1 c\u00e1c thay \u0111\u1ed5i \u0111\u1ec1 xu\u1ea5t cho ch\u01b0\u01a1ng tr\u00ecnh gi\u00e1o d\u1ee5c \u0111\u1eb7c bi\u1ec7t c\u1ee7a con t\u00f4i, h\u1ecdc khu c\u00f3 ph\u1ea3i g\u1eedi cho t\u00f4i th\u00f4ng b\u00e1o tr\u01b0\u1edbc khi t\u00f4i n\u1ed9p \u0111\u01a1n xin \u0111i\u1ec1u tr\u1ea7n theo th\u1ee7 t\u1ee5c ph\u00e1p l\u00fd kh\u00f4ng?"},"content":{"rendered":"\n<p>B\u01b0\u1edbc \u0111\u1ea7u ti\u00ean quan tr\u1ecdng \u0111\u1ed1i v\u1edbi th\u1ee7 t\u1ee5c ph\u00e1p l\u00fd l\u00e0 th\u00f4ng b\u00e1o \u0111\u1ea7y \u0111\u1ee7 t\u1eeb h\u1ecdc khu v\u1ec1 ch\u00ednh x\u00e1c nh\u1eefng g\u00ec h\u1ecdc khu \u0111ang \u0111\u1ec1 xu\u1ea5t ho\u1eb7c t\u1eeb ch\u1ed1i l\u00e0m c\u00f9ng v\u1edbi l\u00fd do. \u0110\u00e2y \u0111\u01b0\u1ee3c g\u1ecdi l\u00e0 \u201cth\u00f4ng b\u00e1o tr\u01b0\u1edbc b\u1eb1ng v\u0103n b\u1ea3n.\u201d B\u1ea5t c\u1ee9 khi n\u00e0o h\u1ecdc khu \u0111\u1ec1 xu\u1ea5t ho\u1eb7c t\u1eeb ch\u1ed1i th\u1ef1c hi\u1ec7n ho\u1eb7c thay \u0111\u1ed5i vi\u1ec7c x\u00e1c \u0111\u1ecbnh, \u0111\u00e1nh gi\u00e1, s\u1eafp x\u1ebfp gi\u00e1o d\u1ee5c cho h\u1ecdc sinh ho\u1eb7c cung c\u1ea5p gi\u00e1o d\u1ee5c c\u00f4ng mi\u1ec5n ph\u00ed v\u00e0 ph\u00f9 h\u1ee3p (FAPE), th\u00ec ph\u1ea3i g\u1eedi cho qu\u00fd v\u1ecb th\u00f4ng b\u00e1o b\u1eb1ng v\u0103n b\u1ea3n trong \u201cth\u1eddi gian h\u1ee3p l\u00fd\u201d tr\u01b0\u1edbc khi \u0111\u1ec1 xu\u1ea5t ho\u1eb7c t\u1eeb ch\u1ed1i:<\/p>\n\n\n\n<p>(1) Thay \u0111\u1ed5i danh m\u1ee5c h\u1ed9i \u0111\u1ee7 \u0111i\u1ec1u ki\u1ec7n nh\u1eadn gi\u00e1o d\u1ee5c \u0111\u1eb7c bi\u1ec7t c\u1ee7a con qu\u00fd v\u1ecb (v\u00ed d\u1ee5: khuy\u1ebft t\u1eadt h\u1ecdc t\u1eadp) bao g\u1ed3m vi\u1ec7c x\u00e1c \u0111\u1ecbnh tr\u1ebb kh\u00f4ng h\u1ed9i \u0111\u1ee7 \u0111i\u1ec1u ki\u1ec7n nh\u1eadn gi\u00e1o d\u1ee5c \u0111\u1eb7c bi\u1ec7t;<\/p>\n\n\n\n<p>&nbsp;&nbsp;&nbsp;&nbsp;&nbsp;&nbsp;&nbsp;&nbsp;&nbsp;&nbsp;&nbsp;&nbsp;&nbsp;&nbsp; (2)&nbsp; Ti\u1ebfn h\u00e0nh ho\u1eb7c thay \u0111\u1ed5i \u0111\u00e1nh gi\u00e1 con c\u1ee7a qu\u00fd v\u1ecb;<\/p>\n\n\n\n<p>&nbsp;&nbsp;&nbsp;&nbsp;&nbsp;&nbsp;&nbsp;&nbsp;&nbsp;&nbsp; (3)&nbsp; Thay \u0111\u1ed5i vi\u1ec7c s\u1eafp x\u1ebfp gi\u00e1o d\u1ee5c cho con c\u1ee7a qu\u00fd v\u1ecb; v\u00e0<\/p>\n\n\n\n<p>&nbsp;&nbsp;&nbsp;&nbsp;&nbsp;&nbsp;&nbsp;&nbsp;&nbsp;&nbsp; (4)&nbsp; Thay \u0111\u1ed5i m\u1ed9t ph\u1ea7n n\u1ed9i dung IEP c\u1ee7a con qu\u00fd v\u1ecb.&nbsp;<\/p>\n\n\n\n<p>&nbsp;&nbsp;&nbsp;&nbsp;&nbsp;&nbsp;&nbsp;&nbsp;&nbsp;&nbsp; [34 C.F.R. Sec. 300,503(a).]<\/p>\n","protected":false},"excerpt":{"rendered":"<p>B\u01b0\u1edbc \u0111\u1ea7u ti\u00ean quan tr\u1ecdng \u0111\u1ed1i v\u1edbi th\u1ee7 t\u1ee5c ph\u00e1p l\u00fd l\u00e0 th\u00f4ng b\u00e1o \u0111\u1ea7y \u0111\u1ee7 t\u1eeb h\u1ecdc khu v\u1ec1 ch\u00ednh x\u00e1c nh\u1eefng g\u00ec h\u1ecdc&hellip;<\/p>\n","protected":false},"author":1,"featured_media":0,"parent":337,"menu_order":25,"comment_status":"closed","ping_status":"closed","template":"","meta":{"footnotes":""},"class_list":["post-2052","page","type-page","status-publish","hentry"],"_links":{"self":[{"href":"https:\/\/serr.disabilityrightsca.org\/vi\/wp-json\/wp\/v2\/pages\/2052","targetHints":{"allow":["GET"]}}],"collection":[{"href":"https:\/\/serr.disabilityrightsca.org\/vi\/wp-json\/wp\/v2\/pages"}],"about":[{"href":"https:\/\/serr.disabilityrightsca.org\/vi\/wp-json\/wp\/v2\/types\/page"}],"author":[{"embeddable":true,"href":"https:\/\/serr.disabilityrightsca.org\/vi\/wp-json\/wp\/v2\/users\/1"}],"replies":[{"embeddable":true,"href":"https:\/\/serr.disabilityrightsca.org\/vi\/wp-json\/wp\/v2\/comments?post=2052"}],"version-history":[{"count":2,"href":"https:\/\/serr.disabilityrightsca.org\/vi\/wp-json\/wp\/v2\/pages\/2052\/revisions"}],"predecessor-version":[{"id":3990,"href":"https:\/\/serr.disabilityrightsca.org\/vi\/wp-json\/wp\/v2\/pages\/2052\/revisions\/3990"}],"up":[{"embeddable":true,"href":"https:\/\/serr.disabilityrightsca.org\/vi\/wp-json\/wp\/v2\/pages\/337"}],"wp:attachment":[{"href":"https:\/\/serr.disabilityrightsca.org\/vi\/wp-json\/wp\/v2\/media?parent=2052"}],"curies":[{"name":"wp","href":"https:\/\/api.w.org\/{rel}","templated":true}]}}