{"id":2054,"date":"2019-11-22T16:35:12","date_gmt":"2019-11-23T00:35:12","guid":{"rendered":"http:\/\/serr.disabilityrightsca.org\/?page_id=2054"},"modified":"2021-02-07T21:35:30","modified_gmt":"2021-02-08T05:35:30","slug":"6-26-hoc-khu-nen-dua-thong-tin-gi-vao-thong-bao-nay","status":"publish","type":"page","link":"https:\/\/serr.disabilityrightsca.org\/vi\/serr-manual\/chuong-6-thong-tin-ve-thu-tuc-phap-ly-tuan-thu\/6-26-hoc-khu-nen-dua-thong-tin-gi-vao-thong-bao-nay\/","title":{"rendered":"(6.26) H\u1ecdc khu n\u00ean \u0111\u01b0a th\u00f4ng tin g\u00ec v\u00e0o th\u00f4ng b\u00e1o n\u00e0y?"},"content":{"rendered":"\n<p>Th\u00f4ng b\u00e1o tr\u01b0\u1edbc b\u1eb1ng v\u0103n b\u1ea3n ph\u1ea3i bao g\u1ed3m t\u1ea5t c\u1ea3 n\u1ed9i dung sau:<\/p>\n\n\n\n<ul class=\"wp-block-list\"><li>Gi\u1ea3i th\u00edch \u0111\u1ea7y \u0111\u1ee7 t\u1ea5t c\u1ea3 c\u00e1c quy\u1ec1n th\u1ef1c hi\u1ec7n th\u1ee7 t\u1ee5c ph\u00e1p l\u00fd d\u00e0nh cho h\u1ecdc sinh, bao g\u1ed3m quy\u1ec1n theo \u0111u\u1ed5i th\u1ee7 t\u1ee5c ph\u00e1p l\u00fd v\u00e0 quy\u1ec1n \u0111\u01b0\u1ee3c b\u1ea3o m\u1eadt th\u00f4ng tin nh\u01b0 n\u00eau r\u00f5 trong c\u00e1c quy \u0111\u1ecbnh v\u1ec1 gi\u00e1o d\u1ee5c \u0111\u1eb7c bi\u1ec7t c\u1ee7a li\u00ean bang;<\/li><\/ul>\n\n\n\n<ul class=\"wp-block-list\"><li>M\u00f4 t\u1ea3 h\u00e0nh \u0111\u1ed9ng h\u1ecdc khu \u0111\u1ec1 xu\u1ea5t ho\u1eb7c t\u1eeb ch\u1ed1i, gi\u1ea3i th\u00edch t\u1ea1i sao h\u1ecdc khu \u0111\u1ec1 xu\u1ea5t hay t\u1eeb ch\u1ed1i th\u1ef1c hi\u1ec7n h\u00e0nh \u0111\u1ed9ng \u0111\u00f3, v\u00e0 m\u00f4 t\u1ea3 b\u1ea5t k\u1ef3 ph\u01b0\u01a1ng \u00e1n n\u00e0o \u0111\u01b0\u1ee3c h\u1ecdc khu xem x\u00e9t v\u00e0 l\u00fd do t\u1ea1i sao c\u00e1c ph\u01b0\u01a1ng \u00e1n \u0111\u00f3 b\u1ecb t\u1eeb ch\u1ed1i;<\/li><\/ul>\n\n\n\n<ul class=\"wp-block-list\"><li>M\u00f4 t\u1ea3 t\u1eebng quy tr\u00ecnh \u0111\u00e1nh gi\u00e1, ki\u1ec3m tra, h\u1ed3 s\u01a1 ho\u1eb7c b\u00e1o c\u00e1o m\u00e0<\/li><\/ul>\n\n\n\n<p>h\u1ecdc khu \u0111\u00e3 s\u1eed d\u1ee5ng l\u00e0m c\u01a1 s\u1edf cho h\u00e0nh \u0111\u1ed9ng \u0111\u01b0\u1ee3c \u0111\u1ec1 xu\u1ea5t ho\u1eb7c t\u1eeb ch\u1ed1i;<\/p>\n\n\n\n<ul class=\"wp-block-list\"><li>M\u00f4 t\u1ea3 b\u1ea5t k\u1ef3 y\u1ebfu t\u1ed1 n\u00e0o kh\u00e1c li\u00ean quan \u0111\u1ebfn \u0111\u1ec1 xu\u1ea5t ho\u1eb7c t\u1eeb<\/li><\/ul>\n\n\n\n<p>ch\u1ed1i c\u1ee7a h\u1ecdc khu; v\u00e0<\/p>\n\n\n\n<ul class=\"wp-block-list\"><li>Tuy\u00ean b\u1ed1 r\u1eb1ng ph\u1ee5 huynh c\u00f3 c\u00e1c quy\u1ec1n nh\u1ea5t \u0111\u1ecbnh v\u00e0 c\u00e1ch<\/li><\/ul>\n\n\n\n<p>ph\u1ee5 huynh c\u00f3 th\u1ec3 c\u00f3 \u0111\u01b0\u1ee3c b\u1ea3n m\u00f4 t\u1ea3 c\u00e1c quy\u1ec1n \u0111\u00f3 b\u1eb1ng v\u0103n b\u1ea3n.<\/p>\n\n\n\n<p>(6)&nbsp; Th\u00f4ng b\u00e1o ph\u1ea3i \u0111\u01b0\u1ee3c vi\u1ebft b\u1eb1ng ng\u00f4n ng\u1eef d\u1ec5 hi\u1ec3u \u0111\u1ed1i v\u1edbi c\u00f4ng ch\u00fang v\u00e0 \u0111\u01b0\u1ee3c cung c\u1ea5p b\u1eb1ng ng\u00f4n ng\u1eef b\u1ea3n \u0111\u1ecba ho\u1eb7c ph\u01b0\u01a1ng th\u1ee9c giao ti\u1ebfp kh\u00e1c c\u1ee7a ph\u1ee5 huynh, tr\u1eeb khi r\u00f5 r\u00e0ng kh\u00f4ng kh\u1ea3 thi \u0111\u1ec3 l\u00e0m \u0111i\u1ec1u \u0111\u00f3.<\/p>\n\n\n\n<p>[20 U.S.C. Sec. 1415(c); 34 C.F.R. Sec. 300.503(b) &amp; (c).]<\/p>\n\n\n\n<p>Th\u00f4ng tin trong th\u00f4ng b\u00e1o b\u1eb1ng v\u0103n b\u1ea3n l\u00e0 r\u1ea5t quan tr\u1ecdng \u0111\u1ec3 ph\u1ee5 huynh \u0111\u01b0a ra quy\u1ebft \u0111\u1ecbnh th\u00f4ng minh v\u00e0 c\u00f3 hi\u1ec3u bi\u1ebft. Trong <em>Union School District v. B. Smith<\/em>, 15 F.3d 1519, 1526 (9th Cir. 1994), m\u1ed9t t\u00f2a \u00e1n ph\u00fac th\u1ea9m li\u00ean bang \u0111\u00e3 ph\u00e1n quy\u1ebft r\u1eb1ng vi\u1ec7c cung c\u1ea5p th\u00f4ng b\u00e1o kh\u00f4ng ch\u1ec9 l\u00e0 y\u00eau c\u1ea7u k\u1ef9 thu\u1eadt m\u00e0 c\u00f2n l\u00e0 c\u00e1c quy\u1ec1n th\u1ef1c ch\u1ea5t, v\u00e0 ng\u0103n h\u1ecdc khu kh\u00f4ng th\u1ec3 tranh lu\u1eadn v\u1ec1 s\u1ef1 ph\u00f9 h\u1ee3p c\u1ee7a vi\u1ec7c x\u1ebfp l\u1edbp \u0111\u00e3 \u0111\u01b0\u1ee3c h\u1ecdc khu \u0111\u1ec1 xu\u1ea5t b\u1eb1ng mi\u1ec7ng v\u00e0 b\u1ecb ph\u1ee5 huynh t\u1eeb ch\u1ed1i, nh\u01b0ng ch\u01b0a bao gi\u1edd \u0111\u01b0\u1ee3c ch\u00ednh th\u1ee9c \u0111\u1ec1 xu\u1ea5t b\u1eb1ng v\u0103n b\u1ea3n cho ph\u1ee5 huynh theo y\u00eau c\u1ea7u th\u00f4ng b\u00e1o b\u1eb1ng v\u0103n b\u1ea3n \u0111\u01b0\u1ee3c m\u00f4 t\u1ea3 \u1edf tr\u00ean.<\/p>\n","protected":false},"excerpt":{"rendered":"<p>Th\u00f4ng b\u00e1o tr\u01b0\u1edbc b\u1eb1ng v\u0103n b\u1ea3n ph\u1ea3i bao g\u1ed3m t\u1ea5t c\u1ea3 n\u1ed9i dung sau: Gi\u1ea3i th\u00edch \u0111\u1ea7y \u0111\u1ee7 t\u1ea5t c\u1ea3 c\u00e1c quy\u1ec1n th\u1ef1c hi\u1ec7n th\u1ee7&hellip;<\/p>\n","protected":false},"author":1,"featured_media":0,"parent":337,"menu_order":26,"comment_status":"closed","ping_status":"closed","template":"","meta":{"footnotes":""},"class_list":["post-2054","page","type-page","status-publish","hentry"],"_links":{"self":[{"href":"https:\/\/serr.disabilityrightsca.org\/vi\/wp-json\/wp\/v2\/pages\/2054","targetHints":{"allow":["GET"]}}],"collection":[{"href":"https:\/\/serr.disabilityrightsca.org\/vi\/wp-json\/wp\/v2\/pages"}],"about":[{"href":"https:\/\/serr.disabilityrightsca.org\/vi\/wp-json\/wp\/v2\/types\/page"}],"author":[{"embeddable":true,"href":"https:\/\/serr.disabilityrightsca.org\/vi\/wp-json\/wp\/v2\/users\/1"}],"replies":[{"embeddable":true,"href":"https:\/\/serr.disabilityrightsca.org\/vi\/wp-json\/wp\/v2\/comments?post=2054"}],"version-history":[{"count":2,"href":"https:\/\/serr.disabilityrightsca.org\/vi\/wp-json\/wp\/v2\/pages\/2054\/revisions"}],"predecessor-version":[{"id":3991,"href":"https:\/\/serr.disabilityrightsca.org\/vi\/wp-json\/wp\/v2\/pages\/2054\/revisions\/3991"}],"up":[{"embeddable":true,"href":"https:\/\/serr.disabilityrightsca.org\/vi\/wp-json\/wp\/v2\/pages\/337"}],"wp:attachment":[{"href":"https:\/\/serr.disabilityrightsca.org\/vi\/wp-json\/wp\/v2\/media?parent=2054"}],"curies":[{"name":"wp","href":"https:\/\/api.w.org\/{rel}","templated":true}]}}